{"id":55129,"date":"2024-09-20T12:13:59","date_gmt":"2024-09-20T12:13:59","guid":{"rendered":"https:\/\/maisonheavenly.com\/?post_type=product&#038;p=55129"},"modified":"2024-09-20T12:19:16","modified_gmt":"2024-09-20T12:19:16","slug":"celgm22-bpg-co-go-m","status":"publish","type":"product","link":"https:\/\/maisonheavenly.com\/fr\/produit\/celgm22-bpg-co-go-m\/","title":{"rendered":"CELEST BRACELET GM"},"content":{"rendered":"<p>Le motif du bracelet Celest, enti\u00e8rement en or rose, exprime la force d&#8217;une union unique.<\/p>\n<p>La vibration du 3, le nombre sacr\u00e9 du dialogue et du mouvement, orne \u00e9l\u00e9gamment le poignet.<\/p>\n<p>Intemporel et \u00e9l\u00e9gant, le bracelet Celest avec son cordon s&#8217;adapte \u00e0 tous les styles.<\/p>\n<p><strong> Taille du motif<br \/>\n<\/strong>Longueur : 15 mm<br \/>\nLargeur : 7,5 mm<\/p>\n<p><strong>Longueur de la cha\u00eene : <\/strong>22-25 cm<\/p>\n<p><strong>Pierres : <\/strong>16<\/p>\n<p><strong>Poids carats :<\/strong> 0,15 ct<\/p>\n<p><em>Toutes les cr\u00e9ations de Maison Heavenly sont enregistr\u00e9es, num\u00e9rot\u00e9es individuellement et uniques : le poids de l&#8217;or, le poids des pierres et la taille des pierres peuvent l\u00e9g\u00e8rement varier d&#8217;une cr\u00e9ation \u00e0 l&#8217;autre.<\/em><\/p>\n","protected":false},"excerpt":{"rendered":"<p>Or rose recycl\u00e9 750\/1000<br \/>\nDiamants<\/p>\n","protected":false},"featured_media":53380,"comment_status":"open","ping_status":"closed","template":"","meta":[],"product_brand":[],"product_cat":[208],"product_tag":[],"class_list":{"0":"post-55129","1":"product","2":"type-product","3":"status-publish","4":"has-post-thumbnail","6":"product_cat-pour-lui","9":"first","10":"instock","11":"taxable","12":"shipping-taxable","13":"purchasable","14":"product-type-variable"},"_links":{"self":[{"href":"https:\/\/maisonheavenly.com\/fr\/wp-json\/wp\/v2\/product\/55129","targetHints":{"allow":["GET"]}}],"collection":[{"href":"https:\/\/maisonheavenly.com\/fr\/wp-json\/wp\/v2\/product"}],"about":[{"href":"https:\/\/maisonheavenly.com\/fr\/wp-json\/wp\/v2\/types\/product"}],"replies":[{"embeddable":true,"href":"https:\/\/maisonheavenly.com\/fr\/wp-json\/wp\/v2\/comments?post=55129"}],"wp:featuredmedia":[{"embeddable":true,"href":"https:\/\/maisonheavenly.com\/fr\/wp-json\/wp\/v2\/media\/53380"}],"wp:attachment":[{"href":"https:\/\/maisonheavenly.com\/fr\/wp-json\/wp\/v2\/media?parent=55129"}],"wp:term":[{"taxonomy":"product_brand","embeddable":true,"href":"https:\/\/maisonheavenly.com\/fr\/wp-json\/wp\/v2\/product_brand?post=55129"},{"taxonomy":"product_cat","embeddable":true,"href":"https:\/\/maisonheavenly.com\/fr\/wp-json\/wp\/v2\/product_cat?post=55129"},{"taxonomy":"product_tag","embeddable":true,"href":"https:\/\/maisonheavenly.com\/fr\/wp-json\/wp\/v2\/product_tag?post=55129"}],"curies":[{"name":"wp","href":"https:\/\/api.w.org\/{rel}","templated":true}]}}