{"id":55120,"date":"2024-09-20T12:11:17","date_gmt":"2024-09-20T12:11:17","guid":{"rendered":"https:\/\/maisonheavenly.com\/?post_type=product&#038;p=55120"},"modified":"2024-09-20T12:19:38","modified_gmt":"2024-09-20T12:19:38","slug":"celgm24-npg-ch-go-m","status":"publish","type":"product","link":"https:\/\/maisonheavenly.com\/fr\/produit\/celgm24-npg-ch-go-m\/","title":{"rendered":"CELEST PENDENTIF GM"},"content":{"rendered":"<p>Le design CELEST en or rose, accentu\u00e9 par une ligne de diamants, symbolise la force d\u2019une union unique.<\/p>\n<p>Cette cr\u00e9ation incarne la symbolique sacr\u00e9e du chiffre 3, o\u00f9 le mouvement est empreint de romantisme et de sensibilit\u00e9.<\/p>\n<p>Le motif glisse sans effort le long de la cha\u00eene, repr\u00e9sentant le dialogue fluide et le mouvement continu de la vie.<\/p>\n<p>La teinte chaleureuse de l\u2019or rose ajoute une touche de douceur et d\u2019\u00e9l\u00e9gance \u00e0 la pi\u00e8ce.<\/p>\n<p>Intemporel et polyvalent, ce pendentif sublime toute tenue avec son charme enchanteur et son design raffin\u00e9.<\/p>\n<p>CELGM24.NPG.CH.GO<\/p>\n<p><strong>Taille du motif\u00a0<\/strong><br \/>\nLongueur : 15 mm<br \/>\nLargeur : 7,5 mm<\/p>\n<p><strong>Longueur de la cha\u00eene : <\/strong>45-42-40-38 cm<\/p>\n<p><strong>Pierres :<\/strong> 17<\/p>\n<p><strong>Poids en carats : <\/strong>0,15 ct<\/p>\n<p><em>Toutes les cr\u00e9ations de la Maison Heavenly sont enregistr\u00e9es, num\u00e9rot\u00e9es individuellement et uniques : le poids de l\u2019or, le caratage et la taille des pierres peuvent l\u00e9g\u00e8rement varier d\u2019une pi\u00e8ce \u00e0 l\u2019autre.<\/em><\/p>\n","protected":false},"excerpt":{"rendered":"<p>Or rose recycl\u00e9 750\/1000<br \/>\nOr rose &#8211; Diamants<\/p>\n","protected":false},"featured_media":53779,"comment_status":"open","ping_status":"closed","template":"","meta":[],"product_brand":[],"product_cat":[208],"product_tag":[],"class_list":{"0":"post-55120","1":"product","2":"type-product","3":"status-publish","4":"has-post-thumbnail","6":"product_cat-pour-lui","9":"first","10":"instock","11":"taxable","12":"shipping-taxable","13":"purchasable","14":"product-type-simple"},"_links":{"self":[{"href":"https:\/\/maisonheavenly.com\/fr\/wp-json\/wp\/v2\/product\/55120","targetHints":{"allow":["GET"]}}],"collection":[{"href":"https:\/\/maisonheavenly.com\/fr\/wp-json\/wp\/v2\/product"}],"about":[{"href":"https:\/\/maisonheavenly.com\/fr\/wp-json\/wp\/v2\/types\/product"}],"replies":[{"embeddable":true,"href":"https:\/\/maisonheavenly.com\/fr\/wp-json\/wp\/v2\/comments?post=55120"}],"wp:featuredmedia":[{"embeddable":true,"href":"https:\/\/maisonheavenly.com\/fr\/wp-json\/wp\/v2\/media\/53779"}],"wp:attachment":[{"href":"https:\/\/maisonheavenly.com\/fr\/wp-json\/wp\/v2\/media?parent=55120"}],"wp:term":[{"taxonomy":"product_brand","embeddable":true,"href":"https:\/\/maisonheavenly.com\/fr\/wp-json\/wp\/v2\/product_brand?post=55120"},{"taxonomy":"product_cat","embeddable":true,"href":"https:\/\/maisonheavenly.com\/fr\/wp-json\/wp\/v2\/product_cat?post=55120"},{"taxonomy":"product_tag","embeddable":true,"href":"https:\/\/maisonheavenly.com\/fr\/wp-json\/wp\/v2\/product_tag?post=55120"}],"curies":[{"name":"wp","href":"https:\/\/api.w.org\/{rel}","templated":true}]}}