{"id":55102,"date":"2024-09-20T11:51:57","date_gmt":"2024-09-20T11:51:57","guid":{"rendered":"https:\/\/maisonheavenly.com\/?post_type=product&#038;p=55102"},"modified":"2024-09-20T12:22:44","modified_gmt":"2024-09-20T12:22:44","slug":"metxl22-npg-ch-tu-m","status":"publish","type":"product","link":"https:\/\/maisonheavenly.com\/fr\/produit\/metxl22-npg-ch-tu-m\/","title":{"rendered":"METEOR SAUTOIR"},"content":{"rendered":"<p>L\u2019\u00e9meraude allong\u00e9e du collier METEOR refl\u00e8te l\u2019essence de l\u2019\u00eatre, symbolis\u00e9e par le nombre 5, figure universelle de l\u2019humanit\u00e9.<\/p>\n<p>Suspendu \u00e0 une ligne de diamants et d\u2019or rose, le turquoise repr\u00e9sente l\u2019alliance du ciel et de la mer. Il est \u00e9galement appr\u00e9ci\u00e9 pour sa capacit\u00e9 \u00e0 transformer les tensions en \u00e9nergie positive.<\/p>\n<p>Gr\u00e2ce \u00e0 cette pierre de sagesse, le collier METEOR indique le d\u00e9sir d\u2019\u00e9lever son \u00eatre et de connecter son moi int\u00e9rieur au monde entier.<\/p>\n<p>Sa taille spectaculaire et son bleu brillant sont magnifiquement rehauss\u00e9s par l\u2019or rose et les diamants.<\/p>\n<p>Intemporel et embl\u00e9matique, le collier METEOR s\u2019adapte \u00e0 tous les styles vestimentaires.<\/p>\n<p>METXL22.NPG.CH.TU<\/p>\n<p><strong>Taille du motif<br \/>\n<\/strong>Longueur : 40mm<br \/>\nLargeur : 10mm<\/p>\n<p><strong>Longueur de la cha\u00eene : <\/strong>60-55-50-42cm<\/p>\n<p><strong>Pierres :<\/strong> 5 diamants<\/p>\n<p><strong>Poids carats<\/strong> : 0,17ct<\/p>\n<p><em>Toutes les cr\u00e9ations de Maison Heavenly sont enregistr\u00e9es, num\u00e9rot\u00e9es individuellement et uniques : le poids de l\u2019or, le poids en carats et la taille des pierres peuvent varier l\u00e9g\u00e8rement d\u2019une cr\u00e9ation \u00e0 l\u2019autre.<\/em><\/p>\n<p>&nbsp;<\/p>\n","protected":false},"excerpt":{"rendered":"<p>Or rose recycl\u00e9 750\/1000<br \/>\nTurquoise &#8211; Diamants<\/p>\n","protected":false},"featured_media":53312,"comment_status":"open","ping_status":"closed","template":"","meta":[],"product_brand":[],"product_cat":[208],"product_tag":[],"class_list":{"0":"post-55102","1":"product","2":"type-product","3":"status-publish","4":"has-post-thumbnail","6":"product_cat-pour-lui","9":"first","10":"instock","11":"taxable","12":"shipping-taxable","13":"purchasable","14":"product-type-simple"},"_links":{"self":[{"href":"https:\/\/maisonheavenly.com\/fr\/wp-json\/wp\/v2\/product\/55102","targetHints":{"allow":["GET"]}}],"collection":[{"href":"https:\/\/maisonheavenly.com\/fr\/wp-json\/wp\/v2\/product"}],"about":[{"href":"https:\/\/maisonheavenly.com\/fr\/wp-json\/wp\/v2\/types\/product"}],"replies":[{"embeddable":true,"href":"https:\/\/maisonheavenly.com\/fr\/wp-json\/wp\/v2\/comments?post=55102"}],"wp:featuredmedia":[{"embeddable":true,"href":"https:\/\/maisonheavenly.com\/fr\/wp-json\/wp\/v2\/media\/53312"}],"wp:attachment":[{"href":"https:\/\/maisonheavenly.com\/fr\/wp-json\/wp\/v2\/media?parent=55102"}],"wp:term":[{"taxonomy":"product_brand","embeddable":true,"href":"https:\/\/maisonheavenly.com\/fr\/wp-json\/wp\/v2\/product_brand?post=55102"},{"taxonomy":"product_cat","embeddable":true,"href":"https:\/\/maisonheavenly.com\/fr\/wp-json\/wp\/v2\/product_cat?post=55102"},{"taxonomy":"product_tag","embeddable":true,"href":"https:\/\/maisonheavenly.com\/fr\/wp-json\/wp\/v2\/product_tag?post=55102"}],"curies":[{"name":"wp","href":"https:\/\/api.w.org\/{rel}","templated":true}]}}