{"id":54615,"date":"2024-06-21T11:29:10","date_gmt":"2024-06-21T11:29:10","guid":{"rendered":"https:\/\/maisonheavenly.com\/product\/celest-collier-xl-10\/"},"modified":"2024-09-06T15:29:00","modified_gmt":"2024-09-06T15:29:00","slug":"celxl22-nwg-go-go-pa","status":"publish","type":"product","link":"https:\/\/maisonheavenly.com\/fr\/produit\/celxl22-nwg-go-go-pa\/","title":{"rendered":"CELEST COLLIER XL"},"content":{"rendered":"<p>Le bijou CELEST, enti\u00e8rement serti d&#8217;une monture cosmique d\u00e9di\u00e9e, exprime la force d&#8217;une union unique.<\/p>\n<p>Il v\u00e9hicule la symbolique sacr\u00e9e du chiffre 3, o\u00f9 le mouvement est teint\u00e9 de romance et de sensibilit\u00e9.<\/p>\n<p>Le motif glisse le long de la cha\u00eene, m\u00e9taphore du dialogue et du mouvement de la vie.<\/p>\n<p>Intemporel et \u00e9l\u00e9gant, ce pendentif s&#8217;accorde avec toutes les tenues.<\/p>\n<p>CELXL22.NWG.GO.GO.PA<\/p>\n<p><strong>Taille du motif\u00a0<\/strong><br \/>\nLongueur : 20 mm<br \/>\nLargeur : 10 mm<\/p>\n<p><strong>Longueur de la cha\u00eene : <\/strong>50-48-45-42 cm<\/p>\n<p><strong>Pierres :<\/strong> 204<\/p>\n<p><strong>Poids carats : <\/strong>1,70 ct<\/p>\n<p><em>Toutes les cr\u00e9ations de la Maison Heavenly sont enregistr\u00e9es, num\u00e9rot\u00e9es individuellement et uniques : le poids de l\u2019or, le caratage et la taille des pierres peuvent l\u00e9g\u00e8rement varier d\u2019une pi\u00e8ce \u00e0 l\u2019autre.<\/em><\/p>\n","protected":false},"excerpt":{"rendered":"<p>Or blanc recycl\u00e9 750\/1000<br \/>\nDiamants<\/p>\n","protected":false},"featured_media":55162,"comment_status":"open","ping_status":"closed","template":"","meta":[],"product_brand":[],"product_cat":[191,216,195,198],"product_tag":[],"class_list":{"0":"post-54615","1":"product","2":"type-product","3":"status-publish","4":"has-post-thumbnail","6":"product_cat-celest-fr","7":"product_cat-colliers","8":"product_cat-celest-colliers","9":"product_cat-tresors-cosmiques","12":"first","13":"instock","14":"taxable","15":"shipping-taxable","16":"purchasable","17":"product-type-simple"},"_links":{"self":[{"href":"https:\/\/maisonheavenly.com\/fr\/wp-json\/wp\/v2\/product\/54615","targetHints":{"allow":["GET"]}}],"collection":[{"href":"https:\/\/maisonheavenly.com\/fr\/wp-json\/wp\/v2\/product"}],"about":[{"href":"https:\/\/maisonheavenly.com\/fr\/wp-json\/wp\/v2\/types\/product"}],"replies":[{"embeddable":true,"href":"https:\/\/maisonheavenly.com\/fr\/wp-json\/wp\/v2\/comments?post=54615"}],"wp:featuredmedia":[{"embeddable":true,"href":"https:\/\/maisonheavenly.com\/fr\/wp-json\/wp\/v2\/media\/55162"}],"wp:attachment":[{"href":"https:\/\/maisonheavenly.com\/fr\/wp-json\/wp\/v2\/media?parent=54615"}],"wp:term":[{"taxonomy":"product_brand","embeddable":true,"href":"https:\/\/maisonheavenly.com\/fr\/wp-json\/wp\/v2\/product_brand?post=54615"},{"taxonomy":"product_cat","embeddable":true,"href":"https:\/\/maisonheavenly.com\/fr\/wp-json\/wp\/v2\/product_cat?post=54615"},{"taxonomy":"product_tag","embeddable":true,"href":"https:\/\/maisonheavenly.com\/fr\/wp-json\/wp\/v2\/product_tag?post=54615"}],"curies":[{"name":"wp","href":"https:\/\/api.w.org\/{rel}","templated":true}]}}