{"id":54609,"date":"2024-06-21T11:29:42","date_gmt":"2024-06-21T11:29:42","guid":{"rendered":"https:\/\/maisonheavenly.com\/product\/celest-bague-xl-6\/"},"modified":"2024-09-06T15:27:48","modified_gmt":"2024-09-06T15:27:48","slug":"celxl22-rwg-go-go","status":"publish","type":"product","link":"https:\/\/maisonheavenly.com\/fr\/produit\/celxl22-rwg-go-go\/","title":{"rendered":"CELEST BAGUE XL"},"content":{"rendered":"<p>La bague CELEST poss\u00e8de la vibration du chiffre 3, symbole du dialogue et du mouvement.<\/p>\n<p>Son motif se d\u00e9ploie sur lui-m\u00eame, illustrant la force dynamique d&#8217;une union unique.<\/p>\n<p>Son design enti\u00e8rement en or rose, accentu\u00e9 par une ligne de diamants, exprime la puissance d&#8217;un v\u00e9ritable sentiment.<\/p>\n<p>Ergonomique, elle assure un confort total lorsqu&#8217;elle est port\u00e9e.<\/p>\n<p>Intemporelle et \u00e9l\u00e9gante, elle s&#8217;adapte \u00e0 tous les styles.<\/p>\n<p>Mise \u00e0 taille possible.<\/p>\n<p>CELXL22.RWG.GO.GO<\/p>\n<p><strong>Taille du motif\u00a0<\/strong><br \/>\nLongueur : 20 mm<br \/>\nLargeur : 10 mm<\/p>\n<p><strong>Tailles disponibles :<\/strong> 52-56<\/p>\n<p><strong>Pierres :<\/strong> 204<\/p>\n<p><strong>P<\/strong><strong>oids carats : <\/strong>1,70 ct<\/p>\n<p><em>Toutes les cr\u00e9ations de la Maison Heavenly sont enregistr\u00e9es, num\u00e9rot\u00e9es individuellement et uniques : le poids de l\u2019or, le caratage et la taille des pierres peuvent l\u00e9g\u00e8rement varier d\u2019une pi\u00e8ce \u00e0 l\u2019autre.<\/em><\/p>\n","protected":false},"excerpt":{"rendered":"<p>Or blanc recycl\u00e9 750\/1000<br \/>\nDiamants<\/p>\n","protected":false},"featured_media":53446,"comment_status":"open","ping_status":"closed","template":"","meta":[],"product_brand":[],"product_cat":[207,197,191,198],"product_tag":[],"class_list":{"0":"post-54609","1":"product","2":"type-product","3":"status-publish","4":"has-post-thumbnail","6":"product_cat-bagues","7":"product_cat-celest-bagues","8":"product_cat-celest-fr","9":"product_cat-tresors-cosmiques","12":"first","13":"instock","14":"taxable","15":"shipping-taxable","16":"purchasable","17":"product-type-simple"},"_links":{"self":[{"href":"https:\/\/maisonheavenly.com\/fr\/wp-json\/wp\/v2\/product\/54609","targetHints":{"allow":["GET"]}}],"collection":[{"href":"https:\/\/maisonheavenly.com\/fr\/wp-json\/wp\/v2\/product"}],"about":[{"href":"https:\/\/maisonheavenly.com\/fr\/wp-json\/wp\/v2\/types\/product"}],"replies":[{"embeddable":true,"href":"https:\/\/maisonheavenly.com\/fr\/wp-json\/wp\/v2\/comments?post=54609"}],"wp:featuredmedia":[{"embeddable":true,"href":"https:\/\/maisonheavenly.com\/fr\/wp-json\/wp\/v2\/media\/53446"}],"wp:attachment":[{"href":"https:\/\/maisonheavenly.com\/fr\/wp-json\/wp\/v2\/media?parent=54609"}],"wp:term":[{"taxonomy":"product_brand","embeddable":true,"href":"https:\/\/maisonheavenly.com\/fr\/wp-json\/wp\/v2\/product_brand?post=54609"},{"taxonomy":"product_cat","embeddable":true,"href":"https:\/\/maisonheavenly.com\/fr\/wp-json\/wp\/v2\/product_cat?post=54609"},{"taxonomy":"product_tag","embeddable":true,"href":"https:\/\/maisonheavenly.com\/fr\/wp-json\/wp\/v2\/product_tag?post=54609"}],"curies":[{"name":"wp","href":"https:\/\/api.w.org\/{rel}","templated":true}]}}