{"id":54608,"date":"2024-06-21T11:29:43","date_gmt":"2024-06-21T11:29:43","guid":{"rendered":"https:\/\/maisonheavenly.com\/product\/celest-bracelet-pm-2\/"},"modified":"2024-09-06T13:10:29","modified_gmt":"2024-09-06T13:10:29","slug":"celpm23-bpg-ch-go-2","status":"publish","type":"product","link":"https:\/\/maisonheavenly.com\/fr\/produit\/celpm23-bpg-ch-go-2\/","title":{"rendered":"CELEST BRACELET PM"},"content":{"rendered":"<p>Le design CELEST, en or rose 750\/1000, accentu\u00e9 par une ligne de diamants, exprime la force d&#8217;une union unique.<\/p>\n<p>La vibration du chiffre 3, le nombre sacr\u00e9 du dialogue et du mouvement, orne d\u00e9licatement le poignet.<\/p>\n<p>Intemporel et \u00e9l\u00e9gant, le bracelet CELEST s\u2019adapte \u00e0 tous les styles.<\/p>\n<p>CELPM23.BPG.CH.GO<\/p>\n<p><strong>Taille du motif\u00a0<\/strong><br \/>\nLongueur : 9 mm<br \/>\nLargeur : 4,5 mm<\/p>\n<p><strong>Longueur de la cha\u00eene :<\/strong> 18-17-16-15 cm<\/p>\n<p><strong>P<\/strong><strong>ierres :<\/strong> 13<\/p>\n<p><strong>Poids carats : <\/strong>0,07 ct<\/p>\n<p><em>Toutes les cr\u00e9ations de la Maison Heavenly sont enregistr\u00e9es, num\u00e9rot\u00e9es individuellement et uniques : le poids de l\u2019or, le caratage et la taille des pierres peuvent l\u00e9g\u00e8rement varier d\u2019une pi\u00e8ce \u00e0 l\u2019autre.<\/em><\/p>\n","protected":false},"excerpt":{"rendered":"<p>Or rose recycl\u00e9 750\/1000<br \/>\nOr rose &#8211; Diamants<\/p>\n","protected":false},"featured_media":55707,"comment_status":"open","ping_status":"closed","template":"","meta":[],"product_brand":[],"product_cat":[190,192,242,191,189,215],"product_tag":[],"class_list":{"0":"post-54608","1":"product","2":"type-product","3":"status-publish","4":"has-post-thumbnail","6":"product_cat-bracelets-fr","7":"product_cat-celest-bracelets-fr","8":"product_cat-cadeaux-cosmiques","9":"product_cat-celest-fr","10":"product_cat-meilleures-ventes","11":"product_cat-moins-de-1500","14":"first","15":"instock","16":"taxable","17":"shipping-taxable","18":"purchasable","19":"product-type-simple"},"_links":{"self":[{"href":"https:\/\/maisonheavenly.com\/fr\/wp-json\/wp\/v2\/product\/54608","targetHints":{"allow":["GET"]}}],"collection":[{"href":"https:\/\/maisonheavenly.com\/fr\/wp-json\/wp\/v2\/product"}],"about":[{"href":"https:\/\/maisonheavenly.com\/fr\/wp-json\/wp\/v2\/types\/product"}],"replies":[{"embeddable":true,"href":"https:\/\/maisonheavenly.com\/fr\/wp-json\/wp\/v2\/comments?post=54608"}],"wp:featuredmedia":[{"embeddable":true,"href":"https:\/\/maisonheavenly.com\/fr\/wp-json\/wp\/v2\/media\/55707"}],"wp:attachment":[{"href":"https:\/\/maisonheavenly.com\/fr\/wp-json\/wp\/v2\/media?parent=54608"}],"wp:term":[{"taxonomy":"product_brand","embeddable":true,"href":"https:\/\/maisonheavenly.com\/fr\/wp-json\/wp\/v2\/product_brand?post=54608"},{"taxonomy":"product_cat","embeddable":true,"href":"https:\/\/maisonheavenly.com\/fr\/wp-json\/wp\/v2\/product_cat?post=54608"},{"taxonomy":"product_tag","embeddable":true,"href":"https:\/\/maisonheavenly.com\/fr\/wp-json\/wp\/v2\/product_tag?post=54608"}],"curies":[{"name":"wp","href":"https:\/\/api.w.org\/{rel}","templated":true}]}}