{"id":54604,"date":"2024-06-21T11:30:13","date_gmt":"2024-06-21T11:30:13","guid":{"rendered":"https:\/\/maisonheavenly.com\/product\/celest-bague-gm-3\/"},"modified":"2024-09-06T13:53:04","modified_gmt":"2024-09-06T13:53:04","slug":"celgm23-rwg-go-on","status":"publish","type":"product","link":"https:\/\/maisonheavenly.com\/fr\/produit\/celgm23-rwg-go-on\/","title":{"rendered":"CELEST BAGUE GM"},"content":{"rendered":"<p>La bague CELEST poss\u00e8de la vibration du chiffre 3, symbole du dialogue et du mouvement.<\/p>\n<p>Son motif, tournant sur lui-m\u00eame, illustre la dynamique puissante d\u2019un v\u00e9ritable sentiment.<\/p>\n<p>Ergonomique, elle garantit un confort total lorsqu\u2019elle est port\u00e9e.<\/p>\n<p>Intemporelle et \u00e9l\u00e9gante, elle s\u2019adapte \u00e0 tous les styles.<\/p>\n<p>Mise \u00e0 taille possible.<\/p>\n<p>CELGM23.RWG.GO.ON<\/p>\n<p><strong>Taille du motif<\/strong><br \/>\nLongueur : 15 mm<br \/>\nLargeur : 7,5 mm<\/p>\n<p><strong>Tailles : <\/strong>52-56<\/p>\n<p><strong>Pierres : <\/strong>17<\/p>\n<p><strong>Poids carats : <\/strong>0,15 ct<br \/>\n<em>Toutes les cr\u00e9ations de la Maison Heavenly sont enregistr\u00e9es, num\u00e9rot\u00e9es individuellement et uniques : le poids de l\u2019or, le caratage et la taille des pierres peuvent l\u00e9g\u00e8rement varier d\u2019une pi\u00e8ce \u00e0 l\u2019autre.<\/em><\/p>\n","protected":false},"excerpt":{"rendered":"<p>Or blanc recycl\u00e9 750\/1000<br \/>\nOnyx &#8211; Diamants<\/p>\n","protected":false},"featured_media":55885,"comment_status":"open","ping_status":"closed","template":"","meta":[],"product_brand":[],"product_cat":[207,197,191],"product_tag":[],"class_list":{"0":"post-54604","1":"product","2":"type-product","3":"status-publish","4":"has-post-thumbnail","6":"product_cat-bagues","7":"product_cat-celest-bagues","8":"product_cat-celest-fr","11":"first","12":"instock","13":"taxable","14":"shipping-taxable","15":"purchasable","16":"product-type-simple"},"_links":{"self":[{"href":"https:\/\/maisonheavenly.com\/fr\/wp-json\/wp\/v2\/product\/54604","targetHints":{"allow":["GET"]}}],"collection":[{"href":"https:\/\/maisonheavenly.com\/fr\/wp-json\/wp\/v2\/product"}],"about":[{"href":"https:\/\/maisonheavenly.com\/fr\/wp-json\/wp\/v2\/types\/product"}],"replies":[{"embeddable":true,"href":"https:\/\/maisonheavenly.com\/fr\/wp-json\/wp\/v2\/comments?post=54604"}],"wp:featuredmedia":[{"embeddable":true,"href":"https:\/\/maisonheavenly.com\/fr\/wp-json\/wp\/v2\/media\/55885"}],"wp:attachment":[{"href":"https:\/\/maisonheavenly.com\/fr\/wp-json\/wp\/v2\/media?parent=54604"}],"wp:term":[{"taxonomy":"product_brand","embeddable":true,"href":"https:\/\/maisonheavenly.com\/fr\/wp-json\/wp\/v2\/product_brand?post=54604"},{"taxonomy":"product_cat","embeddable":true,"href":"https:\/\/maisonheavenly.com\/fr\/wp-json\/wp\/v2\/product_cat?post=54604"},{"taxonomy":"product_tag","embeddable":true,"href":"https:\/\/maisonheavenly.com\/fr\/wp-json\/wp\/v2\/product_tag?post=54604"}],"curies":[{"name":"wp","href":"https:\/\/api.w.org\/{rel}","templated":true}]}}