{"id":54596,"date":"2024-06-21T11:28:48","date_gmt":"2024-06-21T11:28:48","guid":{"rendered":"https:\/\/maisonheavenly.com\/product\/celest-boucle-doreille-xl-2\/"},"modified":"2024-09-06T15:29:36","modified_gmt":"2024-09-06T15:29:36","slug":"celxl22-ewg-go-go-pa","status":"publish","type":"product","link":"https:\/\/maisonheavenly.com\/fr\/produit\/celxl22-ewg-go-go-pa\/","title":{"rendered":"CELEST BOUCLE D&#8217;OREILLE XL"},"content":{"rendered":"<p>D\u00e9cal\u00e9es et chic, les boucles d\u2019oreilles CELEST en or blanc, accentu\u00e9es de diamants, expriment la force d\u2019une union unique.<\/p>\n<p>Cette \u00e9vocation est enrichie par la vibration du chiffre 3, symbole du dialogue, signifiant l\u2019impulsion vers l\u2019autre.<\/p>\n<p>\u00c9l\u00e9gantes et raffin\u00e9es, ces boucles peuvent \u00eatre port\u00e9es seules ou en duo pour un look glam-rock.<\/p>\n<p>Vendu \u00e0 l&#8217;unit\u00e9.<\/p>\n<p>CELXL22.EWG.GO.GO.PA<\/p>\n<p><strong>Taille du motif\u00a0<\/strong><br \/>\nLongueur : 20 mm<br \/>\nLargeur : 10 mm<\/p>\n<p><b>Unit\u00e9s : 1<\/b><\/p>\n<p><strong>Pierres :<\/strong> 204<\/p>\n<p><strong>Poids carats : <\/strong>1,70 ct<\/p>\n<p><em>Toutes les cr\u00e9ations de la Maison Heavenly sont enregistr\u00e9es, num\u00e9rot\u00e9es individuellement et uniques : le poids de l\u2019or, le caratage et la taille des pierres peuvent l\u00e9g\u00e8rement varier d\u2019une pi\u00e8ce \u00e0 l\u2019autre.<\/em><\/p>\n","protected":false},"excerpt":{"rendered":"<p>Or blanc recycl\u00e9 750\/1000<br \/>\nDiamants<\/p>\n","protected":false},"featured_media":55982,"comment_status":"open","ping_status":"closed","template":"","meta":[],"product_brand":[],"product_cat":[214,194,191,198],"product_tag":[],"class_list":{"0":"post-54596","1":"product","2":"type-product","3":"status-publish","4":"has-post-thumbnail","6":"product_cat-boucles-doreilles","7":"product_cat-celest-boucles-doreilles","8":"product_cat-celest-fr","9":"product_cat-tresors-cosmiques","12":"first","13":"instock","14":"taxable","15":"shipping-taxable","16":"purchasable","17":"product-type-simple"},"_links":{"self":[{"href":"https:\/\/maisonheavenly.com\/fr\/wp-json\/wp\/v2\/product\/54596","targetHints":{"allow":["GET"]}}],"collection":[{"href":"https:\/\/maisonheavenly.com\/fr\/wp-json\/wp\/v2\/product"}],"about":[{"href":"https:\/\/maisonheavenly.com\/fr\/wp-json\/wp\/v2\/types\/product"}],"replies":[{"embeddable":true,"href":"https:\/\/maisonheavenly.com\/fr\/wp-json\/wp\/v2\/comments?post=54596"}],"wp:featuredmedia":[{"embeddable":true,"href":"https:\/\/maisonheavenly.com\/fr\/wp-json\/wp\/v2\/media\/55982"}],"wp:attachment":[{"href":"https:\/\/maisonheavenly.com\/fr\/wp-json\/wp\/v2\/media?parent=54596"}],"wp:term":[{"taxonomy":"product_brand","embeddable":true,"href":"https:\/\/maisonheavenly.com\/fr\/wp-json\/wp\/v2\/product_brand?post=54596"},{"taxonomy":"product_cat","embeddable":true,"href":"https:\/\/maisonheavenly.com\/fr\/wp-json\/wp\/v2\/product_cat?post=54596"},{"taxonomy":"product_tag","embeddable":true,"href":"https:\/\/maisonheavenly.com\/fr\/wp-json\/wp\/v2\/product_tag?post=54596"}],"curies":[{"name":"wp","href":"https:\/\/api.w.org\/{rel}","templated":true}]}}