{"id":54595,"date":"2024-06-21T11:28:48","date_gmt":"2024-06-21T11:28:48","guid":{"rendered":"https:\/\/maisonheavenly.com\/product\/celest-broche-xl\/"},"modified":"2024-11-28T13:14:54","modified_gmt":"2024-11-28T13:14:54","slug":"celxl22-cwg-go-go","status":"publish","type":"product","link":"https:\/\/maisonheavenly.com\/fr\/produit\/celxl22-cwg-go-go\/","title":{"rendered":"CELEST BROCHE XL"},"content":{"rendered":"<p>Spectaculaire et unique, la broche CELEST, soulign\u00e9e de diamants, exprime la force d\u2019une union exceptionnelle.<\/p>\n<p>\u00c0 cette \u00e9vocation s\u2019ajoute la vibration du chiffre 3, symbole du dialogue, signifiant l\u2019impulsion vers l\u2019autre.<\/p>\n<p>\u00c0 travers son design, elle affirme la puissance d\u2019un v\u00e9ritable sentiment.<\/p>\n<p>Intemporelle et \u00e9l\u00e9gante, ce bijou rehausse toute tenue d\u2019une touche de chic d\u00e9cal\u00e9.<\/p>\n<p>CELXL22.CWG.GO.GO<\/p>\n<p><strong>Taille du motif\u00a0<\/strong><br \/>\nLongueur : 20 mm<br \/>\nLargeur : 10 mm<\/p>\n<p><b>Unit\u00e9s : 1<\/b><\/p>\n<p><strong>Pierres : <\/strong>204<\/p>\n<p><strong>Poids carats :<\/strong> 1,70 ct<\/p>\n<p><em>Toutes les cr\u00e9ations de la Maison Heavenly sont enregistr\u00e9es, num\u00e9rot\u00e9es individuellement et uniques : le poids de l\u2019or, le caratage et la taille des pierres peuvent l\u00e9g\u00e8rement varier d\u2019une pi\u00e8ce \u00e0 l\u2019autre.<\/em><\/p>\n","protected":false},"excerpt":{"rendered":"<p>Or blanc recycl\u00e9 750\/1000<br \/>\nDiamants<\/p>\n","protected":false},"featured_media":55969,"comment_status":"open","ping_status":"closed","template":"","meta":[],"product_brand":[],"product_cat":[193,191,198],"product_tag":[],"class_list":{"0":"post-54595","1":"product","2":"type-product","3":"status-publish","4":"has-post-thumbnail","6":"product_cat-celest-broches","7":"product_cat-celest-fr","8":"product_cat-tresors-cosmiques","11":"first","12":"instock","13":"taxable","14":"shipping-taxable","15":"purchasable","16":"product-type-simple"},"_links":{"self":[{"href":"https:\/\/maisonheavenly.com\/fr\/wp-json\/wp\/v2\/product\/54595","targetHints":{"allow":["GET"]}}],"collection":[{"href":"https:\/\/maisonheavenly.com\/fr\/wp-json\/wp\/v2\/product"}],"about":[{"href":"https:\/\/maisonheavenly.com\/fr\/wp-json\/wp\/v2\/types\/product"}],"replies":[{"embeddable":true,"href":"https:\/\/maisonheavenly.com\/fr\/wp-json\/wp\/v2\/comments?post=54595"}],"wp:featuredmedia":[{"embeddable":true,"href":"https:\/\/maisonheavenly.com\/fr\/wp-json\/wp\/v2\/media\/55969"}],"wp:attachment":[{"href":"https:\/\/maisonheavenly.com\/fr\/wp-json\/wp\/v2\/media?parent=54595"}],"wp:term":[{"taxonomy":"product_brand","embeddable":true,"href":"https:\/\/maisonheavenly.com\/fr\/wp-json\/wp\/v2\/product_brand?post=54595"},{"taxonomy":"product_cat","embeddable":true,"href":"https:\/\/maisonheavenly.com\/fr\/wp-json\/wp\/v2\/product_cat?post=54595"},{"taxonomy":"product_tag","embeddable":true,"href":"https:\/\/maisonheavenly.com\/fr\/wp-json\/wp\/v2\/product_tag?post=54595"}],"curies":[{"name":"wp","href":"https:\/\/api.w.org\/{rel}","templated":true}]}}