{"id":54591,"date":"2024-06-21T11:29:10","date_gmt":"2024-06-21T11:29:10","guid":{"rendered":"https:\/\/maisonheavenly.com\/product\/celest-collier-xl-5\/"},"modified":"2024-09-06T15:16:45","modified_gmt":"2024-09-06T15:16:45","slug":"celxl23-npg-ch-ma","status":"publish","type":"product","link":"https:\/\/maisonheavenly.com\/fr\/produit\/celxl23-npg-ch-ma\/","title":{"rendered":"CELEST COLLIER XL"},"content":{"rendered":"<p>Le design CELEST en malachite, soulign\u00e9 par une ligne de diamants, exprime la force d\u2019une union unique.<\/p>\n<p>Ces \u00e9l\u00e9ments conjoints transmettent le symbolisme sacr\u00e9 du chiffre 3, o\u00f9 le mouvement est empreint de romance et de sensibilit\u00e9.<\/p>\n<p>Le motif glisse le long de la cha\u00eene, m\u00e9taphore du dialogue et du mouvement de la vie.<\/p>\n<p>Intemporel et \u00e9l\u00e9gant, ce pendentif s\u2019accorde avec toutes les tenues.<\/p>\n<p>CELXL23.NPG.CH.MA<\/p>\n<p><strong>Taille du motif\u00a0<\/strong><br \/>\nLongueur : 20 mm<br \/>\nLargeur : 10 mm<\/p>\n<p><strong>Longueur de la cha\u00eene : <\/strong>50-48-45-42 cm<\/p>\n<p><strong>Pierres : <\/strong>16<\/p>\n<p><strong>Poids carats :<\/strong> 0,24 ct<\/p>\n<p><em>Toutes les cr\u00e9ations de la Maison Heavenly sont enregistr\u00e9es, num\u00e9rot\u00e9es individuellement et uniques : le poids de l\u2019or, le caratage et la taille des pierres peuvent l\u00e9g\u00e8rement varier d\u2019une pi\u00e8ce \u00e0 l\u2019autre.<\/em><\/p>\n","protected":false},"excerpt":{"rendered":"<p>Or rose recycl\u00e9 750\/1000<br \/>\nMalachite &#8211; Diamants<\/p>\n","protected":false},"featured_media":55170,"comment_status":"open","ping_status":"closed","template":"","meta":[],"product_brand":[],"product_cat":[242,191,195,216,189],"product_tag":[],"class_list":{"0":"post-54591","1":"product","2":"type-product","3":"status-publish","4":"has-post-thumbnail","6":"product_cat-cadeaux-cosmiques","7":"product_cat-celest-fr","8":"product_cat-celest-colliers","9":"product_cat-colliers","10":"product_cat-meilleures-ventes","13":"first","14":"instock","15":"taxable","16":"shipping-taxable","17":"purchasable","18":"product-type-simple"},"_links":{"self":[{"href":"https:\/\/maisonheavenly.com\/fr\/wp-json\/wp\/v2\/product\/54591","targetHints":{"allow":["GET"]}}],"collection":[{"href":"https:\/\/maisonheavenly.com\/fr\/wp-json\/wp\/v2\/product"}],"about":[{"href":"https:\/\/maisonheavenly.com\/fr\/wp-json\/wp\/v2\/types\/product"}],"replies":[{"embeddable":true,"href":"https:\/\/maisonheavenly.com\/fr\/wp-json\/wp\/v2\/comments?post=54591"}],"wp:featuredmedia":[{"embeddable":true,"href":"https:\/\/maisonheavenly.com\/fr\/wp-json\/wp\/v2\/media\/55170"}],"wp:attachment":[{"href":"https:\/\/maisonheavenly.com\/fr\/wp-json\/wp\/v2\/media?parent=54591"}],"wp:term":[{"taxonomy":"product_brand","embeddable":true,"href":"https:\/\/maisonheavenly.com\/fr\/wp-json\/wp\/v2\/product_brand?post=54591"},{"taxonomy":"product_cat","embeddable":true,"href":"https:\/\/maisonheavenly.com\/fr\/wp-json\/wp\/v2\/product_cat?post=54591"},{"taxonomy":"product_tag","embeddable":true,"href":"https:\/\/maisonheavenly.com\/fr\/wp-json\/wp\/v2\/product_tag?post=54591"}],"curies":[{"name":"wp","href":"https:\/\/api.w.org\/{rel}","templated":true}]}}