{"id":54589,"date":"2024-06-21T11:31:50","date_gmt":"2024-06-21T11:31:50","guid":{"rendered":"https:\/\/maisonheavenly.com\/product\/celest-bracelet-pm\/"},"modified":"2024-09-06T13:09:26","modified_gmt":"2024-09-06T13:09:26","slug":"celpm23-bpg-ch-go","status":"publish","type":"product","link":"https:\/\/maisonheavenly.com\/fr\/produit\/celpm23-bpg-ch-go\/","title":{"rendered":"CELEST BRACELET PM"},"content":{"rendered":"<p>Le design de CELEST, enti\u00e8rement en or blanc et soulign\u00e9 par une ligne de diamants, exprime la force d\u2019une union unique.<\/p>\n<p>La vibration du chiffre 3, nombre sacr\u00e9 du dialogue et du mouvement, orne d\u00e9licatement le poignet.<\/p>\n<p>Intemporel et \u00e9l\u00e9gant, le bracelet CELEST s\u2019adapte \u00e0 tous les styles.<\/p>\n<p>CELPM23.BPG.CH.GO<\/p>\n<p><strong>Taille du motif<\/strong><br \/>\nLongueur : 9 mm<br \/>\nLargeur : 4,5 mm<\/p>\n<p><strong>Longueur de la cha\u00eene :<\/strong> 18-17-16-15 cm<\/p>\n<p><strong>Pierres : <\/strong>13<\/p>\n<p><strong>Poids carats : <\/strong>0,07 ct<\/p>\n<p><em>Toutes les cr\u00e9ations de la Maison Heavenly sont enregistr\u00e9es, num\u00e9rot\u00e9es individuellement et uniques : le poids de l\u2019or, le caratage et la taille des pierres peuvent l\u00e9g\u00e8rement varier d\u2019une pi\u00e8ce \u00e0 l\u2019autre.<\/em><\/p>\n","protected":false},"excerpt":{"rendered":"<p>Or blanc recycl\u00e9 750\/1000<br \/>\nOr blanc &#8211; Diamants<\/p>\n","protected":false},"featured_media":53474,"comment_status":"open","ping_status":"closed","template":"","meta":[],"product_brand":[],"product_cat":[192,190,242,191,215],"product_tag":[],"class_list":{"0":"post-54589","1":"product","2":"type-product","3":"status-publish","4":"has-post-thumbnail","6":"product_cat-celest-bracelets-fr","7":"product_cat-bracelets-fr","8":"product_cat-cadeaux-cosmiques","9":"product_cat-celest-fr","10":"product_cat-moins-de-1500","13":"first","14":"instock","15":"taxable","16":"shipping-taxable","17":"purchasable","18":"product-type-simple"},"_links":{"self":[{"href":"https:\/\/maisonheavenly.com\/fr\/wp-json\/wp\/v2\/product\/54589","targetHints":{"allow":["GET"]}}],"collection":[{"href":"https:\/\/maisonheavenly.com\/fr\/wp-json\/wp\/v2\/product"}],"about":[{"href":"https:\/\/maisonheavenly.com\/fr\/wp-json\/wp\/v2\/types\/product"}],"replies":[{"embeddable":true,"href":"https:\/\/maisonheavenly.com\/fr\/wp-json\/wp\/v2\/comments?post=54589"}],"wp:featuredmedia":[{"embeddable":true,"href":"https:\/\/maisonheavenly.com\/fr\/wp-json\/wp\/v2\/media\/53474"}],"wp:attachment":[{"href":"https:\/\/maisonheavenly.com\/fr\/wp-json\/wp\/v2\/media?parent=54589"}],"wp:term":[{"taxonomy":"product_brand","embeddable":true,"href":"https:\/\/maisonheavenly.com\/fr\/wp-json\/wp\/v2\/product_brand?post=54589"},{"taxonomy":"product_cat","embeddable":true,"href":"https:\/\/maisonheavenly.com\/fr\/wp-json\/wp\/v2\/product_cat?post=54589"},{"taxonomy":"product_tag","embeddable":true,"href":"https:\/\/maisonheavenly.com\/fr\/wp-json\/wp\/v2\/product_tag?post=54589"}],"curies":[{"name":"wp","href":"https:\/\/api.w.org\/{rel}","templated":true}]}}