{"id":54580,"date":"2024-06-21T11:33:43","date_gmt":"2024-06-21T11:33:43","guid":{"rendered":"https:\/\/maisonheavenly.com\/product\/saturn-collier-xl-3\/"},"modified":"2024-09-06T12:51:00","modified_gmt":"2024-09-06T12:51:00","slug":"satxl23-nwg-ch-di","status":"publish","type":"product","link":"https:\/\/maisonheavenly.com\/fr\/produit\/satxl23-nwg-ch-di\/","title":{"rendered":"SATURN COLLIER XL"},"content":{"rendered":"<p>Lorsque les bagues SATURN sont ferm\u00e9es, elles sont serties de diamants.<\/p>\n<p>Connu comme la pierre de la fid\u00e9lit\u00e9 ultime et de la perfection, le diamant conf\u00e8re \u00e0 SATURN toute sa lumi\u00e8re.<\/p>\n<p>Lorsqu&#8217;elles sont ouvertes, les bagues forment un 8, symbole de chance. En combinant or blanc recycl\u00e9 et diamants, le pendentif SATURN rayonne de toute sa splendeur.<\/p>\n<p>Il embellit tous les looks, des plus discrets aux plus sophistiqu\u00e9s.<\/p>\n<p>SATXL23.NWG.CH.DI<\/p>\n<p><strong>Taille du motif :<\/strong> 28 mm<\/p>\n<p><strong>Longueur de la cha\u00eene :<\/strong> 50-46-42 cm<\/p>\n<p><strong>Pierres :<\/strong> 87<\/p>\n<p><strong>P<\/strong><strong>oids carats : <\/strong>2,61 ct<\/p>\n<p><em>Toutes les cr\u00e9ations de la Maison Heavenly sont enregistr\u00e9es, num\u00e9rot\u00e9es individuellement et uniques : le poids de l\u2019or, le caratage et la taille des pierres peuvent l\u00e9g\u00e8rement varier d\u2019une pi\u00e8ce \u00e0 l\u2019autre.<\/em><\/p>\n","protected":false},"excerpt":{"rendered":"<p>Or blanc recycl\u00e9 750\/1000<br \/>\nOr blanc &#8211; Diamants<\/p>\n","protected":false},"featured_media":53503,"comment_status":"open","ping_status":"closed","template":"","meta":[],"product_brand":[],"product_cat":[216,222,221,198],"product_tag":[],"class_list":{"0":"post-54580","1":"product","2":"type-product","3":"status-publish","4":"has-post-thumbnail","6":"product_cat-colliers","7":"product_cat-colliers-fr-2","8":"product_cat-saturn-fr","9":"product_cat-tresors-cosmiques","12":"first","13":"instock","14":"taxable","15":"shipping-taxable","16":"purchasable","17":"product-type-simple"},"_links":{"self":[{"href":"https:\/\/maisonheavenly.com\/fr\/wp-json\/wp\/v2\/product\/54580","targetHints":{"allow":["GET"]}}],"collection":[{"href":"https:\/\/maisonheavenly.com\/fr\/wp-json\/wp\/v2\/product"}],"about":[{"href":"https:\/\/maisonheavenly.com\/fr\/wp-json\/wp\/v2\/types\/product"}],"replies":[{"embeddable":true,"href":"https:\/\/maisonheavenly.com\/fr\/wp-json\/wp\/v2\/comments?post=54580"}],"wp:featuredmedia":[{"embeddable":true,"href":"https:\/\/maisonheavenly.com\/fr\/wp-json\/wp\/v2\/media\/53503"}],"wp:attachment":[{"href":"https:\/\/maisonheavenly.com\/fr\/wp-json\/wp\/v2\/media?parent=54580"}],"wp:term":[{"taxonomy":"product_brand","embeddable":true,"href":"https:\/\/maisonheavenly.com\/fr\/wp-json\/wp\/v2\/product_brand?post=54580"},{"taxonomy":"product_cat","embeddable":true,"href":"https:\/\/maisonheavenly.com\/fr\/wp-json\/wp\/v2\/product_cat?post=54580"},{"taxonomy":"product_tag","embeddable":true,"href":"https:\/\/maisonheavenly.com\/fr\/wp-json\/wp\/v2\/product_tag?post=54580"}],"curies":[{"name":"wp","href":"https:\/\/api.w.org\/{rel}","templated":true}]}}