{"id":54565,"date":"2024-06-21T11:19:30","date_gmt":"2024-06-21T11:19:30","guid":{"rendered":"https:\/\/maisonheavenly.com\/product\/celest-boucle-doreille-gm-6\/"},"modified":"2024-11-28T13:24:39","modified_gmt":"2024-11-28T13:24:39","slug":"celgm22-epg-go-go","status":"publish","type":"product","link":"https:\/\/maisonheavenly.com\/fr\/produit\/celgm22-epg-go-go\/","title":{"rendered":"CELEST BOUCLE D&#8217;OREILLE GM 1"},"content":{"rendered":"<p>D\u00e9contract\u00e9e et chic, les boucles d&#8217;oreilles CELEST en or rose, accentu\u00e9es par une ligne de diamants, expriment la force d&#8217;une union unique.<\/p>\n<p>Cette \u00e9vocation est enrichie par la vibration du 3, le nombre du dialogue, signifiant l&#8217;\u00e9lan vers l&#8217;autre.<\/p>\n<p>\u00c9l\u00e9gante et raffin\u00e9e, cette boucle d&#8217;oreille peut \u00eatre port\u00e9e seule ou en duo pour un look glam-rock.<\/p>\n<p>Vendu \u00e0 l&#8217;unit\u00e9.<\/p>\n<p>CELGM22.EPG.GO.GO<\/p>\n<p><strong>Taille du motif<br \/>\n<\/strong>Longueur : 15 mm<br \/>\nLargeur : 7,5 mm<\/p>\n<p><b>1 unit\u00e9<\/b><\/p>\n<p><strong>Pierres :<\/strong> 17<\/p>\n<p><strong>Poids carats :<\/strong> 0,15 ct<\/p>\n<p><em>Toutes les cr\u00e9ations de Maison Heavenly sont enregistr\u00e9es, num\u00e9rot\u00e9es individuellement et uniques : le poids de l&#8217;or, le poids des pierres et la taille des pierres peuvent l\u00e9g\u00e8rement varier d&#8217;une cr\u00e9ation \u00e0 l&#8217;autre.<\/em><\/p>\n","protected":false},"excerpt":{"rendered":"<p>Or rose recycl\u00e9 750\/1000<br \/>\nDiamants<\/p>\n","protected":false},"featured_media":56047,"comment_status":"open","ping_status":"closed","template":"","meta":[],"product_brand":[],"product_cat":[214,194,191],"product_tag":[],"class_list":{"0":"post-54565","1":"product","2":"type-product","3":"status-publish","4":"has-post-thumbnail","6":"product_cat-boucles-doreilles","7":"product_cat-celest-boucles-doreilles","8":"product_cat-celest-fr","11":"first","12":"instock","13":"taxable","14":"shipping-taxable","15":"purchasable","16":"product-type-simple"},"_links":{"self":[{"href":"https:\/\/maisonheavenly.com\/fr\/wp-json\/wp\/v2\/product\/54565","targetHints":{"allow":["GET"]}}],"collection":[{"href":"https:\/\/maisonheavenly.com\/fr\/wp-json\/wp\/v2\/product"}],"about":[{"href":"https:\/\/maisonheavenly.com\/fr\/wp-json\/wp\/v2\/types\/product"}],"replies":[{"embeddable":true,"href":"https:\/\/maisonheavenly.com\/fr\/wp-json\/wp\/v2\/comments?post=54565"}],"wp:featuredmedia":[{"embeddable":true,"href":"https:\/\/maisonheavenly.com\/fr\/wp-json\/wp\/v2\/media\/56047"}],"wp:attachment":[{"href":"https:\/\/maisonheavenly.com\/fr\/wp-json\/wp\/v2\/media?parent=54565"}],"wp:term":[{"taxonomy":"product_brand","embeddable":true,"href":"https:\/\/maisonheavenly.com\/fr\/wp-json\/wp\/v2\/product_brand?post=54565"},{"taxonomy":"product_cat","embeddable":true,"href":"https:\/\/maisonheavenly.com\/fr\/wp-json\/wp\/v2\/product_cat?post=54565"},{"taxonomy":"product_tag","embeddable":true,"href":"https:\/\/maisonheavenly.com\/fr\/wp-json\/wp\/v2\/product_tag?post=54565"}],"curies":[{"name":"wp","href":"https:\/\/api.w.org\/{rel}","templated":true}]}}