{"id":54555,"date":"2024-07-26T09:28:33","date_gmt":"2024-07-26T09:28:33","guid":{"rendered":"https:\/\/maisonheavenly.com\/product\/saturn-pendentif-pm-5\/"},"modified":"2024-09-06T11:51:23","modified_gmt":"2024-09-06T11:51:23","slug":"satpm23-npg-ch-di","status":"publish","type":"product","link":"https:\/\/maisonheavenly.com\/fr\/produit\/satpm23-npg-ch-di\/","title":{"rendered":"SATURN PENDENTIF PM"},"content":{"rendered":"<p>Lorsque les anneaux SATURN sont ferm\u00e9s, ils sont sertis de diamants. Connus comme la pierre de l&#8217;amour et de la perfection absolus, les diamants offrent \u00e0 SATURN toute sa lumi\u00e8re.<\/p>\n<p>Lorsqu&#8217;ils sont ouverts, les anneaux forment un 8, le nombre de la chance. En combinant de l&#8217;or rose recycl\u00e9 et des diamants, le pendentif SATURN rayonne de toute sa lumi\u00e8re.<\/p>\n<p>Il embellit tous les looks, des plus discrets aux plus sophistiqu\u00e9s.<\/p>\n<p>SATPM23.NPG.CH.DI<\/p>\n<p><strong>Taille du motif<br \/>\n<\/strong>Longueur : 46 mm<br \/>\nLargeur : 17 mm<\/p>\n<p><strong>Longueur de la cha\u00eene : <\/strong>50-46-42 cm<\/p>\n<p><strong>Pierres : <\/strong>92 diamants<\/p>\n<p><strong>Poids carats :<\/strong> 0,60 ct<\/p>\n<p><em>Toutes les cr\u00e9ations de Maison Heavenly sont enregistr\u00e9es, num\u00e9rot\u00e9es individuellement et uniques : le poids de l&#8217;or, le poids des pierres, et la taille des pierres peuvent varier l\u00e9g\u00e8rement d&#8217;une cr\u00e9ation \u00e0 l&#8217;autre.<\/em><\/p>\n","protected":false},"excerpt":{"rendered":"<p>Or rose recycl\u00e9 750\/1000<br \/>\nOr rose &#8211; Diamants<\/p>\n","protected":false},"featured_media":53632,"comment_status":"open","ping_status":"closed","template":"","meta":[],"product_brand":[],"product_cat":[212,223,221],"product_tag":[],"class_list":{"0":"post-54555","1":"product","2":"type-product","3":"status-publish","4":"has-post-thumbnail","6":"product_cat-pendentifs","7":"product_cat-pendentifs-fr-2","8":"product_cat-saturn-fr","11":"first","12":"instock","13":"taxable","14":"shipping-taxable","15":"purchasable","16":"product-type-simple"},"_links":{"self":[{"href":"https:\/\/maisonheavenly.com\/fr\/wp-json\/wp\/v2\/product\/54555","targetHints":{"allow":["GET"]}}],"collection":[{"href":"https:\/\/maisonheavenly.com\/fr\/wp-json\/wp\/v2\/product"}],"about":[{"href":"https:\/\/maisonheavenly.com\/fr\/wp-json\/wp\/v2\/types\/product"}],"replies":[{"embeddable":true,"href":"https:\/\/maisonheavenly.com\/fr\/wp-json\/wp\/v2\/comments?post=54555"}],"wp:featuredmedia":[{"embeddable":true,"href":"https:\/\/maisonheavenly.com\/fr\/wp-json\/wp\/v2\/media\/53632"}],"wp:attachment":[{"href":"https:\/\/maisonheavenly.com\/fr\/wp-json\/wp\/v2\/media?parent=54555"}],"wp:term":[{"taxonomy":"product_brand","embeddable":true,"href":"https:\/\/maisonheavenly.com\/fr\/wp-json\/wp\/v2\/product_brand?post=54555"},{"taxonomy":"product_cat","embeddable":true,"href":"https:\/\/maisonheavenly.com\/fr\/wp-json\/wp\/v2\/product_cat?post=54555"},{"taxonomy":"product_tag","embeddable":true,"href":"https:\/\/maisonheavenly.com\/fr\/wp-json\/wp\/v2\/product_tag?post=54555"}],"curies":[{"name":"wp","href":"https:\/\/api.w.org\/{rel}","templated":true}]}}