{"id":54554,"date":"2024-07-26T09:31:08","date_gmt":"2024-07-26T09:31:08","guid":{"rendered":"https:\/\/maisonheavenly.com\/product\/saturn-boucles-doreilles-4\/"},"modified":"2024-09-06T12:03:59","modified_gmt":"2024-09-06T12:03:59","slug":"satpm22-epg-go-ma-1","status":"publish","type":"product","link":"https:\/\/maisonheavenly.com\/fr\/produit\/satpm22-epg-go-ma-1\/","title":{"rendered":"SATURN BOUCLES D&#8217;OREILLES"},"content":{"rendered":"<p>Les anneaux SATURN, repli\u00e9s, sertis de diamants, renferment un cabochon de malachite. La beaut\u00e9 envo\u00fbtante de la malachite apporte \u00e9galement harmonie et protection.<\/p>\n<p>Sa teinte verte, traditionnellement associ\u00e9e \u00e0 la s\u00e9r\u00e9nit\u00e9 et \u00e0 l\u2019espoir, amplifie ces bienfaits l\u00e9gendaires. Une fois ouverts, les anneaux forment un 8, le nombre de la chance.<\/p>\n<p>SATURN se transforme ainsi en un symbole d&#8217;amour infini.<\/p>\n<p>L\u2019association de l\u2019or rose recycl\u00e9 et de la malachite s\u2019harmonise avec toutes les tenues, du matin au soir, s\u2019adaptant \u00e0 toutes les envies.<\/p>\n<p>Vendues par 2.<\/p>\n<p>SATPM22.EPG.GO.MA-1<\/p>\n<p><strong>Taille du motif<br \/>\n<\/strong>Longueur : 43 mm<br \/>\nLargeur : 17,5 mm<\/p>\n<p><strong>Pierres :<\/strong> 184 + 2 Malachite<\/p>\n<p><strong>Poids carats :<\/strong> 1,20 ct<\/p>\n<p><em>Toutes les cr\u00e9ations de Maison Heavenly sont enregistr\u00e9es, num\u00e9rot\u00e9es individuellement et uniques : le poids de l&#8217;or, le poids des pierres et la taille des pierres peuvent l\u00e9g\u00e8rement varier d&#8217;une cr\u00e9ation \u00e0 l&#8217;autre.<\/em><\/p>\n","protected":false},"excerpt":{"rendered":"<p>Or rose recycl\u00e9 750\/1000<br \/>\nMalachite &#8211; Diamants<br \/>\nVendues par 2<\/p>\n","protected":false},"featured_media":53370,"comment_status":"open","ping_status":"closed","template":"","meta":[],"product_brand":[],"product_cat":[214,224,189,221,198],"product_tag":[],"class_list":{"0":"post-54554","1":"product","2":"type-product","3":"status-publish","4":"has-post-thumbnail","6":"product_cat-boucles-doreilles","7":"product_cat-boucles-doreilles-fr","8":"product_cat-meilleures-ventes","9":"product_cat-saturn-fr","10":"product_cat-tresors-cosmiques","13":"first","14":"instock","15":"taxable","16":"shipping-taxable","17":"purchasable","18":"product-type-simple"},"_links":{"self":[{"href":"https:\/\/maisonheavenly.com\/fr\/wp-json\/wp\/v2\/product\/54554","targetHints":{"allow":["GET"]}}],"collection":[{"href":"https:\/\/maisonheavenly.com\/fr\/wp-json\/wp\/v2\/product"}],"about":[{"href":"https:\/\/maisonheavenly.com\/fr\/wp-json\/wp\/v2\/types\/product"}],"replies":[{"embeddable":true,"href":"https:\/\/maisonheavenly.com\/fr\/wp-json\/wp\/v2\/comments?post=54554"}],"wp:featuredmedia":[{"embeddable":true,"href":"https:\/\/maisonheavenly.com\/fr\/wp-json\/wp\/v2\/media\/53370"}],"wp:attachment":[{"href":"https:\/\/maisonheavenly.com\/fr\/wp-json\/wp\/v2\/media?parent=54554"}],"wp:term":[{"taxonomy":"product_brand","embeddable":true,"href":"https:\/\/maisonheavenly.com\/fr\/wp-json\/wp\/v2\/product_brand?post=54554"},{"taxonomy":"product_cat","embeddable":true,"href":"https:\/\/maisonheavenly.com\/fr\/wp-json\/wp\/v2\/product_cat?post=54554"},{"taxonomy":"product_tag","embeddable":true,"href":"https:\/\/maisonheavenly.com\/fr\/wp-json\/wp\/v2\/product_tag?post=54554"}],"curies":[{"name":"wp","href":"https:\/\/api.w.org\/{rel}","templated":true}]}}