{"id":54548,"date":"2024-06-21T11:18:03","date_gmt":"2024-06-21T11:18:03","guid":{"rendered":"https:\/\/maisonheavenly.com\/product\/saturn-pendentif-pm-4\/"},"modified":"2024-09-06T11:59:49","modified_gmt":"2024-09-06T11:59:49","slug":"satpm22-npg-ch-ma","status":"publish","type":"product","link":"https:\/\/maisonheavenly.com\/fr\/produit\/satpm22-npg-ch-ma\/","title":{"rendered":"SATURN PENDENTIF PM"},"content":{"rendered":"<p>Lorsque les anneaux SATURN, sertis de diamants, sont ferm\u00e9s, ils entourent un cabochon de malachite, symbole d&#8217;\u00e9nergie positive et de jeunesse.<\/p>\n<p>La beaut\u00e9 fascinante de la malachite apporte \u00e9galement harmonie et protection. Sa teinte verte, traditionnellement associ\u00e9e \u00e0 la s\u00e9r\u00e9nit\u00e9 et \u00e0 l&#8217;espoir, amplifie ses qualit\u00e9s apaisantes.<\/p>\n<p>Lorsqu&#8217;ils sont ouverts, les anneaux forment un 8, le chiffre de la chance. SATURN devient ainsi un pr\u00e9cieux talisman.<\/p>\n<p>La combinaison d&#8217;or rose recycl\u00e9 et de diamants met en valeur l&#8217;\u00e9clat vert du malachite central.<\/p>\n<p>Parfait pour toutes les tenues, qu&#8217;elles soient discr\u00e8tes ou raffin\u00e9es, du matin au soir.<\/p>\n<p>SATPM22.NPG.CH.MA<\/p>\n<p><strong>Taille du motif<br \/>\n<\/strong>Longueur : 46 mm<br \/>\nLargeur : 17,5 mm<\/p>\n<p><strong>Longueur de la cha\u00eene : <\/strong>50-46-42 cm<\/p>\n<p><strong>Pierres : <\/strong>92 diamants + 1 malachite<\/p>\n<p><strong>Poids carats :<\/strong> 0,60 ct<\/p>\n<p><em>Toutes les cr\u00e9ations de Maison Heavenly sont enregistr\u00e9es, num\u00e9rot\u00e9es individuellement et uniques : le poids de l&#8217;or, le poids en carats et la taille des pierres peuvent varier l\u00e9g\u00e8rement d&#8217;une cr\u00e9ation \u00e0 l&#8217;autre.<\/em><\/p>\n","protected":false},"excerpt":{"rendered":"<p>Or rose recycl\u00e9 750\/1000<br \/>\nMalachite &#8211; Diamants<\/p>\n","protected":false},"featured_media":53327,"comment_status":"open","ping_status":"closed","template":"","meta":[],"product_brand":[],"product_cat":[212,223,221,198],"product_tag":[],"class_list":{"0":"post-54548","1":"product","2":"type-product","3":"status-publish","4":"has-post-thumbnail","6":"product_cat-pendentifs","7":"product_cat-pendentifs-fr-2","8":"product_cat-saturn-fr","9":"product_cat-tresors-cosmiques","12":"first","13":"instock","14":"taxable","15":"shipping-taxable","16":"purchasable","17":"product-type-simple"},"_links":{"self":[{"href":"https:\/\/maisonheavenly.com\/fr\/wp-json\/wp\/v2\/product\/54548","targetHints":{"allow":["GET"]}}],"collection":[{"href":"https:\/\/maisonheavenly.com\/fr\/wp-json\/wp\/v2\/product"}],"about":[{"href":"https:\/\/maisonheavenly.com\/fr\/wp-json\/wp\/v2\/types\/product"}],"replies":[{"embeddable":true,"href":"https:\/\/maisonheavenly.com\/fr\/wp-json\/wp\/v2\/comments?post=54548"}],"wp:featuredmedia":[{"embeddable":true,"href":"https:\/\/maisonheavenly.com\/fr\/wp-json\/wp\/v2\/media\/53327"}],"wp:attachment":[{"href":"https:\/\/maisonheavenly.com\/fr\/wp-json\/wp\/v2\/media?parent=54548"}],"wp:term":[{"taxonomy":"product_brand","embeddable":true,"href":"https:\/\/maisonheavenly.com\/fr\/wp-json\/wp\/v2\/product_brand?post=54548"},{"taxonomy":"product_cat","embeddable":true,"href":"https:\/\/maisonheavenly.com\/fr\/wp-json\/wp\/v2\/product_cat?post=54548"},{"taxonomy":"product_tag","embeddable":true,"href":"https:\/\/maisonheavenly.com\/fr\/wp-json\/wp\/v2\/product_tag?post=54548"}],"curies":[{"name":"wp","href":"https:\/\/api.w.org\/{rel}","templated":true}]}}