{"id":54547,"date":"2024-06-21T11:18:03","date_gmt":"2024-06-21T11:18:03","guid":{"rendered":"https:\/\/maisonheavenly.com\/product\/saturn-pendentif-pm-3\/"},"modified":"2024-09-06T12:05:45","modified_gmt":"2024-09-06T12:05:45","slug":"satpm22-npg-ch-tu","status":"publish","type":"product","link":"https:\/\/maisonheavenly.com\/fr\/produit\/satpm22-npg-ch-tu\/","title":{"rendered":"SATURN PENDENTIF PM"},"content":{"rendered":"<p>Lorsque les anneaux SATURN, sertis de diamants, sont ferm\u00e9s, ils prot\u00e8gent le cabochon de turquoise. Symbole de l&#8217;alliance entre le ciel et la mer, la turquoise rayonne \u00e9galement de l&#8217;\u00e9nergie plurielle et puissante du changement, correspondant parfaitement au design transformable du SATURN.<\/p>\n<p>Lorsqu&#8217;ils sont ouverts, les anneaux forment un 8, le chiffre de la chance, faisant du pendentif SATURN un pr\u00e9cieux talisman, \u00e0 porter pr\u00e8s du c\u0153ur.<\/p>\n<p>La combinaison audacieuse de l&#8217;or rose recycl\u00e9 et de la turquoise compl\u00e8te aussi bien les tenues d\u00e9contract\u00e9es que sophistiqu\u00e9es.<\/p>\n<p>SATPM22.NPG.CH.TU<\/p>\n<p><strong>Taille du motif<br \/>\n<\/strong>Longueur : 46 mm<br \/>\nLargeur : 17,5 mm<\/p>\n<p><strong>Longueur de la cha\u00eene : <\/strong>50-46-42 cm<\/p>\n<p><strong>Pierres :<\/strong> 92 diamants + 1 turquoise<\/p>\n<p><strong>Poids carats :<\/strong> 1,20 ct<\/p>\n<p><em>Toutes les cr\u00e9ations de Maison Heavenly sont enregistr\u00e9es, num\u00e9rot\u00e9es individuellement et uniques : le poids de l&#8217;or, le poids en carats et la taille des pierres peuvent varier l\u00e9g\u00e8rement d&#8217;une cr\u00e9ation \u00e0 l&#8217;autre.<\/em><\/p>\n","protected":false},"excerpt":{"rendered":"<p>Or rose recycl\u00e9 750\/1000<br \/>\nTurquoise &#8211; Diamants<\/p>\n","protected":false},"featured_media":53332,"comment_status":"open","ping_status":"closed","template":"","meta":[],"product_brand":[],"product_cat":[212,223,221,198],"product_tag":[],"class_list":{"0":"post-54547","1":"product","2":"type-product","3":"status-publish","4":"has-post-thumbnail","6":"product_cat-pendentifs","7":"product_cat-pendentifs-fr-2","8":"product_cat-saturn-fr","9":"product_cat-tresors-cosmiques","12":"first","13":"instock","14":"taxable","15":"shipping-taxable","16":"purchasable","17":"product-type-simple"},"_links":{"self":[{"href":"https:\/\/maisonheavenly.com\/fr\/wp-json\/wp\/v2\/product\/54547","targetHints":{"allow":["GET"]}}],"collection":[{"href":"https:\/\/maisonheavenly.com\/fr\/wp-json\/wp\/v2\/product"}],"about":[{"href":"https:\/\/maisonheavenly.com\/fr\/wp-json\/wp\/v2\/types\/product"}],"replies":[{"embeddable":true,"href":"https:\/\/maisonheavenly.com\/fr\/wp-json\/wp\/v2\/comments?post=54547"}],"wp:featuredmedia":[{"embeddable":true,"href":"https:\/\/maisonheavenly.com\/fr\/wp-json\/wp\/v2\/media\/53332"}],"wp:attachment":[{"href":"https:\/\/maisonheavenly.com\/fr\/wp-json\/wp\/v2\/media?parent=54547"}],"wp:term":[{"taxonomy":"product_brand","embeddable":true,"href":"https:\/\/maisonheavenly.com\/fr\/wp-json\/wp\/v2\/product_brand?post=54547"},{"taxonomy":"product_cat","embeddable":true,"href":"https:\/\/maisonheavenly.com\/fr\/wp-json\/wp\/v2\/product_cat?post=54547"},{"taxonomy":"product_tag","embeddable":true,"href":"https:\/\/maisonheavenly.com\/fr\/wp-json\/wp\/v2\/product_tag?post=54547"}],"curies":[{"name":"wp","href":"https:\/\/api.w.org\/{rel}","templated":true}]}}