{"id":54541,"date":"2024-06-21T11:18:02","date_gmt":"2024-06-21T11:18:02","guid":{"rendered":"https:\/\/maisonheavenly.com\/product\/meteor-sautoir-4\/"},"modified":"2024-11-28T12:18:02","modified_gmt":"2024-11-28T12:18:02","slug":"metxl22-npg-ch-ma","status":"publish","type":"product","link":"https:\/\/maisonheavenly.com\/fr\/produit\/metxl22-npg-ch-ma\/","title":{"rendered":"METEOR SAUTOIR"},"content":{"rendered":"<p>L&#8217;\u00e9clat \u00e9meraude allong\u00e9 du collier METEOR refl\u00e8te l&#8217;essence de l&#8217;\u00eatre, symbolis\u00e9 par le nombre 5, figure de l&#8217;humain universel.<\/p>\n<p>Suspendue \u00e0 une ligne de diamants et d&#8217;or rose, la malachite est reconnue pour ses propri\u00e9t\u00e9s protectrices et \u00e9quilibrantes. Elle favorise \u00e9galement la transformation personnelle et l&#8217;audace.<\/p>\n<p>Gr\u00e2ce au collier METEOR, qui indique le d\u00e9sir d&#8217;\u00e9lever son \u00eatre et de connecter son moi int\u00e9rieur au monde entier, sa couleur verte, sublim\u00e9e par l&#8217;or rose et les diamants, \u00e9voque jeunesse, calme et dynamisme.<\/p>\n<p>Intemporel et architectural, le collier METEOR embellit tous les styles vestimentaires.<\/p>\n<p>METXL22.NPG.CH.MA<\/p>\n<p><strong>Taille du motif<br \/>\n<\/strong>Longueur : 40 mm<br \/>\nLargeur : 10 mm<\/p>\n<p><strong>Longueur de la cha\u00eene :<\/strong> 60-55-50-42 cm<\/p>\n<p><strong>Pierres : <\/strong>5 diamants<\/p>\n<p><strong>Poids carats : <\/strong>0,17 ct<\/p>\n<p><em>Toutes les cr\u00e9ations Maison Heavenly sont enregistr\u00e9es, num\u00e9rot\u00e9es individuellement et uniques : le poids de l&#8217;or, le poids des carats, la taille des pierres peuvent varier l\u00e9g\u00e8rement d&#8217;une cr\u00e9ation \u00e0 l&#8217;autre.<\/em><\/p>\n","protected":false},"excerpt":{"rendered":"<p>Or rose recycl\u00e9 750\/1000<br \/>\nMalachite &#8211; Diamants<\/p>\n","protected":false},"featured_media":53314,"comment_status":"open","ping_status":"closed","template":"","meta":[],"product_brand":[],"product_cat":[218,216,189,217,198],"product_tag":[],"class_list":{"0":"post-54541","1":"product","2":"type-product","3":"status-publish","4":"has-post-thumbnail","6":"product_cat-colliers-fr","7":"product_cat-colliers","8":"product_cat-meilleures-ventes","9":"product_cat-meteor-fr","10":"product_cat-tresors-cosmiques","13":"first","14":"instock","15":"taxable","16":"shipping-taxable","17":"purchasable","18":"product-type-simple"},"_links":{"self":[{"href":"https:\/\/maisonheavenly.com\/fr\/wp-json\/wp\/v2\/product\/54541","targetHints":{"allow":["GET"]}}],"collection":[{"href":"https:\/\/maisonheavenly.com\/fr\/wp-json\/wp\/v2\/product"}],"about":[{"href":"https:\/\/maisonheavenly.com\/fr\/wp-json\/wp\/v2\/types\/product"}],"replies":[{"embeddable":true,"href":"https:\/\/maisonheavenly.com\/fr\/wp-json\/wp\/v2\/comments?post=54541"}],"wp:featuredmedia":[{"embeddable":true,"href":"https:\/\/maisonheavenly.com\/fr\/wp-json\/wp\/v2\/media\/53314"}],"wp:attachment":[{"href":"https:\/\/maisonheavenly.com\/fr\/wp-json\/wp\/v2\/media?parent=54541"}],"wp:term":[{"taxonomy":"product_brand","embeddable":true,"href":"https:\/\/maisonheavenly.com\/fr\/wp-json\/wp\/v2\/product_brand?post=54541"},{"taxonomy":"product_cat","embeddable":true,"href":"https:\/\/maisonheavenly.com\/fr\/wp-json\/wp\/v2\/product_cat?post=54541"},{"taxonomy":"product_tag","embeddable":true,"href":"https:\/\/maisonheavenly.com\/fr\/wp-json\/wp\/v2\/product_tag?post=54541"}],"curies":[{"name":"wp","href":"https:\/\/api.w.org\/{rel}","templated":true}]}}