{"id":54540,"date":"2024-06-21T11:24:09","date_gmt":"2024-06-21T11:24:09","guid":{"rendered":"https:\/\/maisonheavenly.com\/product\/meteor-sautoir-3\/"},"modified":"2024-09-06T11:19:30","modified_gmt":"2024-09-06T11:19:30","slug":"metxl22-npg-ch-po","status":"publish","type":"product","link":"https:\/\/maisonheavenly.com\/fr\/produit\/metxl22-npg-ch-po\/","title":{"rendered":"METEOR SAUTOIR"},"content":{"rendered":"<p>L&#8217;\u00e9longation en taille \u00e9meraude du collier METEOR refl\u00e8te l&#8217;essence de l&#8217;\u00eatre, symbolis\u00e9e par le nombre 5, figure universelle de l&#8217;humain.<\/p>\n<p>Suspendu par une ligne de diamants et d&#8217;or rose, l&#8217;opale rose est connue pour ses propri\u00e9t\u00e9s protectrices et \u00e9quilibrantes. Elle favorise \u00e9galement la transformation personnelle et le courage.<\/p>\n<p>Gr\u00e2ce \u00e0 cela, le collier METEOR indique le d\u00e9sir d&#8217;\u00e9lever son \u00eatre et de connecter son moi int\u00e9rieur au monde entier.<\/p>\n<p>Mis en valeur par l&#8217;or rose et les diamants, sa couleur rose \u00e9voque la jeunesse, le calme et le dynamisme.<\/p>\n<p>Intemporel et architectural, le collier METEOR embellit tous les styles vestimentaires.<\/p>\n<p>METXL22.NPG.CH.PO<\/p>\n<p><strong>Taille du motif<br \/>\n<\/strong>Longueur : 40mm<br \/>\nLargeur : 10mm<\/p>\n<p><strong>Longueur de la cha\u00eene :<\/strong> 60-55-50-42cm<\/p>\n<p><strong>Pierres :<\/strong> 5 diamants<\/p>\n<p><strong>Poids carats : <\/strong>0,17ct<\/p>\n<p><em>Toutes les cr\u00e9ations de Maison Heavenly sont enregistr\u00e9es, num\u00e9rot\u00e9es individuellement et uniques : le poids de l&#8217;or, le poids en carats, et la taille des pierres peuvent varier l\u00e9g\u00e8rement d&#8217;une cr\u00e9ation \u00e0 l&#8217;autre.<\/em><\/p>\n<p>&nbsp;<\/p>\n","protected":false},"excerpt":{"rendered":"<p>Or rose recycl\u00e9 750\/1000<br \/>\nOpale rose &#8211; Diamants<\/p>\n","protected":false},"featured_media":53399,"comment_status":"open","ping_status":"closed","template":"","meta":[],"product_brand":[],"product_cat":[216,218,189,217],"product_tag":[],"class_list":{"0":"post-54540","1":"product","2":"type-product","3":"status-publish","4":"has-post-thumbnail","6":"product_cat-colliers","7":"product_cat-colliers-fr","8":"product_cat-meilleures-ventes","9":"product_cat-meteor-fr","12":"first","13":"instock","14":"taxable","15":"shipping-taxable","16":"purchasable","17":"product-type-simple"},"_links":{"self":[{"href":"https:\/\/maisonheavenly.com\/fr\/wp-json\/wp\/v2\/product\/54540","targetHints":{"allow":["GET"]}}],"collection":[{"href":"https:\/\/maisonheavenly.com\/fr\/wp-json\/wp\/v2\/product"}],"about":[{"href":"https:\/\/maisonheavenly.com\/fr\/wp-json\/wp\/v2\/types\/product"}],"replies":[{"embeddable":true,"href":"https:\/\/maisonheavenly.com\/fr\/wp-json\/wp\/v2\/comments?post=54540"}],"wp:featuredmedia":[{"embeddable":true,"href":"https:\/\/maisonheavenly.com\/fr\/wp-json\/wp\/v2\/media\/53399"}],"wp:attachment":[{"href":"https:\/\/maisonheavenly.com\/fr\/wp-json\/wp\/v2\/media?parent=54540"}],"wp:term":[{"taxonomy":"product_brand","embeddable":true,"href":"https:\/\/maisonheavenly.com\/fr\/wp-json\/wp\/v2\/product_brand?post=54540"},{"taxonomy":"product_cat","embeddable":true,"href":"https:\/\/maisonheavenly.com\/fr\/wp-json\/wp\/v2\/product_cat?post=54540"},{"taxonomy":"product_tag","embeddable":true,"href":"https:\/\/maisonheavenly.com\/fr\/wp-json\/wp\/v2\/product_tag?post=54540"}],"curies":[{"name":"wp","href":"https:\/\/api.w.org\/{rel}","templated":true}]}}