{"id":54539,"date":"2024-06-21T11:24:31","date_gmt":"2024-06-21T11:24:31","guid":{"rendered":"https:\/\/maisonheavenly.com\/product\/meteor-pendentif-gm-11\/"},"modified":"2024-09-06T10:52:04","modified_gmt":"2024-09-06T10:52:04","slug":"metgm22-nyg-ch-ti","status":"publish","type":"product","link":"https:\/\/maisonheavenly.com\/fr\/produit\/metgm22-nyg-ch-ti\/","title":{"rendered":"METEOR PENDENTIF GM"},"content":{"rendered":"<p>La taille \u00e9meraude allong\u00e9e du pendentif METEOR exprime l&#8217;essence de l&#8217;\u00eatre, symbolis\u00e9e par le chiffre 5, figure de l&#8217;univers humain.<\/p>\n<p>Suspendu comme en apesanteur, l&#8217;\u0152il de Tigre est appr\u00e9ci\u00e9 pour sa capacit\u00e9 \u00e0 transformer la tension en \u00e9nergie dynamique.<\/p>\n<p>Gr\u00e2ce \u00e0 la taille g\u00e9n\u00e9reuse de cette pierre facett\u00e9e sp\u00e9ciale, le pendentif METEOR indique le d\u00e9sir d&#8217;\u00e9lever son \u00eatre et de connecter son moi int\u00e9rieur au monde entier. Intemporel et \u00e9l\u00e9gant, le pendentif METEOR se marie avec toutes les tenues.<\/p>\n<p>METGM22.NYG.CH.TI<\/p>\n<p><strong>Taille du motif<br \/>\n<\/strong>Longueur : 30 mm<br \/>\nLargeur : 7,5 mm<\/p>\n<p><strong>Longueur de la cha\u00eene : <\/strong>50-48-45-42 cm<\/p>\n<p><em>Toutes les cr\u00e9ations de la Maison Heavenly sont enregistr\u00e9es, num\u00e9rot\u00e9es individuellement et uniques : le poids de l&#8217;or, le poids en carats et la taille des pierres peuvent varier l\u00e9g\u00e8rement d&#8217;une cr\u00e9ation \u00e0 l&#8217;autre.<\/em><\/p>\n","protected":false},"excerpt":{"rendered":"<p>Or rose recycl\u00e9 750\/1000<br \/>\n\u0152il de Tigre<\/p>\n","protected":false},"featured_media":55749,"comment_status":"open","ping_status":"closed","template":"","meta":[],"product_brand":[],"product_cat":[217,219,212],"product_tag":[],"class_list":{"0":"post-54539","1":"product","2":"type-product","3":"status-publish","4":"has-post-thumbnail","6":"product_cat-meteor-fr","7":"product_cat-pendentif","8":"product_cat-pendentifs","11":"first","12":"instock","13":"taxable","14":"shipping-taxable","15":"purchasable","16":"product-type-simple"},"_links":{"self":[{"href":"https:\/\/maisonheavenly.com\/fr\/wp-json\/wp\/v2\/product\/54539","targetHints":{"allow":["GET"]}}],"collection":[{"href":"https:\/\/maisonheavenly.com\/fr\/wp-json\/wp\/v2\/product"}],"about":[{"href":"https:\/\/maisonheavenly.com\/fr\/wp-json\/wp\/v2\/types\/product"}],"replies":[{"embeddable":true,"href":"https:\/\/maisonheavenly.com\/fr\/wp-json\/wp\/v2\/comments?post=54539"}],"wp:featuredmedia":[{"embeddable":true,"href":"https:\/\/maisonheavenly.com\/fr\/wp-json\/wp\/v2\/media\/55749"}],"wp:attachment":[{"href":"https:\/\/maisonheavenly.com\/fr\/wp-json\/wp\/v2\/media?parent=54539"}],"wp:term":[{"taxonomy":"product_brand","embeddable":true,"href":"https:\/\/maisonheavenly.com\/fr\/wp-json\/wp\/v2\/product_brand?post=54539"},{"taxonomy":"product_cat","embeddable":true,"href":"https:\/\/maisonheavenly.com\/fr\/wp-json\/wp\/v2\/product_cat?post=54539"},{"taxonomy":"product_tag","embeddable":true,"href":"https:\/\/maisonheavenly.com\/fr\/wp-json\/wp\/v2\/product_tag?post=54539"}],"curies":[{"name":"wp","href":"https:\/\/api.w.org\/{rel}","templated":true}]}}