{"id":54533,"date":"2024-06-21T11:28:03","date_gmt":"2024-06-21T11:28:03","guid":{"rendered":"https:\/\/maisonheavenly.com\/product\/meteor-bague-pm-2\/"},"modified":"2024-11-25T12:29:27","modified_gmt":"2024-11-25T12:29:27","slug":"metpm24-rpg-go-co","status":"publish","type":"product","link":"https:\/\/maisonheavenly.com\/fr\/produit\/metpm24-rpg-go-co\/","title":{"rendered":"METEOR BAGUE PM"},"content":{"rendered":"<p>La coupe \u00e9meraude de la bague METEOR exprime l&#8217;essence de l&#8217;\u00eatre, symbolis\u00e9e par le nombre 5, figure de l&#8217;humanit\u00e9 universelle.<\/p>\n<p>Mises en valeur par deux lignes de diamants, la cornaline, r\u00e9put\u00e9e pour stimuler la motivation et la cr\u00e9ativit\u00e9, favorise une sensation de vitalit\u00e9 et d&#8217;audace.<\/p>\n<p>Gr\u00e2ce \u00e0 cette pierre \u00e9quilibrante, la bague METEOR, v\u00e9ritablement singuli\u00e8re, associ\u00e9e \u00e0 l&#8217;or rose, cr\u00e9e des contrastes raffin\u00e9s.<\/p>\n<p>Con\u00e7ue de mani\u00e8re ergonomique pour le confort, cette \u00e9l\u00e9gante bague compl\u00e8te tout style.<\/p>\n<p>Mise \u00e0 taille disponible.<\/p>\n<p>METPM24.RPG.GO.CO<\/p>\n<p><strong>Taille du motif<br \/>\n<\/strong>Longueur : 20mm<br \/>\nLargeur : 5mm<\/p>\n<p><strong>Tailles : <\/strong>50-55<\/p>\n<p><strong>Pierres :<\/strong> 11<\/p>\n<p><strong>Poids carats : <\/strong>0,09ct<\/p>\n<p><em>Toutes les cr\u00e9ations de Maison Heavenly sont enregistr\u00e9es, num\u00e9rot\u00e9es individuellement et uniques : le poids de l&#8217;or, le poids des carats et la taille des pierres peuvent varier l\u00e9g\u00e8rement d&#8217;une cr\u00e9ation \u00e0 l&#8217;autre.<\/em><\/p>\n","protected":false},"excerpt":{"rendered":"<p>Or rose recycl\u00e9 750\/1000<br \/>\nCornaline &#8211; Diamants<\/p>\n","protected":false},"featured_media":55815,"comment_status":"open","ping_status":"closed","template":"","meta":[],"product_brand":[],"product_cat":[207,220,217,206],"product_tag":[],"class_list":{"0":"post-54533","1":"product","2":"type-product","3":"status-publish","4":"has-post-thumbnail","6":"product_cat-bagues","7":"product_cat-bagues-fr-2","8":"product_cat-meteor-fr","9":"product_cat-nouveautes","12":"first","13":"instock","14":"taxable","15":"shipping-taxable","16":"purchasable","17":"product-type-simple"},"_links":{"self":[{"href":"https:\/\/maisonheavenly.com\/fr\/wp-json\/wp\/v2\/product\/54533","targetHints":{"allow":["GET"]}}],"collection":[{"href":"https:\/\/maisonheavenly.com\/fr\/wp-json\/wp\/v2\/product"}],"about":[{"href":"https:\/\/maisonheavenly.com\/fr\/wp-json\/wp\/v2\/types\/product"}],"replies":[{"embeddable":true,"href":"https:\/\/maisonheavenly.com\/fr\/wp-json\/wp\/v2\/comments?post=54533"}],"wp:featuredmedia":[{"embeddable":true,"href":"https:\/\/maisonheavenly.com\/fr\/wp-json\/wp\/v2\/media\/55815"}],"wp:attachment":[{"href":"https:\/\/maisonheavenly.com\/fr\/wp-json\/wp\/v2\/media?parent=54533"}],"wp:term":[{"taxonomy":"product_brand","embeddable":true,"href":"https:\/\/maisonheavenly.com\/fr\/wp-json\/wp\/v2\/product_brand?post=54533"},{"taxonomy":"product_cat","embeddable":true,"href":"https:\/\/maisonheavenly.com\/fr\/wp-json\/wp\/v2\/product_cat?post=54533"},{"taxonomy":"product_tag","embeddable":true,"href":"https:\/\/maisonheavenly.com\/fr\/wp-json\/wp\/v2\/product_tag?post=54533"}],"curies":[{"name":"wp","href":"https:\/\/api.w.org\/{rel}","templated":true}]}}