{"id":54529,"date":"2024-06-21T11:28:26","date_gmt":"2024-06-21T11:28:26","guid":{"rendered":"https:\/\/maisonheavenly.com\/product\/meteor-pendentif-gm-8\/"},"modified":"2024-09-06T10:52:58","modified_gmt":"2024-09-06T10:52:58","slug":"metgm22-npg-ch-bu","status":"publish","type":"product","link":"https:\/\/maisonheavenly.com\/fr\/produit\/metgm22-npg-ch-bu\/","title":{"rendered":"METEOR PENDENTIF GM"},"content":{"rendered":"<p>La coupe \u00e9meraude allong\u00e9e du Pendentif METEOR exprime l&#8217;essence de l&#8217;\u00eatre, symbolis\u00e9e par le nombre 5, figure de l&#8217;humanit\u00e9 universelle.<\/p>\n<p>Suspendu comme en apesanteur, le Bull\u2019s Eye est appr\u00e9ci\u00e9 pour sa capacit\u00e9 \u00e0 transformer les tensions en \u00e9nergie dynamique.<\/p>\n<p>Gr\u00e2ce \u00e0 la taille g\u00e9n\u00e9reuse de cette pierre facett\u00e9e particuli\u00e8re, le Pendentif METEOR illustre le d\u00e9sir d&#8217;\u00e9lever son \u00eatre et de connecter son moi int\u00e9rieur au monde entier.<\/p>\n<p>Intemporel et \u00e9l\u00e9gant, le Pendentif METEOR s&#8217;harmonise avec toutes les tenues.<\/p>\n<p>METGM22.NPG.CH.BU<\/p>\n<p><strong>Taille du motif<br \/>\n<\/strong>Longueur : 30mm<br \/>\nLargeur : 7,5mm<\/p>\n<p><strong>Longueur de la cha\u00eene : <\/strong>50-48-45-42cm<\/p>\n<p><em>Toutes les cr\u00e9ations de Maison Heavenly sont enregistr\u00e9es, num\u00e9rot\u00e9es individuellement et uniques : le poids de l&#8217;or, le poids des carats et la taille des pierres peuvent varier l\u00e9g\u00e8rement d&#8217;une cr\u00e9ation \u00e0 l&#8217;autre.<\/em><\/p>\n","protected":false},"excerpt":{"rendered":"<p>Or rose recycl\u00e9 750\/1000<br \/>\nBull&#8217;s Eye<\/p>\n","protected":false},"featured_media":53417,"comment_status":"open","ping_status":"closed","template":"","meta":[],"product_brand":[],"product_cat":[217,215,219,212,208],"product_tag":[],"class_list":{"0":"post-54529","1":"product","2":"type-product","3":"status-publish","4":"has-post-thumbnail","6":"product_cat-meteor-fr","7":"product_cat-moins-de-1500","8":"product_cat-pendentif","9":"product_cat-pendentifs","10":"product_cat-pour-lui","13":"first","14":"instock","15":"taxable","16":"shipping-taxable","17":"purchasable","18":"product-type-simple"},"_links":{"self":[{"href":"https:\/\/maisonheavenly.com\/fr\/wp-json\/wp\/v2\/product\/54529","targetHints":{"allow":["GET"]}}],"collection":[{"href":"https:\/\/maisonheavenly.com\/fr\/wp-json\/wp\/v2\/product"}],"about":[{"href":"https:\/\/maisonheavenly.com\/fr\/wp-json\/wp\/v2\/types\/product"}],"replies":[{"embeddable":true,"href":"https:\/\/maisonheavenly.com\/fr\/wp-json\/wp\/v2\/comments?post=54529"}],"wp:featuredmedia":[{"embeddable":true,"href":"https:\/\/maisonheavenly.com\/fr\/wp-json\/wp\/v2\/media\/53417"}],"wp:attachment":[{"href":"https:\/\/maisonheavenly.com\/fr\/wp-json\/wp\/v2\/media?parent=54529"}],"wp:term":[{"taxonomy":"product_brand","embeddable":true,"href":"https:\/\/maisonheavenly.com\/fr\/wp-json\/wp\/v2\/product_brand?post=54529"},{"taxonomy":"product_cat","embeddable":true,"href":"https:\/\/maisonheavenly.com\/fr\/wp-json\/wp\/v2\/product_cat?post=54529"},{"taxonomy":"product_tag","embeddable":true,"href":"https:\/\/maisonheavenly.com\/fr\/wp-json\/wp\/v2\/product_tag?post=54529"}],"curies":[{"name":"wp","href":"https:\/\/api.w.org\/{rel}","templated":true}]}}