{"id":54528,"date":"2024-06-21T11:18:02","date_gmt":"2024-06-21T11:18:02","guid":{"rendered":"https:\/\/maisonheavenly.com\/product\/meteor-pendentif-gm-7\/"},"modified":"2024-09-06T10:58:15","modified_gmt":"2024-09-06T10:58:15","slug":"metgm22-npg-ch-ma","status":"publish","type":"product","link":"https:\/\/maisonheavenly.com\/fr\/produit\/metgm22-npg-ch-ma\/","title":{"rendered":"METEOR PENDENTIF GM"},"content":{"rendered":"<p>La coupe \u00e9meraude allong\u00e9e du Pendentif METEOR exprime l&#8217;essence de l&#8217;\u00eatre, symbolis\u00e9e par le nombre 5, figure de l&#8217;humanit\u00e9 universelle.<\/p>\n<p>Simplement suspendue \u00e0 une ligne d&#8217;or et de diamants, la malachite est connue pour ses propri\u00e9t\u00e9s protectrices et \u00e9quilibrantes.<\/p>\n<p>Elle encourage \u00e9galement la transformation personnelle et l&#8217;audace. Gr\u00e2ce \u00e0 cette pierre \u00e9nerg\u00e9tique et particuli\u00e8re, le Pendentif METEOR illustre le d\u00e9sir d&#8217;\u00e9lever son \u00eatre et de connecter son moi int\u00e9rieur au monde entier.<\/p>\n<p>Sa teinte verte intense \u00e9voque une sensation de jeunesse et de calme. La compl\u00e9mentarit\u00e9 entre l&#8217;or rose et la dimension affirm\u00e9e de la malachite t\u00e9moigne d&#8217;une dynamique androgyne.<\/p>\n<p>\u00c9l\u00e9gant et raffin\u00e9, le Pendentif METEOR se marie avec toutes les tenues.<\/p>\n<p>METGM22.NPG.CH.MA<\/p>\n<p><strong>Taille du motif<br \/>\n<\/strong>Longueur : 30mm<br \/>\nLargeur : 7,5mm<\/p>\n<p><strong>Longueur de la cha\u00eene : <\/strong>50-48-45-42cm<\/p>\n<p><strong>Pierres :<\/strong> 5 diamants<\/p>\n<p><strong>Poids carats : <\/strong>0,05ct<\/p>\n<p><em>Toutes les cr\u00e9ations de Maison Heavenly sont enregistr\u00e9es, num\u00e9rot\u00e9es individuellement et uniques : le poids de l&#8217;or, le poids des carats et la taille des pierres peuvent varier l\u00e9g\u00e8rement d&#8217;une cr\u00e9ation \u00e0 l&#8217;autre.<\/em><\/p>\n<p>&nbsp;<\/p>\n","protected":false},"excerpt":{"rendered":"<p>Or rose recycl\u00e9 750\/1000<br \/>\nMalachite &#8211; Diamants<\/p>\n","protected":false},"featured_media":55963,"comment_status":"open","ping_status":"closed","template":"","meta":[],"product_brand":[],"product_cat":[242,189,217,219,212],"product_tag":[],"class_list":{"0":"post-54528","1":"product","2":"type-product","3":"status-publish","4":"has-post-thumbnail","6":"product_cat-cadeaux-cosmiques","7":"product_cat-meilleures-ventes","8":"product_cat-meteor-fr","9":"product_cat-pendentif","10":"product_cat-pendentifs","13":"first","14":"instock","15":"taxable","16":"shipping-taxable","17":"purchasable","18":"product-type-simple"},"_links":{"self":[{"href":"https:\/\/maisonheavenly.com\/fr\/wp-json\/wp\/v2\/product\/54528","targetHints":{"allow":["GET"]}}],"collection":[{"href":"https:\/\/maisonheavenly.com\/fr\/wp-json\/wp\/v2\/product"}],"about":[{"href":"https:\/\/maisonheavenly.com\/fr\/wp-json\/wp\/v2\/types\/product"}],"replies":[{"embeddable":true,"href":"https:\/\/maisonheavenly.com\/fr\/wp-json\/wp\/v2\/comments?post=54528"}],"wp:featuredmedia":[{"embeddable":true,"href":"https:\/\/maisonheavenly.com\/fr\/wp-json\/wp\/v2\/media\/55963"}],"wp:attachment":[{"href":"https:\/\/maisonheavenly.com\/fr\/wp-json\/wp\/v2\/media?parent=54528"}],"wp:term":[{"taxonomy":"product_brand","embeddable":true,"href":"https:\/\/maisonheavenly.com\/fr\/wp-json\/wp\/v2\/product_brand?post=54528"},{"taxonomy":"product_cat","embeddable":true,"href":"https:\/\/maisonheavenly.com\/fr\/wp-json\/wp\/v2\/product_cat?post=54528"},{"taxonomy":"product_tag","embeddable":true,"href":"https:\/\/maisonheavenly.com\/fr\/wp-json\/wp\/v2\/product_tag?post=54528"}],"curies":[{"name":"wp","href":"https:\/\/api.w.org\/{rel}","templated":true}]}}