{"id":54527,"date":"2024-06-21T11:18:01","date_gmt":"2024-06-21T11:18:01","guid":{"rendered":"https:\/\/maisonheavenly.com\/product\/meteor-pendentif-gm-6\/"},"modified":"2024-09-06T10:59:47","modified_gmt":"2024-09-06T10:59:47","slug":"metgm22-npg-ch-tu","status":"publish","type":"product","link":"https:\/\/maisonheavenly.com\/fr\/produit\/metgm22-npg-ch-tu\/","title":{"rendered":"METEOR PENDENTIF GM"},"content":{"rendered":"<p>La coupe \u00e9meraude allong\u00e9e du Pendentif METEOR exprime l&#8217;essence de l&#8217;\u00eatre, symbolis\u00e9e par le nombre 5, figure de l&#8217;humanit\u00e9 universelle.<\/p>\n<p>La turquoise repr\u00e9sente \u00e9galement l&#8217;alliance du ciel et de la mer. Elle est \u00e9galement appr\u00e9ci\u00e9e pour sa capacit\u00e9 \u00e0 transformer les tensions en \u00e9nergie positive.<\/p>\n<p>Gr\u00e2ce \u00e0 cette pierre facett\u00e9e et sp\u00e9ciale de sagesse, le Pendentif METEOR illustre le d\u00e9sir d&#8217;\u00e9lever son \u00eatre et de connecter son moi int\u00e9rieur au monde entier.<\/p>\n<p>Sa dimension affirm\u00e9e et sa teinte bleu azur se marient parfaitement avec l&#8217;or rose et les diamants.<\/p>\n<p>Intemporel et audacieux, le Pendentif METEOR dynamise toute tenue.<\/p>\n<p>METGM22.NPG.CH.TU<\/p>\n<p><strong>Taille du motif<br \/>\n<\/strong>Longueur : 30mm<br \/>\nLargeur : 7,5mm<\/p>\n<p><strong>Longueur de la cha\u00eene :<\/strong> 50-48-45-42cm<\/p>\n<p><strong>Pierres : <\/strong>5 diamants<\/p>\n<p><strong>Poids carats :<\/strong> 0,05ct<\/p>\n<p><em>Toutes les cr\u00e9ations de Maison Heavenly sont enregistr\u00e9es, num\u00e9rot\u00e9es individuellement et uniques : le poids de l&#8217;or, le poids des carats et la taille des pierres peuvent varier l\u00e9g\u00e8rement d&#8217;une cr\u00e9ation \u00e0 l&#8217;autre.<\/em><\/p>\n<p>&nbsp;<\/p>\n","protected":false},"excerpt":{"rendered":"<p>Or rose recycl\u00e9 750\/1000<br \/>\nTurquoise &#8211; Diamants<\/p>\n","protected":false},"featured_media":55802,"comment_status":"open","ping_status":"closed","template":"","meta":[],"product_brand":[],"product_cat":[217,219,212],"product_tag":[],"class_list":{"0":"post-54527","1":"product","2":"type-product","3":"status-publish","4":"has-post-thumbnail","6":"product_cat-meteor-fr","7":"product_cat-pendentif","8":"product_cat-pendentifs","11":"first","12":"instock","13":"taxable","14":"shipping-taxable","15":"purchasable","16":"product-type-simple"},"_links":{"self":[{"href":"https:\/\/maisonheavenly.com\/fr\/wp-json\/wp\/v2\/product\/54527","targetHints":{"allow":["GET"]}}],"collection":[{"href":"https:\/\/maisonheavenly.com\/fr\/wp-json\/wp\/v2\/product"}],"about":[{"href":"https:\/\/maisonheavenly.com\/fr\/wp-json\/wp\/v2\/types\/product"}],"replies":[{"embeddable":true,"href":"https:\/\/maisonheavenly.com\/fr\/wp-json\/wp\/v2\/comments?post=54527"}],"wp:featuredmedia":[{"embeddable":true,"href":"https:\/\/maisonheavenly.com\/fr\/wp-json\/wp\/v2\/media\/55802"}],"wp:attachment":[{"href":"https:\/\/maisonheavenly.com\/fr\/wp-json\/wp\/v2\/media?parent=54527"}],"wp:term":[{"taxonomy":"product_brand","embeddable":true,"href":"https:\/\/maisonheavenly.com\/fr\/wp-json\/wp\/v2\/product_brand?post=54527"},{"taxonomy":"product_cat","embeddable":true,"href":"https:\/\/maisonheavenly.com\/fr\/wp-json\/wp\/v2\/product_cat?post=54527"},{"taxonomy":"product_tag","embeddable":true,"href":"https:\/\/maisonheavenly.com\/fr\/wp-json\/wp\/v2\/product_tag?post=54527"}],"curies":[{"name":"wp","href":"https:\/\/api.w.org\/{rel}","templated":true}]}}