{"id":54526,"date":"2024-06-21T11:18:01","date_gmt":"2024-06-21T11:18:01","guid":{"rendered":"https:\/\/maisonheavenly.com\/product\/meteor-pendentif-gm-5\/"},"modified":"2024-11-28T12:20:14","modified_gmt":"2024-11-28T12:20:14","slug":"metgm22-npg-ch-go","status":"publish","type":"product","link":"https:\/\/maisonheavenly.com\/fr\/produit\/metgm22-npg-ch-go\/","title":{"rendered":"METEOR PENDENTIF GM"},"content":{"rendered":"<p>La coupe \u00e9meraude allong\u00e9e du Pendentif METEOR exprime l&#8217;essence de l&#8217;\u00eatre, symbolis\u00e9e par le nombre 5, figure de l&#8217;humanit\u00e9 universelle.<\/p>\n<p>Associ\u00e9 \u00e0 l&#8217;amour, l&#8217;or rose enrichit le design du Pendentif METEOR d&#8217;une touche de modernit\u00e9 et de romantisme.<\/p>\n<p>En captant la lumi\u00e8re, il illustre le d\u00e9sir de connecter son \u00eatre int\u00e9rieur avec le monde entier.<\/p>\n<p>Intemporel et resplendissant, le Pendentif METEOR se marie avec toutes les tenues.<\/p>\n<p>METGM22.NPG.CH.GO<\/p>\n<p><strong>Taille du motif<br \/>\n<\/strong>Longueur : 30mm<br \/>\nLargeur : 7,5mm<\/p>\n<p><strong>Longueur de la cha\u00eene :<\/strong> 50-48-45-42cm<\/p>\n<p><strong>Pierres : <\/strong>5 diamants<\/p>\n<p><strong>Poids carats : <\/strong>0,05ct<\/p>\n<p><em>Toutes les cr\u00e9ations de Maison Heavenly sont enregistr\u00e9es, num\u00e9rot\u00e9es individuellement et uniques : le poids de l&#8217;or, le poids des carats et la taille des pierres peuvent varier l\u00e9g\u00e8rement d&#8217;une cr\u00e9ation \u00e0 l&#8217;autre.<\/em><\/p>\n<p>&nbsp;<\/p>\n","protected":false},"excerpt":{"rendered":"<p>Or rose recycl\u00e9 750\/1000<br \/>\nOr rose &#8211; Diamants<\/p>\n","protected":false},"featured_media":55764,"comment_status":"open","ping_status":"closed","template":"","meta":[],"product_brand":[],"product_cat":[242,217,219,212],"product_tag":[],"class_list":{"0":"post-54526","1":"product","2":"type-product","3":"status-publish","4":"has-post-thumbnail","6":"product_cat-cadeaux-cosmiques","7":"product_cat-meteor-fr","8":"product_cat-pendentif","9":"product_cat-pendentifs","12":"first","13":"instock","14":"taxable","15":"shipping-taxable","16":"purchasable","17":"product-type-simple"},"_links":{"self":[{"href":"https:\/\/maisonheavenly.com\/fr\/wp-json\/wp\/v2\/product\/54526","targetHints":{"allow":["GET"]}}],"collection":[{"href":"https:\/\/maisonheavenly.com\/fr\/wp-json\/wp\/v2\/product"}],"about":[{"href":"https:\/\/maisonheavenly.com\/fr\/wp-json\/wp\/v2\/types\/product"}],"replies":[{"embeddable":true,"href":"https:\/\/maisonheavenly.com\/fr\/wp-json\/wp\/v2\/comments?post=54526"}],"wp:featuredmedia":[{"embeddable":true,"href":"https:\/\/maisonheavenly.com\/fr\/wp-json\/wp\/v2\/media\/55764"}],"wp:attachment":[{"href":"https:\/\/maisonheavenly.com\/fr\/wp-json\/wp\/v2\/media?parent=54526"}],"wp:term":[{"taxonomy":"product_brand","embeddable":true,"href":"https:\/\/maisonheavenly.com\/fr\/wp-json\/wp\/v2\/product_brand?post=54526"},{"taxonomy":"product_cat","embeddable":true,"href":"https:\/\/maisonheavenly.com\/fr\/wp-json\/wp\/v2\/product_cat?post=54526"},{"taxonomy":"product_tag","embeddable":true,"href":"https:\/\/maisonheavenly.com\/fr\/wp-json\/wp\/v2\/product_tag?post=54526"}],"curies":[{"name":"wp","href":"https:\/\/api.w.org\/{rel}","templated":true}]}}