{"id":54524,"date":"2024-06-21T11:18:01","date_gmt":"2024-06-21T11:18:01","guid":{"rendered":"https:\/\/maisonheavenly.com\/product\/meteor-pendentif-pm-8\/"},"modified":"2024-11-25T12:25:23","modified_gmt":"2024-11-25T12:25:23","slug":"metpm22-nwg-ch-on","status":"publish","type":"product","link":"https:\/\/maisonheavenly.com\/fr\/produit\/metpm22-nwg-ch-on\/","title":{"rendered":"METEOR PENDENTIF PM"},"content":{"rendered":"<p>La taille \u00e9meraude allong\u00e9e \u00e0 cinq facettes du pendentif METEOR exprime l&#8217;essence de l&#8217;\u00eatre, symbolis\u00e9e par le chiffre 5, la figure universelle de l&#8217;humain.<\/p>\n<p>Suspendu \u00e0 une ligne de diamants et d&#8217;or blanc, l&#8217;onyx, connu pour sa force, est r\u00e9put\u00e9 pour aider \u00e0 s&#8217;ancrer dans le moment pr\u00e9sent.<\/p>\n<p>Gr\u00e2ce \u00e0 cette pierre \u00e9quilibrante, le pendentif METEOR indique le d\u00e9sir d&#8217;\u00e9lever son \u00eatre et de connecter son moi int\u00e9rieur au monde entier.<\/p>\n<p>Sa couleur noire profonde, v\u00e9ritablement sp\u00e9ciale, associ\u00e9e \u00e0 l&#8217;or blanc, cr\u00e9e des contrastes raffin\u00e9s.<\/p>\n<p>\u00c9l\u00e9gant et d\u00e9termin\u00e9, le pendentif METEOR s&#8217;accorde avec toutes les tenues.<\/p>\n<p>METPM22.NWG.CH.ON<\/p>\n<p><strong>Taille du motif<br \/>\n<\/strong>Longueur : 20 mm<br \/>\nLargeur : 5 mm<\/p>\n<p><strong>Longueur de la cha\u00eene : <\/strong>45-42-40-38 cm<\/p>\n<p><strong>Pierres : <\/strong>5 diamants<\/p>\n<p><strong>Poids carats : <\/strong>0,05 ct<\/p>\n<p><em>Toutes les cr\u00e9ations de la Maison Heavenly sont enregistr\u00e9es, num\u00e9rot\u00e9es individuellement et uniques : le poids de l&#8217;or, le poids en carats et la taille des pierres peuvent varier l\u00e9g\u00e8rement d&#8217;une cr\u00e9ation \u00e0 l&#8217;autre.<\/em><\/p>\n","protected":false},"excerpt":{"rendered":"<p>Or blanc recycl\u00e9 750\/1000<br \/>\nOnyx &#8211; Diamants<\/p>\n","protected":false},"featured_media":55953,"comment_status":"open","ping_status":"closed","template":"","meta":[],"product_brand":[],"product_cat":[217,219,212],"product_tag":[],"class_list":{"0":"post-54524","1":"product","2":"type-product","3":"status-publish","4":"has-post-thumbnail","6":"product_cat-meteor-fr","7":"product_cat-pendentif","8":"product_cat-pendentifs","11":"first","12":"instock","13":"taxable","14":"shipping-taxable","15":"purchasable","16":"product-type-simple"},"_links":{"self":[{"href":"https:\/\/maisonheavenly.com\/fr\/wp-json\/wp\/v2\/product\/54524","targetHints":{"allow":["GET"]}}],"collection":[{"href":"https:\/\/maisonheavenly.com\/fr\/wp-json\/wp\/v2\/product"}],"about":[{"href":"https:\/\/maisonheavenly.com\/fr\/wp-json\/wp\/v2\/types\/product"}],"replies":[{"embeddable":true,"href":"https:\/\/maisonheavenly.com\/fr\/wp-json\/wp\/v2\/comments?post=54524"}],"wp:featuredmedia":[{"embeddable":true,"href":"https:\/\/maisonheavenly.com\/fr\/wp-json\/wp\/v2\/media\/55953"}],"wp:attachment":[{"href":"https:\/\/maisonheavenly.com\/fr\/wp-json\/wp\/v2\/media?parent=54524"}],"wp:term":[{"taxonomy":"product_brand","embeddable":true,"href":"https:\/\/maisonheavenly.com\/fr\/wp-json\/wp\/v2\/product_brand?post=54524"},{"taxonomy":"product_cat","embeddable":true,"href":"https:\/\/maisonheavenly.com\/fr\/wp-json\/wp\/v2\/product_cat?post=54524"},{"taxonomy":"product_tag","embeddable":true,"href":"https:\/\/maisonheavenly.com\/fr\/wp-json\/wp\/v2\/product_tag?post=54524"}],"curies":[{"name":"wp","href":"https:\/\/api.w.org\/{rel}","templated":true}]}}