{"id":54523,"date":"2024-06-21T11:18:01","date_gmt":"2024-06-21T11:18:01","guid":{"rendered":"https:\/\/maisonheavenly.com\/product\/meteor-pendentif-pm-7\/"},"modified":"2024-11-28T12:23:10","modified_gmt":"2024-11-28T12:23:10","slug":"metpm22-npg-ch-tu","status":"publish","type":"product","link":"https:\/\/maisonheavenly.com\/fr\/produit\/metpm22-npg-ch-tu\/","title":{"rendered":"METEOR PENDENTIF PM"},"content":{"rendered":"<p>Avec ses cinq facettes, la taille \u00e9meraude allong\u00e9e du pendentif METEOR exprime l&#8217;essence de l&#8217;\u00eatre, symbolis\u00e9e par le chiffre 5, la figure universelle de l&#8217;humain.<\/p>\n<p>Suspendu \u00e0 une ligne de diamants et d&#8217;or rose, la turquoise repr\u00e9sente l&#8217;alliance du ciel et de la mer. Elle est \u00e9galement appr\u00e9ci\u00e9e pour sa capacit\u00e9 \u00e0 transformer les tensions en \u00e9nergies positives et dynamiques. Gr\u00e2ce \u00e0 cette pierre de sagesse, le pendentif METEOR indique le d\u00e9sir d&#8217;\u00e9lever son \u00eatre et de connecter son moi int\u00e9rieur au monde entier.<\/p>\n<p>L&#8217;or rose et la pierre intens\u00e9ment azur cr\u00e9ent une association lumineuse. \u00c9l\u00e9gant et discret, le pendentif METEOR s&#8217;accorde avec toutes les tenues.<\/p>\n<p>METPM22.NPG.CH.TU<\/p>\n<p><strong>Taille du motif<br \/>\n<\/strong>Longueur : 20 mm<br \/>\nLargeur : 5 mm<\/p>\n<p><strong>Longueur de la cha\u00eene : <\/strong>45-42-40-38 cm<\/p>\n<p><strong>Pierres :<\/strong> 5 diamants<\/p>\n<p><strong>Poids carats :<\/strong> 0,05 ct<\/p>\n<p><em>Toutes les cr\u00e9ations de la Maison Heavenly sont enregistr\u00e9es, num\u00e9rot\u00e9es individuellement et uniques : le poids de l&#8217;or, le poids en carats et la taille des pierres peuvent varier l\u00e9g\u00e8rement d&#8217;une cr\u00e9ation \u00e0 l&#8217;autre.<\/em><\/p>\n","protected":false},"excerpt":{"rendered":"<p>Or rose recycl\u00e9 750\/1000<br \/>\nTurquoise &#8211; Diamants<\/p>\n","protected":false},"featured_media":55945,"comment_status":"open","ping_status":"closed","template":"","meta":[],"product_brand":[],"product_cat":[242,217,219,212],"product_tag":[],"class_list":{"0":"post-54523","1":"product","2":"type-product","3":"status-publish","4":"has-post-thumbnail","6":"product_cat-cadeaux-cosmiques","7":"product_cat-meteor-fr","8":"product_cat-pendentif","9":"product_cat-pendentifs","12":"first","13":"instock","14":"taxable","15":"shipping-taxable","16":"purchasable","17":"product-type-simple"},"_links":{"self":[{"href":"https:\/\/maisonheavenly.com\/fr\/wp-json\/wp\/v2\/product\/54523","targetHints":{"allow":["GET"]}}],"collection":[{"href":"https:\/\/maisonheavenly.com\/fr\/wp-json\/wp\/v2\/product"}],"about":[{"href":"https:\/\/maisonheavenly.com\/fr\/wp-json\/wp\/v2\/types\/product"}],"replies":[{"embeddable":true,"href":"https:\/\/maisonheavenly.com\/fr\/wp-json\/wp\/v2\/comments?post=54523"}],"wp:featuredmedia":[{"embeddable":true,"href":"https:\/\/maisonheavenly.com\/fr\/wp-json\/wp\/v2\/media\/55945"}],"wp:attachment":[{"href":"https:\/\/maisonheavenly.com\/fr\/wp-json\/wp\/v2\/media?parent=54523"}],"wp:term":[{"taxonomy":"product_brand","embeddable":true,"href":"https:\/\/maisonheavenly.com\/fr\/wp-json\/wp\/v2\/product_brand?post=54523"},{"taxonomy":"product_cat","embeddable":true,"href":"https:\/\/maisonheavenly.com\/fr\/wp-json\/wp\/v2\/product_cat?post=54523"},{"taxonomy":"product_tag","embeddable":true,"href":"https:\/\/maisonheavenly.com\/fr\/wp-json\/wp\/v2\/product_tag?post=54523"}],"curies":[{"name":"wp","href":"https:\/\/api.w.org\/{rel}","templated":true}]}}