{"id":54521,"date":"2024-06-21T11:18:01","date_gmt":"2024-06-21T11:18:01","guid":{"rendered":"https:\/\/maisonheavenly.com\/product\/meteor-pendentif-pm-5\/"},"modified":"2024-11-25T12:20:45","modified_gmt":"2024-11-25T12:20:45","slug":"metpm22-npg-ch-co","status":"publish","type":"product","link":"https:\/\/maisonheavenly.com\/fr\/produit\/metpm22-npg-ch-co\/","title":{"rendered":"METEOR PENDENTIF PM"},"content":{"rendered":"<p>Le pendentif METEOR, avec sa taille \u00e9meraude allong\u00e9e, refl\u00e8te l&#8217;essence de l&#8217;\u00eatre, symbolis\u00e9e par le chiffre 5, repr\u00e9sentant l&#8217;universel humain. Son design vertical \u00e9voque le d\u00e9sir d&#8217;\u00e9l\u00e9vation dans le monde, reliant ainsi l&#8217;\u00eatre int\u00e9rieur au monde ext\u00e9rieur.<\/p>\n<p>Suspendu \u00e0 une ligne de diamants et d&#8217;or rose, le corail, connu pour apporter prosp\u00e9rit\u00e9 et repousser le mauvais \u0153il, invite \u00e0 traverser la vie avec courage et r\u00e9silience. Cette pierre unique enrichit le pendentif METEOR de sa teinte chaude et androgyne.<\/p>\n<p>\u00c9l\u00e9gant, le pendentif METEOR s&#8217;accorde avec toutes les tenues.<\/p>\n<p>METPM22.NPG.CH.CO<\/p>\n<p><strong>Taille du motif<br \/>\n<\/strong>Longueur : 20 mm<br \/>\nLargeur : 5 mm<\/p>\n<p><strong>Longueur de la cha\u00eene :<\/strong> 45-42-40-38 cm<\/p>\n<p><strong>Pierres :<\/strong> 5 diamants<\/p>\n<p><strong>Poids carats : <\/strong>0,05 ct<\/p>\n<p><em>Toutes les cr\u00e9ations de la Maison Heavenly sont enregistr\u00e9es, num\u00e9rot\u00e9es individuellement et uniques : le poids de l&#8217;or, le poids en carats et la taille des pierres peuvent varier l\u00e9g\u00e8rement d&#8217;une cr\u00e9ation \u00e0 l&#8217;autre.<\/em><\/p>\n","protected":false},"excerpt":{"rendered":"<p>Or rose recycl\u00e9 750\/1000<br \/>\nCornaline &#8211; Diamants<\/p>\n","protected":false},"featured_media":55939,"comment_status":"open","ping_status":"closed","template":"","meta":[],"product_brand":[],"product_cat":[242,217,219,212],"product_tag":[],"class_list":{"0":"post-54521","1":"product","2":"type-product","3":"status-publish","4":"has-post-thumbnail","6":"product_cat-cadeaux-cosmiques","7":"product_cat-meteor-fr","8":"product_cat-pendentif","9":"product_cat-pendentifs","12":"first","13":"instock","14":"taxable","15":"shipping-taxable","16":"purchasable","17":"product-type-simple"},"_links":{"self":[{"href":"https:\/\/maisonheavenly.com\/fr\/wp-json\/wp\/v2\/product\/54521","targetHints":{"allow":["GET"]}}],"collection":[{"href":"https:\/\/maisonheavenly.com\/fr\/wp-json\/wp\/v2\/product"}],"about":[{"href":"https:\/\/maisonheavenly.com\/fr\/wp-json\/wp\/v2\/types\/product"}],"replies":[{"embeddable":true,"href":"https:\/\/maisonheavenly.com\/fr\/wp-json\/wp\/v2\/comments?post=54521"}],"wp:featuredmedia":[{"embeddable":true,"href":"https:\/\/maisonheavenly.com\/fr\/wp-json\/wp\/v2\/media\/55939"}],"wp:attachment":[{"href":"https:\/\/maisonheavenly.com\/fr\/wp-json\/wp\/v2\/media?parent=54521"}],"wp:term":[{"taxonomy":"product_brand","embeddable":true,"href":"https:\/\/maisonheavenly.com\/fr\/wp-json\/wp\/v2\/product_brand?post=54521"},{"taxonomy":"product_cat","embeddable":true,"href":"https:\/\/maisonheavenly.com\/fr\/wp-json\/wp\/v2\/product_cat?post=54521"},{"taxonomy":"product_tag","embeddable":true,"href":"https:\/\/maisonheavenly.com\/fr\/wp-json\/wp\/v2\/product_tag?post=54521"}],"curies":[{"name":"wp","href":"https:\/\/api.w.org\/{rel}","templated":true}]}}