{"id":54520,"date":"2024-06-21T11:18:01","date_gmt":"2024-06-21T11:18:01","guid":{"rendered":"https:\/\/maisonheavenly.com\/product\/meteor-pendentif-pm-4\/"},"modified":"2024-09-06T10:11:43","modified_gmt":"2024-09-06T10:11:43","slug":"metpm22-npg-ch-go","status":"publish","type":"product","link":"https:\/\/maisonheavenly.com\/fr\/produit\/metpm22-npg-ch-go\/","title":{"rendered":"METEOR PENDENTIF PM"},"content":{"rendered":"<p>Exclusivement r\u00e9alis\u00e9 en or rose et diamants, le Pendentif METEOR capte la lumi\u00e8re.<\/p>\n<p>Avec l&#8217;or symbolisant la perfection et la richesse spirituelle, sa forme en m\u00e9tal pr\u00e9cieux transmet naturellement l&#8217;id\u00e9e de prosp\u00e9rit\u00e9.<\/p>\n<p>Sa taille \u00e9meraude allong\u00e9e \u00e9voque l&#8217;essence de l&#8217;\u00eatre, symbolis\u00e9e par le nombre 5, figure de l&#8217;humanit\u00e9 universelle.<\/p>\n<p>Son design vertical indique le dynamisme de l&#8217;\u00eatre qui s&#8217;\u00e9l\u00e8ve dans le monde. Ainsi, le Pendentif METEOR relie l&#8217;intime de chaque personne au monde entier. \u00c9l\u00e9gant, il s&#8217;accorde avec toutes les tenues.<\/p>\n<p>METPM22.NPG.CH.GO<\/p>\n<p><strong>Taille du motif<br \/>\n<\/strong>Longueur : 20 mm<br \/>\nLargeur : 5 mm<\/p>\n<p><strong>Longueur de la cha\u00eene :<\/strong> 45-42-40-38 cm<\/p>\n<p><strong>Pierres :<\/strong> 5 diamants<\/p>\n<p><strong>Poids carats :<\/strong> 0,05 ct<\/p>\n<p><em>Toutes les cr\u00e9ations de Maison Heavenly sont enregistr\u00e9es, num\u00e9rot\u00e9es individuellement et uniques : le poids de l&#8217;or, le poids en carats et la taille des pierres peuvent l\u00e9g\u00e8rement varier d&#8217;une cr\u00e9ation \u00e0 l&#8217;autre.<\/em><\/p>\n<p>&nbsp;<\/p>\n","protected":false},"excerpt":{"rendered":"<p>Or rose recycl\u00e9 750\/1000<br \/>\nOr &#8211; Diamants<\/p>\n","protected":false},"featured_media":53281,"comment_status":"open","ping_status":"closed","template":"","meta":[],"product_brand":[],"product_cat":[189,217,219,212],"product_tag":[],"class_list":{"0":"post-54520","1":"product","2":"type-product","3":"status-publish","4":"has-post-thumbnail","6":"product_cat-meilleures-ventes","7":"product_cat-meteor-fr","8":"product_cat-pendentif","9":"product_cat-pendentifs","12":"first","13":"instock","14":"taxable","15":"shipping-taxable","16":"purchasable","17":"product-type-simple"},"_links":{"self":[{"href":"https:\/\/maisonheavenly.com\/fr\/wp-json\/wp\/v2\/product\/54520","targetHints":{"allow":["GET"]}}],"collection":[{"href":"https:\/\/maisonheavenly.com\/fr\/wp-json\/wp\/v2\/product"}],"about":[{"href":"https:\/\/maisonheavenly.com\/fr\/wp-json\/wp\/v2\/types\/product"}],"replies":[{"embeddable":true,"href":"https:\/\/maisonheavenly.com\/fr\/wp-json\/wp\/v2\/comments?post=54520"}],"wp:featuredmedia":[{"embeddable":true,"href":"https:\/\/maisonheavenly.com\/fr\/wp-json\/wp\/v2\/media\/53281"}],"wp:attachment":[{"href":"https:\/\/maisonheavenly.com\/fr\/wp-json\/wp\/v2\/media?parent=54520"}],"wp:term":[{"taxonomy":"product_brand","embeddable":true,"href":"https:\/\/maisonheavenly.com\/fr\/wp-json\/wp\/v2\/product_brand?post=54520"},{"taxonomy":"product_cat","embeddable":true,"href":"https:\/\/maisonheavenly.com\/fr\/wp-json\/wp\/v2\/product_cat?post=54520"},{"taxonomy":"product_tag","embeddable":true,"href":"https:\/\/maisonheavenly.com\/fr\/wp-json\/wp\/v2\/product_tag?post=54520"}],"curies":[{"name":"wp","href":"https:\/\/api.w.org\/{rel}","templated":true}]}}