{"id":54518,"date":"2024-06-21T11:18:02","date_gmt":"2024-06-21T11:18:02","guid":{"rendered":"https:\/\/maisonheavenly.com\/product\/meteor-precieux-pendentif-7\/"},"modified":"2024-09-06T11:31:47","modified_gmt":"2024-09-06T11:31:47","slug":"metpr22-npg-ch-bt-n0023","status":"publish","type":"product","link":"https:\/\/maisonheavenly.com\/fr\/produit\/metpr22-npg-ch-bt-n0023\/","title":{"rendered":"METEOR PRECIEUX PENDENTIF"},"content":{"rendered":"<p>Si la taille et la nature de la pierre conf\u00e8rent au pendentif METEOR Pr\u00e9cieuse Tourmaline Bleue son exclusivit\u00e9, sa taille \u00e9meraude allong\u00e9e traduit l\u2019essence de l\u2019\u00eatre.<\/p>\n<p>Sa teinte azur repr\u00e9sente \u00e0 la fois le ciel et la mer. Selon la tradition, la tourmaline bleue est la pierre de l\u2019intuition et de la libert\u00e9 int\u00e9rieure.<\/p>\n<p>Le design vertical du pendentif METEOR Pr\u00e9cieuse Tourmaline Bleue indique le d\u00e9sir de s\u2019\u00e9lever dans le monde tout en connectant son moi int\u00e9rieur \u00e0 l\u2019univers. La ligne de diamants et l\u2019or rose accentuent la transparence du pendentif METEOR Pr\u00e9cieuse Tourmaline Indicolite Bleue.<\/p>\n<p>Graphique et contemporain, son unicit\u00e9 s\u2019adapte \u00e0 tous les styles vestimentaires.<\/p>\n<p>METPR22.NPG.CH.BT N0023<\/p>\n<p><strong>Taille du motif :<\/strong> 23,42 x 5,56 x 4,18 mm<\/p>\n<p><strong>Longueur de la cha\u00eene : <\/strong>45-42-40-38 cm<\/p>\n<p><strong>Pierres<br \/>\n<\/strong>5 diamants de 0,05 carats<br \/>\nTourmaline Indicolite Bleue de 5,22 carats<\/p>\n<p><em>Toutes les cr\u00e9ations de Maison Heavenly sont enregistr\u00e9es, num\u00e9rot\u00e9es individuellement et uniques : le poids de l\u2019or, le poids en carats et la taille des pierres peuvent l\u00e9g\u00e8rement varier d\u2019une cr\u00e9ation \u00e0 l\u2019autre.<\/em><\/p>\n","protected":false},"excerpt":{"rendered":"<p>Or rose recycl\u00e9 750\/1000<br \/>\nTourmaline Indicolite Bleue<br \/>\nPrix sur demande<\/p>\n","protected":false},"featured_media":53319,"comment_status":"open","ping_status":"closed","template":"","meta":[],"product_brand":[],"product_cat":[210,212,213],"product_tag":[],"class_list":{"0":"post-54518","1":"product","2":"type-product","3":"status-publish","4":"has-post-thumbnail","6":"product_cat-meteor-precieux","7":"product_cat-pendentifs","8":"product_cat-pendentifs-fr","11":"first","12":"instock","13":"taxable","14":"shipping-taxable","15":"product-type-simple"},"_links":{"self":[{"href":"https:\/\/maisonheavenly.com\/fr\/wp-json\/wp\/v2\/product\/54518","targetHints":{"allow":["GET"]}}],"collection":[{"href":"https:\/\/maisonheavenly.com\/fr\/wp-json\/wp\/v2\/product"}],"about":[{"href":"https:\/\/maisonheavenly.com\/fr\/wp-json\/wp\/v2\/types\/product"}],"replies":[{"embeddable":true,"href":"https:\/\/maisonheavenly.com\/fr\/wp-json\/wp\/v2\/comments?post=54518"}],"wp:featuredmedia":[{"embeddable":true,"href":"https:\/\/maisonheavenly.com\/fr\/wp-json\/wp\/v2\/media\/53319"}],"wp:attachment":[{"href":"https:\/\/maisonheavenly.com\/fr\/wp-json\/wp\/v2\/media?parent=54518"}],"wp:term":[{"taxonomy":"product_brand","embeddable":true,"href":"https:\/\/maisonheavenly.com\/fr\/wp-json\/wp\/v2\/product_brand?post=54518"},{"taxonomy":"product_cat","embeddable":true,"href":"https:\/\/maisonheavenly.com\/fr\/wp-json\/wp\/v2\/product_cat?post=54518"},{"taxonomy":"product_tag","embeddable":true,"href":"https:\/\/maisonheavenly.com\/fr\/wp-json\/wp\/v2\/product_tag?post=54518"}],"curies":[{"name":"wp","href":"https:\/\/api.w.org\/{rel}","templated":true}]}}