{"id":54517,"date":"2024-06-21T11:18:02","date_gmt":"2024-06-21T11:18:02","guid":{"rendered":"https:\/\/maisonheavenly.com\/product\/meteor-precieux-pendentif-6\/"},"modified":"2024-09-06T11:30:25","modified_gmt":"2024-09-06T11:30:25","slug":"metpr22-npg-ch-gt-n0024","status":"publish","type":"product","link":"https:\/\/maisonheavenly.com\/fr\/produit\/metpr22-npg-ch-gt-n0024\/","title":{"rendered":"METEOR PRECIEUX PENDENTIF"},"content":{"rendered":"<p>Si la nature de la pierre conf\u00e8re au pendentif METEOR Pr\u00e9cieuse Tourmaline Bleu-Vert son exclusivit\u00e9, sa taille \u00e9meraude allong\u00e9e exprime l\u2019essence de l\u2019\u00eatre.<\/p>\n<p>Sa teinte subtile, selon la tradition, symbolise la s\u00e9r\u00e9nit\u00e9 et la joie de vivre. Le design vertical du pendentif METEOR Pr\u00e9cieuse Tourmaline Bleu-Vert refl\u00e8te le d\u00e9sir de s\u2019\u00e9lever dans le monde tout en connectant son moi int\u00e9rieur \u00e0 l\u2019univers.<\/p>\n<p>La transparence raffin\u00e9e de la tourmaline bleu-vert est sublim\u00e9e par la ligne de diamants et l\u2019or rose.<\/p>\n<p>Graphique et contemporain, son format sophistiqu\u00e9 rehausse tous les styles vestimentaires.<\/p>\n<p>METPR22.NPG.CH.GT N0024<\/p>\n<p><strong>Taille du motif : <\/strong>23,96 x 5,99 x 5,51 mm<\/p>\n<p><strong>Longueur de la cha\u00eene <\/strong>: 45-42-40-38 cm<\/p>\n<p><strong>Pierres<br \/>\n<\/strong>5 diamants de 0,05 carats<br \/>\nTourmaline bleu-vert de 8,33 carats<\/p>\n<p><em>Toutes les cr\u00e9ations de Maison Heavenly sont enregistr\u00e9es, num\u00e9rot\u00e9es individuellement et uniques : le poids de l\u2019or, le poids en carats et la taille des pierres peuvent l\u00e9g\u00e8rement varier d\u2019une cr\u00e9ation \u00e0 l\u2019autre.<\/em><\/p>\n","protected":false},"excerpt":{"rendered":"<p>Or rose recycl\u00e9 750\/1000<br \/>\nTourmaline bleu-vert<br \/>\nPrix sur demande<\/p>\n","protected":false},"featured_media":53321,"comment_status":"open","ping_status":"closed","template":"","meta":[],"product_brand":[],"product_cat":[210,212,213],"product_tag":[],"class_list":{"0":"post-54517","1":"product","2":"type-product","3":"status-publish","4":"has-post-thumbnail","6":"product_cat-meteor-precieux","7":"product_cat-pendentifs","8":"product_cat-pendentifs-fr","11":"first","12":"instock","13":"taxable","14":"shipping-taxable","15":"product-type-simple"},"_links":{"self":[{"href":"https:\/\/maisonheavenly.com\/fr\/wp-json\/wp\/v2\/product\/54517","targetHints":{"allow":["GET"]}}],"collection":[{"href":"https:\/\/maisonheavenly.com\/fr\/wp-json\/wp\/v2\/product"}],"about":[{"href":"https:\/\/maisonheavenly.com\/fr\/wp-json\/wp\/v2\/types\/product"}],"replies":[{"embeddable":true,"href":"https:\/\/maisonheavenly.com\/fr\/wp-json\/wp\/v2\/comments?post=54517"}],"wp:featuredmedia":[{"embeddable":true,"href":"https:\/\/maisonheavenly.com\/fr\/wp-json\/wp\/v2\/media\/53321"}],"wp:attachment":[{"href":"https:\/\/maisonheavenly.com\/fr\/wp-json\/wp\/v2\/media?parent=54517"}],"wp:term":[{"taxonomy":"product_brand","embeddable":true,"href":"https:\/\/maisonheavenly.com\/fr\/wp-json\/wp\/v2\/product_brand?post=54517"},{"taxonomy":"product_cat","embeddable":true,"href":"https:\/\/maisonheavenly.com\/fr\/wp-json\/wp\/v2\/product_cat?post=54517"},{"taxonomy":"product_tag","embeddable":true,"href":"https:\/\/maisonheavenly.com\/fr\/wp-json\/wp\/v2\/product_tag?post=54517"}],"curies":[{"name":"wp","href":"https:\/\/api.w.org\/{rel}","templated":true}]}}