{"id":54516,"date":"2024-06-21T11:18:03","date_gmt":"2024-06-21T11:18:03","guid":{"rendered":"https:\/\/maisonheavenly.com\/product\/meteor-precieux-pendentif-5\/"},"modified":"2024-09-06T11:39:00","modified_gmt":"2024-09-06T11:39:00","slug":"metpr22-npg-ch-gt-n0027","status":"publish","type":"product","link":"https:\/\/maisonheavenly.com\/fr\/produit\/metpr22-npg-ch-gt-n0027\/","title":{"rendered":"METEOR PRECIEUX PENDENTIF"},"content":{"rendered":"<p>Si la nature de la pierre conf\u00e8re au pendentif METEOR Pr\u00e9cieuse Tourmaline Bleu-Vert son exclusivit\u00e9, sa taille \u00e9meraude allong\u00e9e exprime l&#8217;essence m\u00eame de l&#8217;existence.<\/p>\n<p>Sa teinte subtile refl\u00e8te, selon la tradition, la s\u00e9r\u00e9nit\u00e9 et la joie de vivre.<\/p>\n<p>Avec son design vertical, le pendentif METEOR Pr\u00e9cieuse Tourmaline Bleu-Vert symbolise le d\u00e9sir de s&#8217;\u00e9lever dans le monde tout en connectant son moi int\u00e9rieur \u00e0 l&#8217;univers.<\/p>\n<p>La ligne de diamants et l&#8217;or rose accentuent la transparence raffin\u00e9e du pendentif METEOR Pr\u00e9cieuse Tourmaline Bleu-Vert.<\/p>\n<p>Graphique et contemporain, son format sophistiqu\u00e9 rehausse tous les styles vestimentaires.<\/p>\n<p>METPR22.NPG.CH.GT N0027<\/p>\n<p><strong>Taille du motif : <\/strong>22,67 x 5,91 x 4,09 cm<\/p>\n<p><strong>Longueur de la cha\u00eene : <\/strong>45-42-40-38 cm<\/p>\n<p><strong>Pierres<br \/>\n<\/strong>\u00a05 diamants de 0,05 carats<br \/>\nTourmaline bleu-vert de 5,47 carats<\/p>\n<p><em>Toutes les cr\u00e9ations de Maison Heavenly sont enregistr\u00e9es, num\u00e9rot\u00e9es individuellement et uniques : le poids de l&#8217;or, le poids en carats et la taille des pierres peuvent varier l\u00e9g\u00e8rement d&#8217;une cr\u00e9ation \u00e0 l&#8217;autre.<\/em><\/p>\n","protected":false},"excerpt":{"rendered":"<p>Or rose recycl\u00e9 750\/1000<br \/>\nTourmaline bleu-vert<br \/>\nPrix sur demande<\/p>\n","protected":false},"featured_media":53323,"comment_status":"open","ping_status":"closed","template":"","meta":[],"product_brand":[],"product_cat":[210,212,213],"product_tag":[],"class_list":{"0":"post-54516","1":"product","2":"type-product","3":"status-publish","4":"has-post-thumbnail","6":"product_cat-meteor-precieux","7":"product_cat-pendentifs","8":"product_cat-pendentifs-fr","11":"first","12":"instock","13":"taxable","14":"shipping-taxable","15":"product-type-simple"},"_links":{"self":[{"href":"https:\/\/maisonheavenly.com\/fr\/wp-json\/wp\/v2\/product\/54516","targetHints":{"allow":["GET"]}}],"collection":[{"href":"https:\/\/maisonheavenly.com\/fr\/wp-json\/wp\/v2\/product"}],"about":[{"href":"https:\/\/maisonheavenly.com\/fr\/wp-json\/wp\/v2\/types\/product"}],"replies":[{"embeddable":true,"href":"https:\/\/maisonheavenly.com\/fr\/wp-json\/wp\/v2\/comments?post=54516"}],"wp:featuredmedia":[{"embeddable":true,"href":"https:\/\/maisonheavenly.com\/fr\/wp-json\/wp\/v2\/media\/53323"}],"wp:attachment":[{"href":"https:\/\/maisonheavenly.com\/fr\/wp-json\/wp\/v2\/media?parent=54516"}],"wp:term":[{"taxonomy":"product_brand","embeddable":true,"href":"https:\/\/maisonheavenly.com\/fr\/wp-json\/wp\/v2\/product_brand?post=54516"},{"taxonomy":"product_cat","embeddable":true,"href":"https:\/\/maisonheavenly.com\/fr\/wp-json\/wp\/v2\/product_cat?post=54516"},{"taxonomy":"product_tag","embeddable":true,"href":"https:\/\/maisonheavenly.com\/fr\/wp-json\/wp\/v2\/product_tag?post=54516"}],"curies":[{"name":"wp","href":"https:\/\/api.w.org\/{rel}","templated":true}]}}