{"id":54513,"date":"2024-07-27T11:30:44","date_gmt":"2024-07-27T11:30:44","guid":{"rendered":"https:\/\/maisonheavenly.com\/product\/meteor-pendentif-pm-3\/"},"modified":"2024-09-06T10:10:48","modified_gmt":"2024-09-06T10:10:48","slug":"metpm24-npg-ch-mp","status":"publish","type":"product","link":"https:\/\/maisonheavenly.com\/fr\/produit\/metpm24-npg-ch-mp\/","title":{"rendered":"METEOR PENDENTIF PM"},"content":{"rendered":"<p>Avec ses cinq facettes, la coupe \u00e9meraude allong\u00e9e du pendentif METEOR exprime l&#8217;essence de l&#8217;\u00eatre, symbolis\u00e9e par le nombre 5, figure de l&#8217;universalit\u00e9 humaine.<\/p>\n<p>Suspendu \u00e0 une ligne de diamants et d&#8217;or blanc, la M\u00e8re de Perle est reconnue pour ses propri\u00e9t\u00e9s apaisantes et calmantes. Elle favorise \u00e9galement la clart\u00e9 et l&#8217;\u00e9quilibre \u00e9motionnel.<\/p>\n<p>Gr\u00e2ce \u00e0 cette pierre lumineuse, le pendentif METEOR incarne le d\u00e9sir d&#8217;\u00e9lever son \u00eatre et de connecter son moi int\u00e9rieur au monde entier.<\/p>\n<p>L&#8217;harmonie entre l&#8217;or blanc et la M\u00e8re de Perle affirme une identit\u00e9 unique et \u00e9l\u00e9gante. Convient \u00e0 tous les styles.<\/p>\n<p>METPM24.NPG.CH.MP<\/p>\n<p><strong>Taille du motif<br \/>\n<\/strong>Longueur : 20 mm<br \/>\nLargeur : 5 mm<\/p>\n<p><strong>Longueur de la cha\u00eene :<\/strong> 45-42-40-38 cm<\/p>\n<p><strong>Pierres :<\/strong> 5 diamants<\/p>\n<p><strong>Poids carats : <\/strong>0,05 ct<\/p>\n<p><em>Toutes les cr\u00e9ations de Maison Heavenly sont enregistr\u00e9es, num\u00e9rot\u00e9es individuellement et uniques : le poids de l&#8217;or, le poids en carats et la taille des pierres peuvent varier l\u00e9g\u00e8rement d&#8217;une cr\u00e9ation \u00e0 l&#8217;autre.<\/em><\/p>\n","protected":false},"excerpt":{"rendered":"<p>Or rose recycl\u00e9 750\/1000<br \/>\nNacre &#8211; Diamants<\/p>\n","protected":false},"featured_media":53679,"comment_status":"open","ping_status":"closed","template":"","meta":[],"product_brand":[],"product_cat":[242,217,215,206,219,212],"product_tag":[],"class_list":{"0":"post-54513","1":"product","2":"type-product","3":"status-publish","4":"has-post-thumbnail","6":"product_cat-cadeaux-cosmiques","7":"product_cat-meteor-fr","8":"product_cat-moins-de-1500","9":"product_cat-nouveautes","10":"product_cat-pendentif","11":"product_cat-pendentifs","14":"first","15":"instock","16":"taxable","17":"shipping-taxable","18":"purchasable","19":"product-type-simple"},"_links":{"self":[{"href":"https:\/\/maisonheavenly.com\/fr\/wp-json\/wp\/v2\/product\/54513","targetHints":{"allow":["GET"]}}],"collection":[{"href":"https:\/\/maisonheavenly.com\/fr\/wp-json\/wp\/v2\/product"}],"about":[{"href":"https:\/\/maisonheavenly.com\/fr\/wp-json\/wp\/v2\/types\/product"}],"replies":[{"embeddable":true,"href":"https:\/\/maisonheavenly.com\/fr\/wp-json\/wp\/v2\/comments?post=54513"}],"wp:featuredmedia":[{"embeddable":true,"href":"https:\/\/maisonheavenly.com\/fr\/wp-json\/wp\/v2\/media\/53679"}],"wp:attachment":[{"href":"https:\/\/maisonheavenly.com\/fr\/wp-json\/wp\/v2\/media?parent=54513"}],"wp:term":[{"taxonomy":"product_brand","embeddable":true,"href":"https:\/\/maisonheavenly.com\/fr\/wp-json\/wp\/v2\/product_brand?post=54513"},{"taxonomy":"product_cat","embeddable":true,"href":"https:\/\/maisonheavenly.com\/fr\/wp-json\/wp\/v2\/product_cat?post=54513"},{"taxonomy":"product_tag","embeddable":true,"href":"https:\/\/maisonheavenly.com\/fr\/wp-json\/wp\/v2\/product_tag?post=54513"}],"curies":[{"name":"wp","href":"https:\/\/api.w.org\/{rel}","templated":true}]}}