{"id":54510,"date":"2024-07-27T11:43:34","date_gmt":"2024-07-27T11:43:34","guid":{"rendered":"https:\/\/maisonheavenly.com\/product\/meteor-bague-pm\/"},"modified":"2024-09-06T10:34:19","modified_gmt":"2024-09-06T10:34:19","slug":"metpm-24-rpg-go-la","status":"publish","type":"product","link":"https:\/\/maisonheavenly.com\/fr\/produit\/metpm-24-rpg-go-la\/","title":{"rendered":"METEOR BAGUE PM"},"content":{"rendered":"<p>La coupe \u00e9meraude de la bague METEOR capture l&#8217;essence de l&#8217;\u00eatre, symbolis\u00e9e par le chiffre 5, repr\u00e9sentant l&#8217;universalit\u00e9 humaine.<\/p>\n<p>Sublim\u00e9e par deux lignes de diamants, le Lapis-Lazuli, c\u00e9l\u00e9br\u00e9 pour ses qualit\u00e9s de v\u00e9rit\u00e9 et de sagesse, instille une force int\u00e9rieure et une clart\u00e9 d&#8217;esprit.<\/p>\n<p>Avec cette puissante pierre, la bague METEOR distinctive, associ\u00e9e \u00e0 l&#8217;or blanc, cr\u00e9e un contraste saisissant.<\/p>\n<p>Con\u00e7ue de mani\u00e8re ergonomique pour un confort optimal, cette \u00e9l\u00e9gante bague sublime tous les styles.<\/p>\n<p>Mise \u00e0 taille disponible.<\/p>\n<p>METPM.24.RPG.GO.LA<\/p>\n<p><strong>Taille du motif<\/strong><br \/>\nLongueur : 20 mm<br \/>\nLargeur : 5 mm<\/p>\n<p><strong>Tailles :<\/strong> 50-55<\/p>\n<p><strong>Pierres <\/strong>: 11<\/p>\n<p><strong>Poids carats : <\/strong>0,09 ct<\/p>\n<p><em>Toutes les cr\u00e9ations de la Maison Heavenly sont enregistr\u00e9es, num\u00e9rot\u00e9es individuellement et uniques : le poids de l&#8217;or, le caratage et la taille des pierres peuvent l\u00e9g\u00e8rement varier d&#8217;une pi\u00e8ce \u00e0 l&#8217;autre.<\/em><\/p>\n","protected":false},"excerpt":{"rendered":"<p>Or rose recycl\u00e9 750\/1000<br \/>\nLapis-Lazuli &#8211; Diamants<\/p>\n","protected":false},"featured_media":53640,"comment_status":"open","ping_status":"closed","template":"","meta":[],"product_brand":[],"product_cat":[207,220,217,206],"product_tag":[],"class_list":{"0":"post-54510","1":"product","2":"type-product","3":"status-publish","4":"has-post-thumbnail","6":"product_cat-bagues","7":"product_cat-bagues-fr-2","8":"product_cat-meteor-fr","9":"product_cat-nouveautes","12":"first","13":"instock","14":"taxable","15":"shipping-taxable","16":"purchasable","17":"product-type-simple"},"_links":{"self":[{"href":"https:\/\/maisonheavenly.com\/fr\/wp-json\/wp\/v2\/product\/54510","targetHints":{"allow":["GET"]}}],"collection":[{"href":"https:\/\/maisonheavenly.com\/fr\/wp-json\/wp\/v2\/product"}],"about":[{"href":"https:\/\/maisonheavenly.com\/fr\/wp-json\/wp\/v2\/types\/product"}],"replies":[{"embeddable":true,"href":"https:\/\/maisonheavenly.com\/fr\/wp-json\/wp\/v2\/comments?post=54510"}],"wp:featuredmedia":[{"embeddable":true,"href":"https:\/\/maisonheavenly.com\/fr\/wp-json\/wp\/v2\/media\/53640"}],"wp:attachment":[{"href":"https:\/\/maisonheavenly.com\/fr\/wp-json\/wp\/v2\/media?parent=54510"}],"wp:term":[{"taxonomy":"product_brand","embeddable":true,"href":"https:\/\/maisonheavenly.com\/fr\/wp-json\/wp\/v2\/product_brand?post=54510"},{"taxonomy":"product_cat","embeddable":true,"href":"https:\/\/maisonheavenly.com\/fr\/wp-json\/wp\/v2\/product_cat?post=54510"},{"taxonomy":"product_tag","embeddable":true,"href":"https:\/\/maisonheavenly.com\/fr\/wp-json\/wp\/v2\/product_tag?post=54510"}],"curies":[{"name":"wp","href":"https:\/\/api.w.org\/{rel}","templated":true}]}}