{"id":54508,"date":"2024-07-27T11:53:21","date_gmt":"2024-07-27T11:53:21","guid":{"rendered":"https:\/\/maisonheavenly.com\/product\/meteor-pendentif-gm-3\/"},"modified":"2024-11-28T12:18:59","modified_gmt":"2024-11-28T12:18:59","slug":"metgm24-npg-ch-la","status":"publish","type":"product","link":"https:\/\/maisonheavenly.com\/fr\/produit\/metgm24-npg-ch-la\/","title":{"rendered":"METEOR PENDENTIF GM"},"content":{"rendered":"<p>La coupe \u00e9meraude allong\u00e9e du pendentif METEOR capture l&#8217;essence de l&#8217;existence, symbolis\u00e9e par le chiffre 5, repr\u00e9sentant l&#8217;humanit\u00e9 universelle.<\/p>\n<p>\u00c9l\u00e9gamment suspendu \u00e0 une ligne d&#8217;or et de diamants, le Lapis-Lazuli est v\u00e9n\u00e9r\u00e9 pour ses propri\u00e9t\u00e9s fortifiantes et protectrices. Il favorise la sagesse, la v\u00e9rit\u00e9 et la force int\u00e9rieure.<\/p>\n<p>Cette pierre bleue profonde et mystique, au c\u0153ur du pendentif METEOR, incarne l&#8217;aspiration \u00e0 \u00e9lever son esprit et \u00e0 \u00e9tablir une connexion plus profonde avec l&#8217;univers.<\/p>\n<p>Sa teinte riche \u00e9voque une s\u00e9r\u00e9nit\u00e9 et une perspicacit\u00e9 profondes. L&#8217;association de l&#8217;or jaune et du Lapis-Lazuli saisissant cr\u00e9e une d\u00e9claration puissante et \u00e9l\u00e9gante.<\/p>\n<p>Gracieux et raffin\u00e9, le pendentif METEOR sublime toute tenue avec son charme unique.<\/p>\n<p>METGM24.NPG.CH.LA<\/p>\n<p><strong>Taille du motif\u00a0<\/strong><br \/>\nLongueur : 30 mm<br \/>\nLargeur : 7,5 mm<\/p>\n<p><strong>Longueur de la cha\u00eene : <\/strong>50-48-45-42 cm<\/p>\n<p><strong>Pierres : <\/strong>5 diamants<\/p>\n<p><strong>Poids carats : <\/strong>0,75 ct<\/p>\n<p><em>Toutes les cr\u00e9ations de la Maison Heavenly sont enregistr\u00e9es, num\u00e9rot\u00e9es individuellement et uniques : le poids de l\u2019or, le caratage et la taille des pierres peuvent l\u00e9g\u00e8rement varier d&#8217;une pi\u00e8ce \u00e0 l&#8217;autre.<\/em><\/p>\n<p>&nbsp;<\/p>\n","protected":false},"excerpt":{"rendered":"<p>Or rose recycl\u00e9 750\/1000<br \/>\nLapis-Lazuli &#8211; Diamants<\/p>\n","protected":false},"featured_media":55965,"comment_status":"open","ping_status":"closed","template":"","meta":[],"product_brand":[],"product_cat":[242,217,206,219,212,208],"product_tag":[],"class_list":{"0":"post-54508","1":"product","2":"type-product","3":"status-publish","4":"has-post-thumbnail","6":"product_cat-cadeaux-cosmiques","7":"product_cat-meteor-fr","8":"product_cat-nouveautes","9":"product_cat-pendentif","10":"product_cat-pendentifs","11":"product_cat-pour-lui","14":"first","15":"instock","16":"taxable","17":"shipping-taxable","18":"purchasable","19":"product-type-simple"},"_links":{"self":[{"href":"https:\/\/maisonheavenly.com\/fr\/wp-json\/wp\/v2\/product\/54508","targetHints":{"allow":["GET"]}}],"collection":[{"href":"https:\/\/maisonheavenly.com\/fr\/wp-json\/wp\/v2\/product"}],"about":[{"href":"https:\/\/maisonheavenly.com\/fr\/wp-json\/wp\/v2\/types\/product"}],"replies":[{"embeddable":true,"href":"https:\/\/maisonheavenly.com\/fr\/wp-json\/wp\/v2\/comments?post=54508"}],"wp:featuredmedia":[{"embeddable":true,"href":"https:\/\/maisonheavenly.com\/fr\/wp-json\/wp\/v2\/media\/55965"}],"wp:attachment":[{"href":"https:\/\/maisonheavenly.com\/fr\/wp-json\/wp\/v2\/media?parent=54508"}],"wp:term":[{"taxonomy":"product_brand","embeddable":true,"href":"https:\/\/maisonheavenly.com\/fr\/wp-json\/wp\/v2\/product_brand?post=54508"},{"taxonomy":"product_cat","embeddable":true,"href":"https:\/\/maisonheavenly.com\/fr\/wp-json\/wp\/v2\/product_cat?post=54508"},{"taxonomy":"product_tag","embeddable":true,"href":"https:\/\/maisonheavenly.com\/fr\/wp-json\/wp\/v2\/product_tag?post=54508"}],"curies":[{"name":"wp","href":"https:\/\/api.w.org\/{rel}","templated":true}]}}