{"id":54507,"date":"2024-07-27T12:41:26","date_gmt":"2024-07-27T12:41:26","guid":{"rendered":"https:\/\/maisonheavenly.com\/product\/meteor-pendentif-gm-2\/"},"modified":"2024-09-06T11:03:45","modified_gmt":"2024-09-06T11:03:45","slug":"metgm22-nwg-ch-on","status":"publish","type":"product","link":"https:\/\/maisonheavenly.com\/fr\/produit\/metgm22-nwg-ch-on\/","title":{"rendered":"METEOR PENDENTIF GM"},"content":{"rendered":"<p>La coupe \u00e9meraude allong\u00e9e du pendentif METEOR incarne l&#8217;essence de l&#8217;\u00eatre, symbolis\u00e9e par le chiffre 5, refl\u00e9tant l&#8217;universalit\u00e9 de l&#8217;exp\u00e9rience humaine.<\/p>\n<p>Suspendu \u00e0 une ligne d&#8217;or et de diamants, l&#8217;onyx est r\u00e9put\u00e9 pour ses qualit\u00e9s d&#8217;ancrage et de renforcement. Il favorise la r\u00e9silience, la concentration et la force int\u00e9rieure.<\/p>\n<p>Cette pierre noire profonde, au c\u0153ur du pendentif METEOR, incarne le d\u00e9sir d&#8217;\u00e9lever l&#8217;esprit et de se connecter au monde. Sa teinte sombre et intense \u00e9voque force et s\u00e9r\u00e9nit\u00e9.<\/p>\n<p>Le contraste entre l&#8217;or blanc et l&#8217;audace de l&#8217;onyx souligne une \u00e9l\u00e9gance sophistiqu\u00e9e.<\/p>\n<p>Chic et polyvalent, le pendentif METEOR compl\u00e8te toute tenue avec son design intemporel.<\/p>\n<p>METGM22.NWG.CH.ON<\/p>\n<p><strong>Taille du motif\u00a0<\/strong><br \/>\nLongueur : 30 mm<br \/>\nLargeur : 7,5 mm<\/p>\n<p><strong>Longueur de la cha\u00eene :<\/strong> 50-48-45-42 cm<\/p>\n<p><strong>Pierres : <\/strong>5 diamants<\/p>\n<p><strong>Poids carats : <\/strong>0,75 ct<\/p>\n<p><em>Toutes les cr\u00e9ations de la Maison Heavenly sont enregistr\u00e9es, num\u00e9rot\u00e9es individuellement et uniques : le poids de l\u2019or, le caratage et la taille des pierres peuvent l\u00e9g\u00e8rement varier d&#8217;une pi\u00e8ce \u00e0 l&#8217;autre.<\/em><\/p>\n<p>&nbsp;<\/p>\n","protected":false},"excerpt":{"rendered":"<p>Or rose recycl\u00e9 750\/1000<br \/>\nOnyx &#8211; Diamants<\/p>\n","protected":false},"featured_media":55766,"comment_status":"open","ping_status":"closed","template":"","meta":[],"product_brand":[],"product_cat":[242,217,206,219,212,208],"product_tag":[],"class_list":{"0":"post-54507","1":"product","2":"type-product","3":"status-publish","4":"has-post-thumbnail","6":"product_cat-cadeaux-cosmiques","7":"product_cat-meteor-fr","8":"product_cat-nouveautes","9":"product_cat-pendentif","10":"product_cat-pendentifs","11":"product_cat-pour-lui","14":"first","15":"instock","16":"taxable","17":"shipping-taxable","18":"purchasable","19":"product-type-simple"},"_links":{"self":[{"href":"https:\/\/maisonheavenly.com\/fr\/wp-json\/wp\/v2\/product\/54507","targetHints":{"allow":["GET"]}}],"collection":[{"href":"https:\/\/maisonheavenly.com\/fr\/wp-json\/wp\/v2\/product"}],"about":[{"href":"https:\/\/maisonheavenly.com\/fr\/wp-json\/wp\/v2\/types\/product"}],"replies":[{"embeddable":true,"href":"https:\/\/maisonheavenly.com\/fr\/wp-json\/wp\/v2\/comments?post=54507"}],"wp:featuredmedia":[{"embeddable":true,"href":"https:\/\/maisonheavenly.com\/fr\/wp-json\/wp\/v2\/media\/55766"}],"wp:attachment":[{"href":"https:\/\/maisonheavenly.com\/fr\/wp-json\/wp\/v2\/media?parent=54507"}],"wp:term":[{"taxonomy":"product_brand","embeddable":true,"href":"https:\/\/maisonheavenly.com\/fr\/wp-json\/wp\/v2\/product_brand?post=54507"},{"taxonomy":"product_cat","embeddable":true,"href":"https:\/\/maisonheavenly.com\/fr\/wp-json\/wp\/v2\/product_cat?post=54507"},{"taxonomy":"product_tag","embeddable":true,"href":"https:\/\/maisonheavenly.com\/fr\/wp-json\/wp\/v2\/product_tag?post=54507"}],"curies":[{"name":"wp","href":"https:\/\/api.w.org\/{rel}","templated":true}]}}