{"id":54506,"date":"2024-07-27T12:52:56","date_gmt":"2024-07-27T12:52:56","guid":{"rendered":"https:\/\/maisonheavenly.com\/product\/meteor-pendentif-gm\/"},"modified":"2024-09-06T10:55:07","modified_gmt":"2024-09-06T10:55:07","slug":"metgm22-npg-ch-co","status":"publish","type":"product","link":"https:\/\/maisonheavenly.com\/fr\/produit\/metgm22-npg-ch-co\/","title":{"rendered":"METEOR PENDENTIF GM"},"content":{"rendered":"<p>La coupe \u00e9meraude allong\u00e9e du pendentif METEOR incarne l&#8217;essence de l&#8217;existence, symbolis\u00e9e par le chiffre 5, repr\u00e9sentant l&#8217;humanit\u00e9 universelle.<\/p>\n<p>Suspendue \u00e0 une ligne d&#8217;or et de diamants, la cornaline est c\u00e9l\u00e9br\u00e9e pour ses propri\u00e9t\u00e9s \u00e9nergisantes et motivantes.<\/p>\n<p>Cette pierre vibrante renforce la cr\u00e9ativit\u00e9, la vitalit\u00e9 et l&#8217;audace. Incorporant cette gemme dynamique, le pendentif METEOR symbolise l&#8217;\u00e9lan pour \u00e9lever son \u00eatre et se connecter au monde \u00e0 un niveau plus profond. Sa teinte riche et flamboyante \u00e9voque chaleur et enthousiasme.<\/p>\n<p>L&#8217;association de l&#8217;or rose et de la cornaline vive cr\u00e9e un contraste saisissant et harmonieux.<\/p>\n<p>\u00c9l\u00e9gant et revitalisant, le pendentif METEOR ajoute une touche de vitalit\u00e9 \u00e0 n&#8217;importe quelle tenue.<\/p>\n<p>METGM22.NPG.CH.CO<\/p>\n<p><strong>Taille du motif\u00a0<\/strong><br \/>\nLongueur : 30 mm<br \/>\nLargeur : 7,5 mm<\/p>\n<p><strong>Longueur de la cha\u00eene : <\/strong>50-48-45-42 cm<\/p>\n<p><strong>Pierres :<\/strong> 5 diamants<\/p>\n<p><strong>Poids carats : <\/strong>0,75 ct<\/p>\n<p><em>Toutes les cr\u00e9ations de la Maison Heavenly sont enregistr\u00e9es, num\u00e9rot\u00e9es individuellement et uniques : le poids de l\u2019or, le caratage et la taille des pierres peuvent l\u00e9g\u00e8rement varier d\u2019une pi\u00e8ce \u00e0 l&#8217;autre.<\/em><\/p>\n<p>&nbsp;<\/p>\n","protected":false},"excerpt":{"rendered":"<p>Or rose recycl\u00e9 750\/1000<br \/>\nCornaline &#8211; Diamants<\/p>\n","protected":false},"featured_media":55756,"comment_status":"open","ping_status":"closed","template":"","meta":[],"product_brand":[],"product_cat":[189,217,219,212],"product_tag":[],"class_list":{"0":"post-54506","1":"product","2":"type-product","3":"status-publish","4":"has-post-thumbnail","6":"product_cat-meilleures-ventes","7":"product_cat-meteor-fr","8":"product_cat-pendentif","9":"product_cat-pendentifs","12":"first","13":"instock","14":"taxable","15":"shipping-taxable","16":"purchasable","17":"product-type-simple"},"_links":{"self":[{"href":"https:\/\/maisonheavenly.com\/fr\/wp-json\/wp\/v2\/product\/54506","targetHints":{"allow":["GET"]}}],"collection":[{"href":"https:\/\/maisonheavenly.com\/fr\/wp-json\/wp\/v2\/product"}],"about":[{"href":"https:\/\/maisonheavenly.com\/fr\/wp-json\/wp\/v2\/types\/product"}],"replies":[{"embeddable":true,"href":"https:\/\/maisonheavenly.com\/fr\/wp-json\/wp\/v2\/comments?post=54506"}],"wp:featuredmedia":[{"embeddable":true,"href":"https:\/\/maisonheavenly.com\/fr\/wp-json\/wp\/v2\/media\/55756"}],"wp:attachment":[{"href":"https:\/\/maisonheavenly.com\/fr\/wp-json\/wp\/v2\/media?parent=54506"}],"wp:term":[{"taxonomy":"product_brand","embeddable":true,"href":"https:\/\/maisonheavenly.com\/fr\/wp-json\/wp\/v2\/product_brand?post=54506"},{"taxonomy":"product_cat","embeddable":true,"href":"https:\/\/maisonheavenly.com\/fr\/wp-json\/wp\/v2\/product_cat?post=54506"},{"taxonomy":"product_tag","embeddable":true,"href":"https:\/\/maisonheavenly.com\/fr\/wp-json\/wp\/v2\/product_tag?post=54506"}],"curies":[{"name":"wp","href":"https:\/\/api.w.org\/{rel}","templated":true}]}}