{"id":54505,"date":"2024-07-27T13:10:14","date_gmt":"2024-07-27T13:10:14","guid":{"rendered":"https:\/\/maisonheavenly.com\/product\/meteor-sautoir-2\/"},"modified":"2024-09-06T11:09:16","modified_gmt":"2024-09-06T11:09:16","slug":"metxl24-npg-ch-mo","status":"publish","type":"product","link":"https:\/\/maisonheavenly.com\/fr\/produit\/metxl24-npg-ch-mo\/","title":{"rendered":"METEOR SAUTOIR"},"content":{"rendered":"<p>La coupe \u00e9meraude allong\u00e9e du collier METEOR incarne la quintessence de l&#8217;existence, symbolis\u00e9e par le chiffre 5, repr\u00e9sentant l&#8217;humanit\u00e9 universelle.<\/p>\n<p>Suspendue \u00e0 une ligne de diamants et d&#8217;or rose, la nacre est ch\u00e9rie pour ses propri\u00e9t\u00e9s apaisantes et harmonieuses. Elle favorise l&#8217;\u00e9quilibre \u00e9motionnel et encourage la clart\u00e9 et la perspicacit\u00e9.<\/p>\n<p>Le collier METEOR symbolise l&#8217;aspiration \u00e0 \u00e9lever l&#8217;esprit et \u00e0 se connecter au monde.<\/p>\n<p>Sublim\u00e9e par l&#8217;or rose et les diamants, sa brillance iris\u00e9e \u00e9voque la tranquillit\u00e9, le renouveau et une \u00e9l\u00e9gance intemporelle.<\/p>\n<p>\u00c9l\u00e9gant et raffin\u00e9, le collier METEOR compl\u00e8te tous les styles avec son charme lumineux.<\/p>\n<p>METXL24.NPG.CH.MO<\/p>\n<p><strong>Taille du motif\u00a0<\/strong><br \/>\nLongueur : 40 mm<br \/>\nLargeur : 10 mm<\/p>\n<p><strong>Longueur de la cha\u00eene :<\/strong> 60-55-50-42 cm<\/p>\n<p><strong>Pierres :<\/strong> 5 diamants<\/p>\n<p><strong>Poids carats : <\/strong>0,17 ct<\/p>\n<p><em>Toutes les cr\u00e9ations de la Maison Heavenly sont enregistr\u00e9es, num\u00e9rot\u00e9es individuellement et uniques : le poids de l\u2019or, le caratage et la taille des pierres peuvent l\u00e9g\u00e8rement varier d\u2019une pi\u00e8ce \u00e0 l\u2019autre.<\/em><\/p>\n<p>&nbsp;<\/p>\n","protected":false},"excerpt":{"rendered":"<p>Or rose recycl\u00e9 750\/1000<br \/>\nNacre &#8211; Diamants<\/p>\n","protected":false},"featured_media":53688,"comment_status":"open","ping_status":"closed","template":"","meta":[],"product_brand":[],"product_cat":[242,216,218,217,206],"product_tag":[],"class_list":{"0":"post-54505","1":"product","2":"type-product","3":"status-publish","4":"has-post-thumbnail","6":"product_cat-cadeaux-cosmiques","7":"product_cat-colliers","8":"product_cat-colliers-fr","9":"product_cat-meteor-fr","10":"product_cat-nouveautes","13":"first","14":"instock","15":"taxable","16":"shipping-taxable","17":"purchasable","18":"product-type-simple"},"_links":{"self":[{"href":"https:\/\/maisonheavenly.com\/fr\/wp-json\/wp\/v2\/product\/54505","targetHints":{"allow":["GET"]}}],"collection":[{"href":"https:\/\/maisonheavenly.com\/fr\/wp-json\/wp\/v2\/product"}],"about":[{"href":"https:\/\/maisonheavenly.com\/fr\/wp-json\/wp\/v2\/types\/product"}],"replies":[{"embeddable":true,"href":"https:\/\/maisonheavenly.com\/fr\/wp-json\/wp\/v2\/comments?post=54505"}],"wp:featuredmedia":[{"embeddable":true,"href":"https:\/\/maisonheavenly.com\/fr\/wp-json\/wp\/v2\/media\/53688"}],"wp:attachment":[{"href":"https:\/\/maisonheavenly.com\/fr\/wp-json\/wp\/v2\/media?parent=54505"}],"wp:term":[{"taxonomy":"product_brand","embeddable":true,"href":"https:\/\/maisonheavenly.com\/fr\/wp-json\/wp\/v2\/product_brand?post=54505"},{"taxonomy":"product_cat","embeddable":true,"href":"https:\/\/maisonheavenly.com\/fr\/wp-json\/wp\/v2\/product_cat?post=54505"},{"taxonomy":"product_tag","embeddable":true,"href":"https:\/\/maisonheavenly.com\/fr\/wp-json\/wp\/v2\/product_tag?post=54505"}],"curies":[{"name":"wp","href":"https:\/\/api.w.org\/{rel}","templated":true}]}}