{"id":54492,"date":"2024-07-28T11:14:11","date_gmt":"2024-07-28T11:14:11","guid":{"rendered":"https:\/\/maisonheavenly.com\/product\/celest-collier-xl\/"},"modified":"2024-09-06T15:22:13","modified_gmt":"2024-09-06T15:22:13","slug":"celxl23-npg-ch-on","status":"publish","type":"product","link":"https:\/\/maisonheavenly.com\/fr\/produit\/celxl23-npg-ch-on\/","title":{"rendered":"CELEST COLLIER XL"},"content":{"rendered":"<p>Le design Onyx CELEST, accentu\u00e9 par une ligne de diamants, symbolise la force d\u2019une union unique.<\/p>\n<p>Ensemble, ces \u00e9l\u00e9ments v\u00e9hiculent la symbolique sacr\u00e9e du chiffre 3, o\u00f9 le mouvement est empreint de myst\u00e8re et de sophistication.<\/p>\n<p>Le motif noir profond glisse le long de la cha\u00eene, m\u00e9taphore du dialogue et de la fluidit\u00e9 de la vie.<\/p>\n<p>Les tons saisissants de l&#8217;onyx apportent une \u00e9l\u00e9gance et une profondeur \u00e0 cette pi\u00e8ce.<\/p>\n<p>\u00c9l\u00e9gant et intemporel, ce pendentif sublime n&#8217;importe quelle tenue gr\u00e2ce \u00e0 son charme audacieux et captivant, ainsi que son design distinctif.<\/p>\n<p>CELXL23.NPG.CH.ON<\/p>\n<p><strong>Taille du motif\u00a0<\/strong><br \/>\nLongueur : 20 mm<br \/>\nLargeur : 10 mm<\/p>\n<p><strong>Longueur de la cha\u00eene :<\/strong> 50-48-45-42 cm<\/p>\n<p><strong>Pierres :<\/strong> 16<\/p>\n<p><strong>Poids carats :<\/strong> 0,24 ct<\/p>\n<p><em>Toutes les cr\u00e9ations de la Maison Heavenly sont enregistr\u00e9es, num\u00e9rot\u00e9es individuellement et uniques : le poids de l\u2019or, le caratage et la taille des pierres peuvent l\u00e9g\u00e8rement varier d\u2019une pi\u00e8ce \u00e0 l\u2019autre.<\/em><\/p>\n","protected":false},"excerpt":{"rendered":"<p>Or rose recycl\u00e9 750\/1000<br \/>\nOnyx &#8211; Diamants<\/p>\n","protected":false},"featured_media":55840,"comment_status":"open","ping_status":"closed","template":"","meta":[],"product_brand":[],"product_cat":[242,191,195,216,206],"product_tag":[],"class_list":{"0":"post-54492","1":"product","2":"type-product","3":"status-publish","4":"has-post-thumbnail","6":"product_cat-cadeaux-cosmiques","7":"product_cat-celest-fr","8":"product_cat-celest-colliers","9":"product_cat-colliers","10":"product_cat-nouveautes","13":"first","14":"instock","15":"taxable","16":"shipping-taxable","17":"purchasable","18":"product-type-simple"},"_links":{"self":[{"href":"https:\/\/maisonheavenly.com\/fr\/wp-json\/wp\/v2\/product\/54492","targetHints":{"allow":["GET"]}}],"collection":[{"href":"https:\/\/maisonheavenly.com\/fr\/wp-json\/wp\/v2\/product"}],"about":[{"href":"https:\/\/maisonheavenly.com\/fr\/wp-json\/wp\/v2\/types\/product"}],"replies":[{"embeddable":true,"href":"https:\/\/maisonheavenly.com\/fr\/wp-json\/wp\/v2\/comments?post=54492"}],"wp:featuredmedia":[{"embeddable":true,"href":"https:\/\/maisonheavenly.com\/fr\/wp-json\/wp\/v2\/media\/55840"}],"wp:attachment":[{"href":"https:\/\/maisonheavenly.com\/fr\/wp-json\/wp\/v2\/media?parent=54492"}],"wp:term":[{"taxonomy":"product_brand","embeddable":true,"href":"https:\/\/maisonheavenly.com\/fr\/wp-json\/wp\/v2\/product_brand?post=54492"},{"taxonomy":"product_cat","embeddable":true,"href":"https:\/\/maisonheavenly.com\/fr\/wp-json\/wp\/v2\/product_cat?post=54492"},{"taxonomy":"product_tag","embeddable":true,"href":"https:\/\/maisonheavenly.com\/fr\/wp-json\/wp\/v2\/product_tag?post=54492"}],"curies":[{"name":"wp","href":"https:\/\/api.w.org\/{rel}","templated":true}]}}