{"id":54475,"date":"2024-07-28T12:30:49","date_gmt":"2024-07-28T12:30:49","guid":{"rendered":"https:\/\/maisonheavenly.com\/product\/celest-bracelet-gm\/"},"modified":"2024-09-09T13:09:51","modified_gmt":"2024-09-09T13:09:51","slug":"celgm24-bpg-ch-po","status":"publish","type":"product","link":"https:\/\/maisonheavenly.com\/fr\/produit\/celgm24-bpg-ch-po\/","title":{"rendered":"CELEST BRACELET GM"},"content":{"rendered":"<p>Le design CELEST, en or rose et opale rose exprime la force d&#8217;une union unique.<\/p>\n<p>La vibration du chiffre sacr\u00e9 3 est le symbole du dialogue et du mouvement.<\/p>\n<p>Intemporel et \u00e9l\u00e9gant, le bracelet CELEST s\u2019adapte \u00e0 tous les styles.<\/p>\n<p>CELGM24.BPG.CH.PO<\/p>\n<p><strong>Taille du motif\u00a0<\/strong><br \/>\nLongueur : 15 mm<br \/>\nLargeur : 7,5 mm<\/p>\n<p><strong>Longueur de la cha\u00eene : <\/strong>18-17-16-15 cm<\/p>\n<p><strong>Pierres : <\/strong>1<\/p>\n<p><strong>Poids en carats :<\/strong> 0,03 ct<\/p>\n<p><em>Toutes les cr\u00e9ations de la Maison Heavenly sont enregistr\u00e9es, num\u00e9rot\u00e9es individuellement et uniques : le poids de l\u2019or, le caratage et la taille des pierres peuvent l\u00e9g\u00e8rement varier d\u2019une pi\u00e8ce \u00e0 l\u2019autre.<\/em><\/p>\n","protected":false},"excerpt":{"rendered":"<p>Or rose recycl\u00e9 750\/1000<br \/>\nOpale Rose &#8211; Diamants<\/p>\n","protected":false},"featured_media":56017,"comment_status":"open","ping_status":"closed","template":"","meta":[],"product_brand":[],"product_cat":[190,192,242,191],"product_tag":[],"class_list":{"0":"post-54475","1":"product","2":"type-product","3":"status-publish","4":"has-post-thumbnail","6":"product_cat-bracelets-fr","7":"product_cat-celest-bracelets-fr","8":"product_cat-cadeaux-cosmiques","9":"product_cat-celest-fr","12":"first","13":"instock","14":"taxable","15":"shipping-taxable","16":"purchasable","17":"product-type-simple"},"_links":{"self":[{"href":"https:\/\/maisonheavenly.com\/fr\/wp-json\/wp\/v2\/product\/54475","targetHints":{"allow":["GET"]}}],"collection":[{"href":"https:\/\/maisonheavenly.com\/fr\/wp-json\/wp\/v2\/product"}],"about":[{"href":"https:\/\/maisonheavenly.com\/fr\/wp-json\/wp\/v2\/types\/product"}],"replies":[{"embeddable":true,"href":"https:\/\/maisonheavenly.com\/fr\/wp-json\/wp\/v2\/comments?post=54475"}],"wp:featuredmedia":[{"embeddable":true,"href":"https:\/\/maisonheavenly.com\/fr\/wp-json\/wp\/v2\/media\/56017"}],"wp:attachment":[{"href":"https:\/\/maisonheavenly.com\/fr\/wp-json\/wp\/v2\/media?parent=54475"}],"wp:term":[{"taxonomy":"product_brand","embeddable":true,"href":"https:\/\/maisonheavenly.com\/fr\/wp-json\/wp\/v2\/product_brand?post=54475"},{"taxonomy":"product_cat","embeddable":true,"href":"https:\/\/maisonheavenly.com\/fr\/wp-json\/wp\/v2\/product_cat?post=54475"},{"taxonomy":"product_tag","embeddable":true,"href":"https:\/\/maisonheavenly.com\/fr\/wp-json\/wp\/v2\/product_tag?post=54475"}],"curies":[{"name":"wp","href":"https:\/\/api.w.org\/{rel}","templated":true}]}}