{"id":54472,"date":"2024-07-28T13:28:39","date_gmt":"2024-07-28T13:28:39","guid":{"rendered":"https:\/\/maisonheavenly.com\/product\/celest-bracelet-xl-6\/"},"modified":"2026-04-01T11:12:56","modified_gmt":"2026-04-01T11:12:56","slug":"celest-bracelet-xl-6","status":"publish","type":"product","link":"https:\/\/maisonheavenly.com\/fr\/produit\/celest-bracelet-xl-6\/","title":{"rendered":"CELEST BRACELET XL"},"content":{"rendered":"<p>Le motif CELEST, en platine et turquoise, symbolise la puissance d\u2019une union unique.<br \/>Le chiffre 3, symbole du dialogue et du mouvement, orne \u00e9l\u00e9gamment le poignet. <\/p>\n<p>Intemporel et polyvalent, le bracelet CELEST s\u2019adapte \u00e0 tous les styles.<\/p>\n<p>CELXL24.BWG.CO.TU<\/p>\n<p><strong>Longueur:<\/strong> 23-15cm<\/p>\n<p><em>Toutes les cr\u00e9ations de la Maison Heavenly sont enregistr\u00e9es, num\u00e9rot\u00e9es individuellement et uniques : le poids de l\u2019or, le caratage et la taille des pierres peuvent l\u00e9g\u00e8rement varier d\u2019une pi\u00e8ce \u00e0 l\u2019autre.<\/em><\/p>\n","protected":false},"excerpt":{"rendered":"<p>Platine<br \/>\nTurquoise<\/p>\n","protected":false},"featured_media":55973,"comment_status":"open","ping_status":"closed","template":"","meta":[],"product_brand":[],"product_cat":[190,192,191,215,208],"product_tag":[],"class_list":{"0":"post-54472","1":"product","2":"type-product","3":"status-publish","4":"has-post-thumbnail","6":"product_cat-bracelets-fr","7":"product_cat-celest-bracelets-fr","8":"product_cat-celest-fr","9":"product_cat-moins-de-1500","10":"product_cat-pour-lui","13":"first","14":"instock","15":"taxable","16":"shipping-taxable","17":"purchasable","18":"product-type-simple"},"_links":{"self":[{"href":"https:\/\/maisonheavenly.com\/fr\/wp-json\/wp\/v2\/product\/54472","targetHints":{"allow":["GET"]}}],"collection":[{"href":"https:\/\/maisonheavenly.com\/fr\/wp-json\/wp\/v2\/product"}],"about":[{"href":"https:\/\/maisonheavenly.com\/fr\/wp-json\/wp\/v2\/types\/product"}],"replies":[{"embeddable":true,"href":"https:\/\/maisonheavenly.com\/fr\/wp-json\/wp\/v2\/comments?post=54472"}],"wp:featuredmedia":[{"embeddable":true,"href":"https:\/\/maisonheavenly.com\/fr\/wp-json\/wp\/v2\/media\/55973"}],"wp:attachment":[{"href":"https:\/\/maisonheavenly.com\/fr\/wp-json\/wp\/v2\/media?parent=54472"}],"wp:term":[{"taxonomy":"product_brand","embeddable":true,"href":"https:\/\/maisonheavenly.com\/fr\/wp-json\/wp\/v2\/product_brand?post=54472"},{"taxonomy":"product_cat","embeddable":true,"href":"https:\/\/maisonheavenly.com\/fr\/wp-json\/wp\/v2\/product_cat?post=54472"},{"taxonomy":"product_tag","embeddable":true,"href":"https:\/\/maisonheavenly.com\/fr\/wp-json\/wp\/v2\/product_tag?post=54472"}],"curies":[{"name":"wp","href":"https:\/\/api.w.org\/{rel}","templated":true}]}}