{"id":54470,"date":"2024-07-28T13:31:12","date_gmt":"2024-07-28T13:31:12","guid":{"rendered":"https:\/\/maisonheavenly.com\/product\/celest-bracelet-xl-4\/"},"modified":"2024-12-03T08:43:27","modified_gmt":"2024-12-03T08:43:27","slug":"celxl24-bpg-co-tu","status":"publish","type":"product","link":"https:\/\/maisonheavenly.com\/fr\/produit\/celxl24-bpg-co-tu\/","title":{"rendered":"CELEST BRACELET XL"},"content":{"rendered":"<p>Le motif CELEST, en or rose bross\u00e9 et turquoise, symbolise la puissance d&#8217;une union unique.<\/p>\n<p>Le chiffre 3, repr\u00e9sentant le dialogue et le mouvement, orne le poignet avec sophistication.<\/p>\n<p>Intemporel et polyvalent, le bracelet CELEST s\u2019adapte \u00e0 tous les styles.<\/p>\n<p>CELXL24.BPG.CO.TU<\/p>\n<p><em>Toutes les cr\u00e9ations de la Maison Heavenly sont enregistr\u00e9es, num\u00e9rot\u00e9es individuellement et uniques : le poids de l\u2019or, le caratage et la taille des pierres peuvent l\u00e9g\u00e8rement varier d\u2019une pi\u00e8ce \u00e0 l\u2019autre.<\/em><\/p>\n","protected":false},"excerpt":{"rendered":"<p>Or rose recycl\u00e9 750\/1000<br \/>\nTurquoise<\/p>\n","protected":false},"featured_media":55990,"comment_status":"open","ping_status":"closed","template":"","meta":[],"product_brand":[],"product_cat":[190,192,242,191,215,208],"product_tag":[],"class_list":{"0":"post-54470","1":"product","2":"type-product","3":"status-publish","4":"has-post-thumbnail","6":"product_cat-bracelets-fr","7":"product_cat-celest-bracelets-fr","8":"product_cat-cadeaux-cosmiques","9":"product_cat-celest-fr","10":"product_cat-moins-de-1500","11":"product_cat-pour-lui","14":"first","15":"instock","16":"taxable","17":"shipping-taxable","18":"purchasable","19":"product-type-simple"},"_links":{"self":[{"href":"https:\/\/maisonheavenly.com\/fr\/wp-json\/wp\/v2\/product\/54470","targetHints":{"allow":["GET"]}}],"collection":[{"href":"https:\/\/maisonheavenly.com\/fr\/wp-json\/wp\/v2\/product"}],"about":[{"href":"https:\/\/maisonheavenly.com\/fr\/wp-json\/wp\/v2\/types\/product"}],"replies":[{"embeddable":true,"href":"https:\/\/maisonheavenly.com\/fr\/wp-json\/wp\/v2\/comments?post=54470"}],"wp:featuredmedia":[{"embeddable":true,"href":"https:\/\/maisonheavenly.com\/fr\/wp-json\/wp\/v2\/media\/55990"}],"wp:attachment":[{"href":"https:\/\/maisonheavenly.com\/fr\/wp-json\/wp\/v2\/media?parent=54470"}],"wp:term":[{"taxonomy":"product_brand","embeddable":true,"href":"https:\/\/maisonheavenly.com\/fr\/wp-json\/wp\/v2\/product_brand?post=54470"},{"taxonomy":"product_cat","embeddable":true,"href":"https:\/\/maisonheavenly.com\/fr\/wp-json\/wp\/v2\/product_cat?post=54470"},{"taxonomy":"product_tag","embeddable":true,"href":"https:\/\/maisonheavenly.com\/fr\/wp-json\/wp\/v2\/product_tag?post=54470"}],"curies":[{"name":"wp","href":"https:\/\/api.w.org\/{rel}","templated":true}]}}