{"id":54468,"date":"2024-07-28T15:20:20","date_gmt":"2024-07-28T15:20:20","guid":{"rendered":"https:\/\/maisonheavenly.com\/product\/celest-bracelet-xl-2\/"},"modified":"2024-12-03T08:43:22","modified_gmt":"2024-12-03T08:43:22","slug":"celxl24-bpg-co-ma","status":"publish","type":"product","link":"https:\/\/maisonheavenly.com\/fr\/produit\/celxl24-bpg-co-ma\/","title":{"rendered":"CELEST BRACELET XL"},"content":{"rendered":"<p>Le motif CELEST, en or rose bross\u00e9 et malachite, symbolise la force d\u2019un lien unique.<\/p>\n<p>Le chiffre sacr\u00e9 3, repr\u00e9sentant le dialogue et le mouvement, orne le poignet avec gr\u00e2ce.<\/p>\n<p>Intemporel et chic, le bracelet CELEST avec son cordon s\u2019adapte ais\u00e9ment \u00e0 tous les styles.<\/p>\n<p>CELXL24.BPG.CO.MA<\/p>\n<p><em>Toutes les cr\u00e9ations de la Maison Heavenly sont enregistr\u00e9es, num\u00e9rot\u00e9es individuellement et uniques : le poids de l\u2019or, le caratage et la taille des pierres peuvent l\u00e9g\u00e8rement varier d\u2019une pi\u00e8ce \u00e0 l\u2019autre.<\/em><\/p>\n","protected":false},"excerpt":{"rendered":"<p>Or rose recycl\u00e9 750\/1000<br \/>\nMalachite<\/p>\n","protected":false},"featured_media":53737,"comment_status":"open","ping_status":"closed","template":"","meta":[],"product_brand":[],"product_cat":[192,190,191,189,215,208],"product_tag":[],"class_list":{"0":"post-54468","1":"product","2":"type-product","3":"status-publish","4":"has-post-thumbnail","6":"product_cat-celest-bracelets-fr","7":"product_cat-bracelets-fr","8":"product_cat-celest-fr","9":"product_cat-meilleures-ventes","10":"product_cat-moins-de-1500","11":"product_cat-pour-lui","14":"first","15":"instock","16":"taxable","17":"shipping-taxable","18":"purchasable","19":"product-type-simple"},"_links":{"self":[{"href":"https:\/\/maisonheavenly.com\/fr\/wp-json\/wp\/v2\/product\/54468","targetHints":{"allow":["GET"]}}],"collection":[{"href":"https:\/\/maisonheavenly.com\/fr\/wp-json\/wp\/v2\/product"}],"about":[{"href":"https:\/\/maisonheavenly.com\/fr\/wp-json\/wp\/v2\/types\/product"}],"replies":[{"embeddable":true,"href":"https:\/\/maisonheavenly.com\/fr\/wp-json\/wp\/v2\/comments?post=54468"}],"wp:featuredmedia":[{"embeddable":true,"href":"https:\/\/maisonheavenly.com\/fr\/wp-json\/wp\/v2\/media\/53737"}],"wp:attachment":[{"href":"https:\/\/maisonheavenly.com\/fr\/wp-json\/wp\/v2\/media?parent=54468"}],"wp:term":[{"taxonomy":"product_brand","embeddable":true,"href":"https:\/\/maisonheavenly.com\/fr\/wp-json\/wp\/v2\/product_brand?post=54468"},{"taxonomy":"product_cat","embeddable":true,"href":"https:\/\/maisonheavenly.com\/fr\/wp-json\/wp\/v2\/product_cat?post=54468"},{"taxonomy":"product_tag","embeddable":true,"href":"https:\/\/maisonheavenly.com\/fr\/wp-json\/wp\/v2\/product_tag?post=54468"}],"curies":[{"name":"wp","href":"https:\/\/api.w.org\/{rel}","templated":true}]}}