{"id":54465,"date":"2024-07-28T15:48:09","date_gmt":"2024-07-28T15:48:09","guid":{"rendered":"https:\/\/maisonheavenly.com\/product\/celest-boucle-doreille-gm\/"},"modified":"2024-09-09T13:02:04","modified_gmt":"2024-09-09T13:02:04","slug":"celgm24-epg-go-ma","status":"publish","type":"product","link":"https:\/\/maisonheavenly.com\/fr\/produit\/celgm24-epg-go-ma\/","title":{"rendered":"CELEST BOUCLE D&#8217;OREILLE GM"},"content":{"rendered":"<p>Originales et chics, les boucles d\u2019oreilles CELEST Malachite et or rose, sublim\u00e9es par une ligne de diamants, symbolisent la force d\u2019un lien unique.<\/p>\n<p>Le design incarne la vibration du chiffre 3, \u00e9voquant le dialogue et le d\u00e9sir de connexion.<\/p>\n<p>\u00c9l\u00e9gantes et raffin\u00e9es, ces boucles peuvent \u00eatre port\u00e9es seules ou en duo pour un look chic et glam-rock.<\/p>\n<p>Le vert Malachite apporte une touche vivante et dynamique, pour s&#8217;associer \u00e0 chacune de vos tenues.<\/p>\n<p>Vendu \u00e0 l\u2019unit\u00e9.<\/p>\n<p>CELGM24.EPG.GO.MA<\/p>\n<p><strong>Taille du motif<\/strong><br \/>\nLongueur : 15 mm<br \/>\nLargeur : 7,5 mm<\/p>\n<p><b>1 Unit\u00e9<\/b><\/p>\n<p><strong>Pierres<\/strong> : 15<\/p>\n<p><strong>Poids en carats : <\/strong>0,13 ct<\/p>\n<p><em>Toutes les cr\u00e9ations de la Maison Heavenly sont enregistr\u00e9es, num\u00e9rot\u00e9es individuellement et uniques : le poids de l\u2019or, le caratage et la taille des pierres peuvent l\u00e9g\u00e8rement varier d\u2019une pi\u00e8ce \u00e0 l\u2019autre.<\/em><\/p>\n","protected":false},"excerpt":{"rendered":"<p>Or rose recycl\u00e9 750\/1000<br \/>\nMalachite &#8211; Diamants<\/p>\n","protected":false},"featured_media":53794,"comment_status":"open","ping_status":"closed","template":"","meta":[],"product_brand":[],"product_cat":[214,194,191,206],"product_tag":[],"class_list":{"0":"post-54465","1":"product","2":"type-product","3":"status-publish","4":"has-post-thumbnail","6":"product_cat-boucles-doreilles","7":"product_cat-celest-boucles-doreilles","8":"product_cat-celest-fr","9":"product_cat-nouveautes","12":"first","13":"instock","14":"taxable","15":"shipping-taxable","16":"purchasable","17":"product-type-simple"},"_links":{"self":[{"href":"https:\/\/maisonheavenly.com\/fr\/wp-json\/wp\/v2\/product\/54465","targetHints":{"allow":["GET"]}}],"collection":[{"href":"https:\/\/maisonheavenly.com\/fr\/wp-json\/wp\/v2\/product"}],"about":[{"href":"https:\/\/maisonheavenly.com\/fr\/wp-json\/wp\/v2\/types\/product"}],"replies":[{"embeddable":true,"href":"https:\/\/maisonheavenly.com\/fr\/wp-json\/wp\/v2\/comments?post=54465"}],"wp:featuredmedia":[{"embeddable":true,"href":"https:\/\/maisonheavenly.com\/fr\/wp-json\/wp\/v2\/media\/53794"}],"wp:attachment":[{"href":"https:\/\/maisonheavenly.com\/fr\/wp-json\/wp\/v2\/media?parent=54465"}],"wp:term":[{"taxonomy":"product_brand","embeddable":true,"href":"https:\/\/maisonheavenly.com\/fr\/wp-json\/wp\/v2\/product_brand?post=54465"},{"taxonomy":"product_cat","embeddable":true,"href":"https:\/\/maisonheavenly.com\/fr\/wp-json\/wp\/v2\/product_cat?post=54465"},{"taxonomy":"product_tag","embeddable":true,"href":"https:\/\/maisonheavenly.com\/fr\/wp-json\/wp\/v2\/product_tag?post=54465"}],"curies":[{"name":"wp","href":"https:\/\/api.w.org\/{rel}","templated":true}]}}