{"id":54464,"date":"2024-07-29T12:36:59","date_gmt":"2024-07-29T12:36:59","guid":{"rendered":"https:\/\/maisonheavenly.com\/product\/meteor-precieux-pendentif-3\/"},"modified":"2024-09-09T13:01:26","modified_gmt":"2024-09-09T13:01:26","slug":"metpr23-npg-ch-wa-1239ct-unique-piece-n0250","status":"publish","type":"product","link":"https:\/\/maisonheavenly.com\/fr\/produit\/metpr23-npg-ch-wa-1239ct-unique-piece-n0250\/","title":{"rendered":"METEOR PRECIEUX PENDENTIF"},"content":{"rendered":"<p>Le pendentif METEOR PRECIEUX Watermelon Tourmaline est un bijou au charme incomparable.<\/p>\n<p>Sa taille \u00e9meraude allong\u00e9e met en valeur ses nuances de vert luxuriant et de rose profond, incarnant l&#8217;unicit\u00e9 inh\u00e9rente de la pierre.<\/p>\n<p>Traditionnellement consid\u00e9r\u00e9e comme une pierre favorisant l\u2019\u00e9quilibre \u00e9motionnel et la paix int\u00e9rieure, cette tourmaline est souvent appel\u00e9e la pierre de la transformation joyeuse.<\/p>\n<p>Son \u00e9clat bicolore symbolise la synergie entre l\u2019amour et l\u2019\u00e9volution naturelle de la vie.<\/p>\n<p>Le style vertical \u00e9l\u00e9gant de ce pendentif sublime chaque tenue.<\/p>\n<p>METPR23.NPG.CH.WA PI\u00c8CE UNIQUE N0250 12,39ct<\/p>\n<p><strong>Longueur de la cha\u00eene<\/strong> : 45-42-40-38 cm<\/p>\n<p><strong>Pierres<\/strong> : 6 diamants<\/p>\n<p><em>Toutes les cr\u00e9ations de la Maison Heavenly sont enregistr\u00e9es, num\u00e9rot\u00e9es individuellement et uniques : le poids de l\u2019or, le caratage et la taille des pierres peuvent l\u00e9g\u00e8rement varier d\u2019une pi\u00e8ce \u00e0 l\u2019autre.<\/em><\/p>\n","protected":false},"excerpt":{"rendered":"<p>Or rose recycl\u00e9 750\/1000<br \/>\nTourmaline Watermelon<br \/>\nPrix sur demande<\/p>\n","protected":false},"featured_media":53671,"comment_status":"open","ping_status":"closed","template":"","meta":[],"product_brand":[],"product_cat":[210,212,213,198],"product_tag":[],"class_list":{"0":"post-54464","1":"product","2":"type-product","3":"status-publish","4":"has-post-thumbnail","6":"product_cat-meteor-precieux","7":"product_cat-pendentifs","8":"product_cat-pendentifs-fr","9":"product_cat-tresors-cosmiques","12":"first","13":"instock","14":"taxable","15":"shipping-taxable","16":"product-type-simple"},"_links":{"self":[{"href":"https:\/\/maisonheavenly.com\/fr\/wp-json\/wp\/v2\/product\/54464","targetHints":{"allow":["GET"]}}],"collection":[{"href":"https:\/\/maisonheavenly.com\/fr\/wp-json\/wp\/v2\/product"}],"about":[{"href":"https:\/\/maisonheavenly.com\/fr\/wp-json\/wp\/v2\/types\/product"}],"replies":[{"embeddable":true,"href":"https:\/\/maisonheavenly.com\/fr\/wp-json\/wp\/v2\/comments?post=54464"}],"wp:featuredmedia":[{"embeddable":true,"href":"https:\/\/maisonheavenly.com\/fr\/wp-json\/wp\/v2\/media\/53671"}],"wp:attachment":[{"href":"https:\/\/maisonheavenly.com\/fr\/wp-json\/wp\/v2\/media?parent=54464"}],"wp:term":[{"taxonomy":"product_brand","embeddable":true,"href":"https:\/\/maisonheavenly.com\/fr\/wp-json\/wp\/v2\/product_brand?post=54464"},{"taxonomy":"product_cat","embeddable":true,"href":"https:\/\/maisonheavenly.com\/fr\/wp-json\/wp\/v2\/product_cat?post=54464"},{"taxonomy":"product_tag","embeddable":true,"href":"https:\/\/maisonheavenly.com\/fr\/wp-json\/wp\/v2\/product_tag?post=54464"}],"curies":[{"name":"wp","href":"https:\/\/api.w.org\/{rel}","templated":true}]}}