{"id":54463,"date":"2024-07-29T12:41:58","date_gmt":"2024-07-29T12:41:58","guid":{"rendered":"https:\/\/maisonheavenly.com\/product\/meteor-precieux-pendentif-2\/"},"modified":"2024-09-09T13:00:40","modified_gmt":"2024-09-09T13:00:40","slug":"metpr23-npg-ch-wa-1603ct-unique-piece-n0251","status":"publish","type":"product","link":"https:\/\/maisonheavenly.com\/fr\/produit\/metpr23-npg-ch-wa-1603ct-unique-piece-n0251\/","title":{"rendered":"METEOR PRECIEUX PENDENTIF"},"content":{"rendered":"<div class=\"flex flex-grow flex-col max-w-full\">\n<div class=\"min-h-[20px] text-message flex w-full flex-col items-end gap-2 whitespace-pre-wrap break-words [.text-message+&amp;]:mt-5 overflow-x-auto\" dir=\"auto\" data-message-author-role=\"assistant\" data-message-id=\"de666233-df06-4f1a-ba74-007be73f8a25\">\n<div class=\"flex w-full flex-col gap-1 empty:hidden first:pt-[3px]\">\n<div class=\"markdown prose w-full break-words dark:prose-invert light\">\n<p>Le pendentif METEOR Precious Watermelon Tourmaline est un bijou au charme incomparable. Sa taille \u00e9meraude allong\u00e9e souligne la beaut\u00e9 unique de cette pierre.<\/p>\n<p>La tourmaline Watermelon est v\u00e9n\u00e9r\u00e9e pour sa capacit\u00e9 \u00e0 harmoniser les \u00e9motions et \u00e0 nourrir le c\u0153ur, symbolisant l\u2019amour et la croissance personnelle. Son allure bicolore est une m\u00e9taphore visuelle de l\u2019unit\u00e9 et de l\u2019\u00e9quilibre int\u00e9rieur.<\/p>\n<p>Le design raffin\u00e9 de ce pendentif incarne la sophistication moderne et l\u2019\u00e9l\u00e9gance intemporelle.<\/p>\n<p>Un accessoire parfait pour apporter une touche de gr\u00e2ce distinctive \u00e0 toute garde-robe.<\/p>\n<\/div>\n<\/div>\n<\/div>\n<\/div>\n<p>METPR23.NPG.CH.WA 16,03ct &#8211; PIECE UNIQUE N0251<\/p>\n<p><strong>Longueur de la chaine:<\/strong> 45-42-40-38cm<\/p>\n<p><strong>Pierres : <\/strong>6 diamants<\/p>\n<p><em>Toutes les cr\u00e9ations de la Maison Heavenly sont enregistr\u00e9es, num\u00e9rot\u00e9es individuellement et uniques : le poids de l\u2019or, le caratage et la taille des pierres peuvent l\u00e9g\u00e8rement varier d\u2019une pi\u00e8ce \u00e0 l\u2019autre.<\/em><\/p>\n","protected":false},"excerpt":{"rendered":"<p>Or rose recycl\u00e9 750\/1000<br \/>\nTourmaline Watermelon<br \/>\nPrix sur demande<\/p>\n","protected":false},"featured_media":55921,"comment_status":"open","ping_status":"closed","template":"","meta":[],"product_brand":[],"product_cat":[210,212,213,198],"product_tag":[],"class_list":{"0":"post-54463","1":"product","2":"type-product","3":"status-publish","4":"has-post-thumbnail","6":"product_cat-meteor-precieux","7":"product_cat-pendentifs","8":"product_cat-pendentifs-fr","9":"product_cat-tresors-cosmiques","12":"first","13":"instock","14":"taxable","15":"shipping-taxable","16":"product-type-simple"},"_links":{"self":[{"href":"https:\/\/maisonheavenly.com\/fr\/wp-json\/wp\/v2\/product\/54463","targetHints":{"allow":["GET"]}}],"collection":[{"href":"https:\/\/maisonheavenly.com\/fr\/wp-json\/wp\/v2\/product"}],"about":[{"href":"https:\/\/maisonheavenly.com\/fr\/wp-json\/wp\/v2\/types\/product"}],"replies":[{"embeddable":true,"href":"https:\/\/maisonheavenly.com\/fr\/wp-json\/wp\/v2\/comments?post=54463"}],"wp:featuredmedia":[{"embeddable":true,"href":"https:\/\/maisonheavenly.com\/fr\/wp-json\/wp\/v2\/media\/55921"}],"wp:attachment":[{"href":"https:\/\/maisonheavenly.com\/fr\/wp-json\/wp\/v2\/media?parent=54463"}],"wp:term":[{"taxonomy":"product_brand","embeddable":true,"href":"https:\/\/maisonheavenly.com\/fr\/wp-json\/wp\/v2\/product_brand?post=54463"},{"taxonomy":"product_cat","embeddable":true,"href":"https:\/\/maisonheavenly.com\/fr\/wp-json\/wp\/v2\/product_cat?post=54463"},{"taxonomy":"product_tag","embeddable":true,"href":"https:\/\/maisonheavenly.com\/fr\/wp-json\/wp\/v2\/product_tag?post=54463"}],"curies":[{"name":"wp","href":"https:\/\/api.w.org\/{rel}","templated":true}]}}