{"id":54985,"date":"2024-08-25T20:24:16","date_gmt":"2024-08-25T20:24:16","guid":{"rendered":"https:\/\/maisonheavenly.com\/politique-de-confidentialite\/"},"modified":"2024-09-08T12:22:03","modified_gmt":"2024-09-08T12:22:03","slug":"politique-de-confidentialite","status":"publish","type":"page","link":"https:\/\/maisonheavenly.com\/fr\/politique-de-confidentialite\/","title":{"rendered":"Politique de confidentialit\u00e9"},"content":{"rendered":"\t\t<div data-elementor-type=\"wp-page\" data-elementor-id=\"54985\" class=\"elementor elementor-54985 elementor-53893\">\n\t\t\t\t<div class=\"elementor-element elementor-element-5878270 e-flex e-con-boxed e-con e-parent\" data-id=\"5878270\" data-element_type=\"container\" data-e-type=\"container\">\n\t\t\t\t\t<div class=\"e-con-inner\">\n\t\t\t\t<div class=\"elementor-element elementor-element-60db5b8 elementor-widget elementor-widget-text-editor\" data-id=\"60db5b8\" data-element_type=\"widget\" data-e-type=\"widget\" data-widget_type=\"text-editor.default\">\n\t\t\t\t<div class=\"elementor-widget-container\">\n\t\t\t\t\t\t\t\t\t<h2>A. Introduction<\/h2>\n<p>La vie priv\u00e9e de nos visiteurs est tr\u00e8s importante pour nous, et nous nous engageons \u00e0 la prot\u00e9ger. Cette politique explique comment nous traiterons vos informations personnelles. En consentant \u00e0 l&#8217;utilisation de cookies conform\u00e9ment aux termes de cette politique lors de votre premi\u00e8re visite sur notre site Web, vous nous autorisez \u00e0 utiliser des cookies \u00e0 chaque fois que vous visitez notre site. <\/p>\n<h2>B. Credit<\/h2>\n<p>Ce document a \u00e9t\u00e9 cr\u00e9\u00e9 \u00e0 l\u2019aide d\u2019un mod\u00e8le de SEQ Legal (seqlegal.com) et modifi\u00e9 par Maison Heavenly (<a href=\"http:\/\/www.maisonhaevenly.com\/\" rel=\"nofollow noopener\" target=\"_blank\">www.maisonheavenly.com<\/a>)<\/p>\n<h2>C. Collecte d\u2019informations personnelles<\/h2>\n<p>Les types suivants d\u2019informations personnelles peuvent \u00eatre collect\u00e9es, stock\u00e9es et utilis\u00e9es :<\/p>\n<ul>\n<li>des informations sur votre ordinateur, y compris votre adresse IP, votre localisation g\u00e9ographique, le type et la version de votre navigateur, ainsi que le syst\u00e8me d&#8217;exploitation ;<\/li>\n<li>des informations sur vos visites et votre utilisation de ce site web, y compris la source de r\u00e9f\u00e9rence, la dur\u00e9e de la visite, les pages consult\u00e9es et les chemins de navigation sur le site ;<\/li>\n<li>des informations, telles que votre adresse e-mail, que vous saisissez lorsque vous vous inscrivez sur notre site web ;<\/li>\n<li>les informations que vous saisissez lorsque vous cr\u00e9ez un profil sur notre site web, telles que votre nom, vos photos de profil, votre sexe, votre date de naissance, votre statut relationnel, vos int\u00e9r\u00eats et loisirs, vos d\u00e9tails \u00e9ducatifs et professionnels ;<\/li>\n<li>les informations, telles que votre nom et votre adresse e-mail, que vous saisissez pour vous abonner \u00e0 nos e-mails et\/ou newsletters ;<\/li>\n<li>les informations que vous saisissez lorsque vous utilisez les services de notre site web ;<\/li>\n<li>les informations g\u00e9n\u00e9r\u00e9es lors de l\u2019utilisation de notre site web, y compris quand, \u00e0 quelle fr\u00e9quence et dans quelles circonstances vous l\u2019utilisez ;<\/li>\n<li>les informations relatives \u00e0 tout achat, service ou transaction effectu\u00e9s via notre site web, y compris votre nom, adresse, num\u00e9ro de t\u00e9l\u00e9phone, adresse e-mail et d\u00e9tails de carte de cr\u00e9dit ;<\/li>\n<li>les informations que vous publiez sur notre site dans l\u2019intention de les diffuser sur Internet, y compris votre nom d\u2019utilisateur, vos photos de profil et le contenu de vos publications ;<\/li>\n<li>les informations contenues dans toute communication que vous nous envoyez par e-mail ou via notre site, y compris le contenu de la communication et les m\u00e9tadonn\u00e9es ;<\/li>\n<li>toute autre information personnelle que vous nous envoyez.<br \/>Avant de nous divulguer les informations personnelles d&#8217;une autre personne, vous devez obtenir le consentement de cette personne pour la divulgation et le traitement de ces informations personnelles conform\u00e9ment \u00e0 cette politique.<\/li>\n<\/ul>\n<h2>D. Utilisation de vos informations personnelles<\/h2>\n<p>Les informations personnelles soumises via notre site web seront utilis\u00e9es aux fins sp\u00e9cifi\u00e9es dans cette politique ou sur les pages pertinentes du site. Nous pouvons utiliser vos informations personnelles pour les finalit\u00e9s suivantes : <\/p>\n<ul>\n<li>administerer notre site web et notre activit\u00e9 ;<\/li>\n<li>personnaliser notre site web pour vous ;<\/li>\n<li>permettre l&#8217;utilisation des services disponibles sur notre site web ;<\/li>\n<li>vous envoyer les produits achet\u00e9s sur notre site web ;<\/li>\n<li>fournir les services achet\u00e9s sur notre site web ;<\/li>\n<li>envoyer des relev\u00e9s, des factures, et des rappels de paiement, et collecter les paiements de votre part ;<\/li>\n<li>envoyer des relev\u00e9s, des factures, et des rappels de paiement, et collecter les paiements de votre part ;<\/li>\n<li>vous envoyer des notifications par email que vous avez express\u00e9ment demand\u00e9es ;<\/li>\n<li>vous envoyer notre newsletter par email, si vous l&#8217;avez demand\u00e9e (vous pouvez nous informer \u00e0 tout moment si vous ne souhaitez plus recevoir la newsletter) ;<\/li>\n<li>vous envoyer des communications marketing concernant notre entreprise ou les entreprises de tiers soigneusement s\u00e9lectionn\u00e9s, que nous pensons susceptibles de vous int\u00e9resser, par courrier ou, si vous y avez express\u00e9ment consenti, par email ou<\/li>\n<li>ou par des technologies similaires (vous pouvez nous informer \u00e0 tout moment si vous ne souhaitez plus recevoir de communications marketing).<\/li>\n<li>fournir \u00e0 des tiers des informations statistiques sur nos utilisateurs (mais ces tiers ne pourront pas identifier un utilisateur individuel \u00e0 partir de ces informations);<\/li>\n<li>traiter les demandes et les plaintes faites par ou \u00e0 votre sujet concernant notre site web;<\/li>\n<li>maintenir la s\u00e9curit\u00e9 de notre site web et pr\u00e9venir la fraude;<\/li>\n<li>v\u00e9rifier le respect des conditions d&#8217;utilisation de notre site web (y compris la surveillance des messages priv\u00e9s envoy\u00e9s via notre service de messagerie priv\u00e9e); et<br \/>autres utilisations.<br \/>Si vous soumettez des informations personnelles pour publication sur notre site web, nous publierons et utiliserons ces informations conform\u00e9ment \u00e0 la licence que vous nous accordez.<br \/>Vos param\u00e8tres de confidentialit\u00e9 peuvent \u00eatre utilis\u00e9s pour limiter la publication de vos informations sur notre site web et peuvent \u00eatre ajust\u00e9s \u00e0 l&#8217;aide des contr\u00f4les de confidentialit\u00e9 sur le site.<br \/>Nous ne fournirons pas, sans votre consentement expr\u00e8s, vos informations personnelles \u00e0 un tiers pour leur propre marketing direct ou celui de tout autre tiers.<\/li>\n<\/ul>\n<h2>E. Divulgation des informations personnelles<\/h2>\n<p>Nous pouvons divulguer vos informations personnelles \u00e0 l&#8217;un de nos employ\u00e9s, dirigeants, assureurs, conseillers professionnels, agents, fournisseurs ou sous-traitants dans la mesure raisonnablement n\u00e9cessaire aux fins \u00e9nonc\u00e9es dans cette politique.<br \/>Nous pouvons divulguer vos informations personnelles \u00e0 tout membre de notre groupe de soci\u00e9t\u00e9s (c&#8217;est-\u00e0-dire nos filiales, notre soci\u00e9t\u00e9 m\u00e8re ultime et toutes ses filiales) dans la mesure raisonnablement n\u00e9cessaire aux fins \u00e9nonc\u00e9es dans cette politique.<br \/>Nous pouvons divulguer vos informations personnelles :<\/p>\n<ul>\n<li>dans la mesure o\u00f9 nous y sommes tenus par la loi ;<\/li>\n<li>en relation avec des proc\u00e9dures judiciaires en cours ou potentielles ;<\/li>\n<li>afin d&#8217;\u00e9tablir, d&#8217;exercer ou de d\u00e9fendre nos droits l\u00e9gaux (y compris en fournissant des informations \u00e0 d&#8217;autres dans le cadre de la pr\u00e9vention des fraudes et de la r\u00e9duction des risques de cr\u00e9dit) ;<\/li>\n<li>au(x) acheteur(s) (ou acheteur(s) potentiel(s)) de toute entreprise ou actif que nous sommes (ou envisageons de) vendre ;<\/li>\n<li>\u00e0 toute personne que nous croyons raisonnablement pouvoir demander \u00e0 un tribunal ou \u00e0 une autre autorit\u00e9 comp\u00e9tente la divulgation de ces informations personnelles lorsque, de notre avis raisonnable, ce tribunal ou cette autorit\u00e9 serait vraisemblablement amen\u00e9(e) \u00e0 ordonner la divulgation de ces informations.<br \/>Sauf disposition contraire dans cette politique, nous ne fournirons pas vos informations personnelles \u00e0 des tiers.<\/li>\n<\/ul>\n<h2>F. Transferts internationaux de donn\u00e9es<\/h2>\n<p>Les informations que nous collectons peuvent \u00eatre stock\u00e9es, trait\u00e9es et transf\u00e9r\u00e9es entre les pays dans lesquels nous op\u00e9rons afin de nous permettre d&#8217;utiliser les informations conform\u00e9ment \u00e0 cette politique.<br \/>Les informations que nous collectons peuvent \u00eatre transf\u00e9r\u00e9es vers les pays suivants qui n&#8217;ont pas de lois sur la protection des donn\u00e9es \u00e9quivalentes \u00e0 celles en vigueur dans l&#8217;Espace \u00e9conomique europ\u00e9en : les \u00c9tats-Unis d&#8217;Am\u00e9rique, la Russie, le Japon, la Chine et l&#8217;Inde.<br \/>Les informations personnelles que vous publiez sur notre site ou soumettez pour publication sur notre site peuvent \u00eatre accessibles, via Internet, dans le monde entier. Nous ne pouvons pas emp\u00eacher l&#8217;utilisation ou le d\u00e9tournement de ces informations par d&#8217;autres.<br \/>Vous acceptez express\u00e9ment les transferts d&#8217;informations personnelles d\u00e9crits dans cette section F. <\/p>\n<h2>G. Conservation des informations personnelles<\/h2>\n<p>Cette section G d\u00e9crit nos politiques et proc\u00e9dures de conservation des donn\u00e9es, con\u00e7ues pour nous aider \u00e0 respecter nos obligations l\u00e9gales en mati\u00e8re de conservation et de suppression des informations personnelles.<br \/>Les informations personnelles que nous traitons pour un ou plusieurs objectifs ne seront pas conserv\u00e9es plus longtemps que n\u00e9cessaire pour ces objectifs.<br \/>Nonobstant les autres dispositions de cette section G, nous conserverons les documents (y compris les documents \u00e9lectroniques) contenant des donn\u00e9es personnelles :<br \/>&#8211; dans la mesure o\u00f9 la loi nous y oblige ;<br \/>&#8211; si nous estimons que les documents peuvent \u00eatre pertinents pour des proc\u00e9dures judiciaires en cours ou potentielles ; et<br \/>&#8211; afin d&#8217;\u00e9tablir, d&#8217;exercer ou de d\u00e9fendre nos droits l\u00e9gaux (y compris la fourniture d&#8217;informations \u00e0 d&#8217;autres pour des raisons de pr\u00e9vention des fraudes et de r\u00e9duction du risque de cr\u00e9dit).<\/p>\n<h2>H. S\u00e9curit\u00e9 de vos informations personnelles<\/h2>\n<p>Nous prendrons des mesures techniques et organisationnelles raisonnables pour pr\u00e9venir la perte, l&#8217;utilisation abusive ou la modification de vos informations personnelles.<br \/>Nous stockerons toutes les informations personnelles que vous fournissez sur nos serveurs s\u00e9curis\u00e9s (prot\u00e9g\u00e9s par mot de passe et pare-feu).<br \/>Toutes les transactions financi\u00e8res \u00e9lectroniques effectu\u00e9es sur notre site web seront prot\u00e9g\u00e9es par une technologie de cryptage.<br \/>Vous reconnaissez que la transmission d&#8217;informations sur Internet est intrins\u00e8quement non s\u00e9curis\u00e9e, et nous ne pouvons garantir la s\u00e9curit\u00e9 des donn\u00e9es envoy\u00e9es par Internet.<br \/>Vous \u00eates responsable de la confidentialit\u00e9 du mot de passe que vous utilisez pour acc\u00e9der \u00e0 notre site web ; nous ne vous demanderons pas votre mot de passe (sauf lorsque vous vous connectez \u00e0 notre site).<\/p>\n<h2>I. Modifications<\/h2>\n<p>Nous pouvons mettre \u00e0 jour cette politique de temps \u00e0 autre en publiant une nouvelle version sur notre site Web. Vous devriez v\u00e9rifier cette page occasionnellement pour vous assurer que vous comprenez les modifications apport\u00e9es \u00e0 cette politique. Nous pourrons vous informer des changements apport\u00e9s \u00e0 cette politique par e-mail ou via le syst\u00e8me de messagerie priv\u00e9 de notre site Web.  <\/p>\n<h2>J. Vos droits<\/h2>\n<p>Vous pouvez nous demander de vous fournir les informations personnelles que nous d\u00e9tenons \u00e0 votre sujet ; la fourniture de ces informations sera soumise aux conditions suivantes :<br \/>la pr\u00e9sentation de preuves appropri\u00e9es de votre identit\u00e9 (\u00e0 cette fin, nous accepterons g\u00e9n\u00e9ralement une photocopie de votre passeport certifi\u00e9e par un notaire ainsi qu&#8217;une copie originale d&#8217;une facture de services publics montrant votre adresse actuelle).<br \/>Nous pouvons retenir les informations personnelles que vous demandez dans la mesure permise par la loi.<br \/>Vous pouvez nous demander \u00e0 tout moment de ne pas traiter vos informations personnelles \u00e0 des fins de marketing.<br \/>En pratique, vous devrez g\u00e9n\u00e9ralement soit donner votre accord pr\u00e9alable explicite \u00e0 notre utilisation de vos informations personnelles \u00e0 des fins de marketing, soit nous vous offrirons la possibilit\u00e9 de vous opposer \u00e0 l&#8217;utilisation de vos informations personnelles \u00e0 des fins de marketing.<\/p>\n<h2>K. Sites web de tiers<\/h2>\n<p>Notre site web inclut des hyperliens vers, et des d\u00e9tails concernant, des sites web de tiers. Nous n&#8217;avons aucun contr\u00f4le sur, et ne sommes pas responsables, des politiques de confidentialit\u00e9 et des pratiques des tiers. <\/p>\n<h2>L. Mise \u00e0 jour des informations<\/h2>\n<p>Veuillez nous faire savoir si les informations personnelles que nous d\u00e9tenons vous concernant doivent \u00eatre corrig\u00e9es ou mises \u00e0 jour.<\/p>\n<h2>M. Cookies<\/h2>\n<p>Notre site utilise des cookies. Un cookie est un fichier contenant un identifiant (une cha\u00eene de lettres et de chiffres) qui est envoy\u00e9 par un serveur web \u00e0 un navigateur web et est stock\u00e9 par le navigateur. L&#8217;identifiant est ensuite renvoy\u00e9 au serveur chaque fois que le navigateur demande une page au serveur. Les cookies peuvent \u00eatre des cookies \u00ab persistants \u00bb ou des cookies \u00ab de session \u00bb : un cookie persistant sera stock\u00e9 par un navigateur web et restera valide jusqu&#8217;\u00e0 sa date d&#8217;expiration d\u00e9finie, sauf s&#8217;il est supprim\u00e9 par l&#8217;utilisateur avant cette date ; un cookie de session, en revanche, expirera \u00e0 la fin de la session de l&#8217;utilisateur, lorsque le navigateur web est ferm\u00e9. Les cookies ne contiennent g\u00e9n\u00e9ralement pas d&#8217;informations permettant d&#8217;identifier personnellement un utilisateur, mais les informations personnelles que nous stockons \u00e0 votre sujet peuvent \u00eatre li\u00e9es aux informations stock\u00e9es et obtenues \u00e0 partir des cookies.    <\/p>\n<p>Nous utilisons \u00e0 la fois des cookies de session et des cookies persistants sur notre site web.<br \/>Les noms des cookies que nous utilisons sur notre site web et les finalit\u00e9s pour lesquelles ils sont utilis\u00e9s sont les suivants :<br \/>Nous utilisons Google Analytics et Google AdWords sur notre site web pour :<br \/>&#8211; Reconna\u00eetre un ordinateur lorsqu&#8217;un utilisateur visite le site web.<br \/>&#8211; Suivre les utilisateurs lorsqu&#8217;ils naviguent sur le site web.<br \/>&#8211; Permettre l&#8217;utilisation d&#8217;un panier d&#8217;achat sur le site web.<br \/>&#8211; Am\u00e9liorer l&#8217;utilisabilit\u00e9 du site web.<br \/>&#8211; Analyser l&#8217;utilisation du site web.<br \/>&#8211; Administrer le site web.<br \/>&#8211; Pr\u00e9venir les fraudes et am\u00e9liorer la s\u00e9curit\u00e9 du site web.<br \/>&#8211; Personnaliser le site web pour chaque utilisateur.<br \/>&#8211; Cibler les publicit\u00e9s susceptibles d&#8217;int\u00e9resser des utilisateurs sp\u00e9cifiques.<br \/>La plupart des navigateurs permettent de refuser l&#8217;acceptation des cookies, par exemple :<br \/>dans Internet Explorer (version 10), vous pouvez bloquer les cookies en utilisant les param\u00e8tres de gestion des cookies disponibles en cliquant sur \u00ab Outils \u00bb, \u00ab Options Internet \u00bb, \u00ab Confidentialit\u00e9 \u00bb, puis \u00ab Avanc\u00e9 \u00bb ;<br \/>dans Firefox (version 24), vous pouvez bloquer tous les cookies en cliquant sur \u00ab Outils \u00bb, \u00ab Options \u00bb, \u00ab Vie priv\u00e9e \u00bb, en s\u00e9lectionnant \u00ab Utiliser les param\u00e8tres personnalis\u00e9s pour l\u2019historique \u00bb dans le menu d\u00e9roulant, et en d\u00e9cochant \u00ab Accepter les cookies des sites \u00bb ;<br \/>dans Chrome (version 29), vous pouvez bloquer tous les cookies en acc\u00e9dant au menu \u00ab Personnaliser et contr\u00f4ler \u00bb, puis en cliquant sur \u00ab Param\u00e8tres \u00bb, \u00ab Afficher les param\u00e8tres avanc\u00e9s \u00bb, \u00ab Param\u00e8tres du contenu \u00bb, et en s\u00e9lectionnant \u00ab Bloquer les sites de d\u00e9finir des donn\u00e9es \u00bb sous la rubrique \u00ab Cookies \u00bb.<br \/>Le blocage de tous les cookies aura un impact n\u00e9gatif sur l&#8217;utilisabilit\u00e9 de nombreux sites web. Si vous bloquez les cookies, vous ne pourrez pas utiliser toutes les fonctionnalit\u00e9s de notre site web. <br \/>Vous pouvez supprimer les cookies d\u00e9j\u00e0 stock\u00e9s sur votre ordinateur, par exemple :<br \/>Dans Internet Explorer (version 10), vous devez supprimer manuellement les fichiers cookies (vous pouvez trouver les instructions pour le faire sur (http:\/\/support.microsoft.com\/kb\/278835)).<br \/>Dans Firefox (version 24), vous pouvez supprimer les cookies en cliquant sur \u201cOutils,\u201d \u201cOptions,\u201d et \u201cVie priv\u00e9e\u201d, puis en s\u00e9lectionnant \u201cUtiliser des param\u00e8tres personnalis\u00e9s pour l\u2019historique\u201d, en cliquant sur \u201cAfficher les cookies,\u201d et enfin en cliquant sur \u201cSupprimer tous les cookies.\u201d<br \/>Dans Chrome (version 29), vous pouvez supprimer tous les cookies en acc\u00e9dant au menu \u201cPersonnaliser et contr\u00f4ler,\u201d puis en cliquant sur \u201cParam\u00e8tres,\u201d \u201cAfficher les param\u00e8tres avanc\u00e9s,\u201d et \u201cEffacer les donn\u00e9es de navigation,\u201d puis en s\u00e9lectionnant \u201cSupprimer les cookies et autres donn\u00e9es de sites et de modules\u201d avant de cliquer sur \u201cEffacer les donn\u00e9es de navigation.\u201d<br \/>Supprimer les cookies aura un impact n\u00e9gatif sur l&#8217;utilisation de nombreux sites web.<\/p>\n\t\t\t\t\t\t\t\t<\/div>\n\t\t\t\t<\/div>\n\t\t\t\t\t<\/div>\n\t\t\t\t<\/div>\n\t\t\t\t<\/div>\n\t\t","protected":false},"excerpt":{"rendered":"<p>A. Introduction La vie priv\u00e9e de nos visiteurs est tr\u00e8s importante pour nous, et nous nous engageons \u00e0 la prot\u00e9ger. Cette politique explique comment nous traiterons vos informations personnelles. En consentant \u00e0 l&#8217;utilisation de cookies conform\u00e9ment aux termes de cette politique lors de votre premi\u00e8re visite sur notre site Web, vous nous autorisez \u00e0 utiliser [&hellip;]<\/p>\n","protected":false},"author":541,"featured_media":0,"parent":0,"menu_order":0,"comment_status":"closed","ping_status":"closed","template":"page-templates\/homepage.php","meta":{"footnotes":""},"class_list":["post-54985","page","type-page","status-publish","hentry"],"_links":{"self":[{"href":"https:\/\/maisonheavenly.com\/fr\/wp-json\/wp\/v2\/pages\/54985","targetHints":{"allow":["GET"]}}],"collection":[{"href":"https:\/\/maisonheavenly.com\/fr\/wp-json\/wp\/v2\/pages"}],"about":[{"href":"https:\/\/maisonheavenly.com\/fr\/wp-json\/wp\/v2\/types\/page"}],"author":[{"embeddable":true,"href":"https:\/\/maisonheavenly.com\/fr\/wp-json\/wp\/v2\/users\/541"}],"replies":[{"embeddable":true,"href":"https:\/\/maisonheavenly.com\/fr\/wp-json\/wp\/v2\/comments?post=54985"}],"version-history":[{"count":1,"href":"https:\/\/maisonheavenly.com\/fr\/wp-json\/wp\/v2\/pages\/54985\/revisions"}],"predecessor-version":[{"id":54986,"href":"https:\/\/maisonheavenly.com\/fr\/wp-json\/wp\/v2\/pages\/54985\/revisions\/54986"}],"wp:attachment":[{"href":"https:\/\/maisonheavenly.com\/fr\/wp-json\/wp\/v2\/media?parent=54985"}],"curies":[{"name":"wp","href":"https:\/\/api.w.org\/{rel}","templated":true}]}}