{"id":53819,"date":"2024-06-24T17:50:56","date_gmt":"2024-06-24T17:50:56","guid":{"rendered":"https:\/\/prod.maisonheavenly.com\/designs-stellaires\/"},"modified":"2024-09-06T09:18:45","modified_gmt":"2024-09-06T09:18:45","slug":"designs-stellaires","status":"publish","type":"page","link":"https:\/\/maisonheavenly.com\/fr\/designs-stellaires\/","title":{"rendered":"DESIGNS STELLAIRES"},"content":{"rendered":"\t\t<div data-elementor-type=\"wp-page\" data-elementor-id=\"53819\" class=\"elementor elementor-53819 elementor-50926\">\n\t\t\t\t<div class=\"elementor-element elementor-element-ff6928d e-con-full e-flex e-con e-parent\" data-id=\"ff6928d\" data-element_type=\"container\" data-e-type=\"container\" data-settings=\"{&quot;background_background&quot;:&quot;gradient&quot;}\">\n\t\t\t\t<div class=\"elementor-element elementor-element-f37b178 elementor-widget elementor-widget-heading\" data-id=\"f37b178\" data-element_type=\"widget\" data-e-type=\"widget\" data-widget_type=\"heading.default\">\n\t\t\t\t<div class=\"elementor-widget-container\">\n\t\t\t\t\t<h1 class=\"elementor-heading-title elementor-size-default\">DESIGNS STELLAIRES<\/h1>\t\t\t\t<\/div>\n\t\t\t\t<\/div>\n\t\t\t\t<\/div>\n\t\t<div class=\"elementor-element elementor-element-a40f619 e-con-full e-flex e-con e-parent\" data-id=\"a40f619\" data-element_type=\"container\" data-e-type=\"container\">\n\t\t\t\t<div class=\"elementor-element elementor-element-93f7a21 elementor-widget__width-inherit elementor-widget elementor-widget-image\" data-id=\"93f7a21\" data-element_type=\"widget\" data-e-type=\"widget\" data-widget_type=\"image.default\">\n\t\t\t\t<div class=\"elementor-widget-container\">\n\t\t\t\t\t\t\t\t\t\t\t\t\t\t\t<img fetchpriority=\"high\" decoding=\"async\" width=\"1883\" height=\"711\" src=\"https:\/\/maisonheavenly.com\/wp-content\/uploads\/2024\/08\/image-27.png\" class=\"attachment-full size-full wp-image-54232\" alt=\"\" \/>\t\t\t\t\t\t\t\t\t\t\t\t\t\t\t<\/div>\n\t\t\t\t<\/div>\n\t\t\t\t<\/div>\n\t\t<div class=\"elementor-element elementor-element-38d5f83 e-con-full e-flex e-con e-parent\" data-id=\"38d5f83\" data-element_type=\"container\" data-e-type=\"container\">\n\t\t<div class=\"elementor-element elementor-element-674393c e-con-full e-flex e-con e-child\" data-id=\"674393c\" data-element_type=\"container\" data-e-type=\"container\">\n\t\t<div class=\"elementor-element elementor-element-59be360 e-con-full e-flex e-con e-child\" data-id=\"59be360\" data-element_type=\"container\" data-e-type=\"container\">\n\t\t<div class=\"elementor-element elementor-element-a697f13 e-con-full e-flex e-con e-child\" data-id=\"a697f13\" data-element_type=\"container\" data-e-type=\"container\">\n\t\t\t\t<div class=\"elementor-element elementor-element-982ba4c elementor-widget elementor-widget-text-editor\" data-id=\"982ba4c\" data-element_type=\"widget\" data-e-type=\"widget\" data-widget_type=\"text-editor.default\">\n\t\t\t\t<div class=\"elementor-widget-container\">\n\t\t\t\t\t\t\t\t\t<p>L\u2019univers d\u2019Heavenly : <br \/>infini, respectueux, audacieux et intemporel<\/p>\n\t\t\t\t\t\t\t\t<\/div>\n\t\t\t\t<\/div>\n\t\t\t\t<div class=\"elementor-element elementor-element-ed83972 elementor-widget elementor-widget-text-editor\" data-id=\"ed83972\" data-element_type=\"widget\" data-e-type=\"widget\" data-widget_type=\"text-editor.default\">\n\t\t\t\t<div class=\"elementor-widget-container\">\n\t\t\t\t\t\t\t\t\t<p>Inspir\u00e9es par l&#8217;infini cosmique, les collections Heavenly se caract\u00e9risent par leurs designs en apesanteur.<br \/>Leur beaut\u00e9 graphique, leurs tailles et leurs coupes, leurs significations secr\u00e8tes, leur riche palette de couleurs appartiennent \u00e0 la signature stylistique de la maison.<br \/>Seule la personne qui, en portant Heavenly, adapte le bijou \u00e0 son caract\u00e8re.<\/p>\n\t\t\t\t\t\t\t\t<\/div>\n\t\t\t\t<\/div>\n\t\t\t\t<div class=\"elementor-element elementor-element-a5db62c elementor-align-center elementor-widget elementor-widget-bwp_button\" data-id=\"a5db62c\" data-element_type=\"widget\" data-e-type=\"widget\" data-widget_type=\"bwp_button.default\">\n\t\t\t\t<div class=\"elementor-widget-container\">\n\t\t\t\t\t\t\t<div class=\"bwp-button-widget\">\n\t\t\t<a href=\"\/fr\/toutes-les-collections\/\" class=\"bwp-button-link style_11 bwp-button\" role=\"button\">\n\t\t\t\t\t\t<span class=\"bwp-button-content-wrapper\">\n\t\t\t\t\t\t<span class=\"bwp-button-text\">D\u00e9couvrir<\/span>\n\t\t<\/span>\n\t\t\t\t\t<\/a>\n\t\t<\/div>\n\t\t\t\t\t\t<\/div>\n\t\t\t\t<\/div>\n\t\t\t\t<\/div>\n\t\t\t\t<\/div>\n\t\t\t\t<\/div>\n\t\t\t\t<\/div>\n\t\t<div class=\"elementor-element elementor-element-c7b6242 e-grid e-con-boxed e-con e-parent\" data-id=\"c7b6242\" data-element_type=\"container\" data-e-type=\"container\">\n\t\t\t\t\t<div class=\"e-con-inner\">\n\t\t\t\t<div class=\"elementor-element elementor-element-b80ea6c elementor-widget elementor-widget-image\" data-id=\"b80ea6c\" data-element_type=\"widget\" data-e-type=\"widget\" data-widget_type=\"image.default\">\n\t\t\t\t<div class=\"elementor-widget-container\">\n\t\t\t\t\t\t\t\t\t\t\t\t\t\t\t<img decoding=\"async\" width=\"512\" height=\"512\" src=\"https:\/\/maisonheavenly.com\/wp-content\/uploads\/2024\/07\/diamond-1.png\" class=\"attachment-large size-large wp-image-53583\" alt=\"\" \/>\t\t\t\t\t\t\t\t\t\t\t\t\t\t\t<\/div>\n\t\t\t\t<\/div>\n\t\t\t\t<div class=\"elementor-element elementor-element-b7c5639 elementor-widget elementor-widget-image\" data-id=\"b7c5639\" data-element_type=\"widget\" data-e-type=\"widget\" data-widget_type=\"image.default\">\n\t\t\t\t<div class=\"elementor-widget-container\">\n\t\t\t\t\t\t\t\t\t\t\t\t\t\t\t<img decoding=\"async\" width=\"512\" height=\"512\" src=\"https:\/\/maisonheavenly.com\/wp-content\/uploads\/2024\/07\/save.png\" class=\"attachment-large size-large wp-image-53582\" alt=\"\" \/>\t\t\t\t\t\t\t\t\t\t\t\t\t\t\t<\/div>\n\t\t\t\t<\/div>\n\t\t\t\t<div class=\"elementor-element elementor-element-61f7fad elementor-widget elementor-widget-image\" data-id=\"61f7fad\" data-element_type=\"widget\" data-e-type=\"widget\" data-widget_type=\"image.default\">\n\t\t\t\t<div class=\"elementor-widget-container\">\n\t\t\t\t\t\t\t\t\t\t\t\t\t\t\t<img loading=\"lazy\" decoding=\"async\" width=\"512\" height=\"512\" src=\"https:\/\/maisonheavenly.com\/wp-content\/uploads\/2024\/07\/recycle-b.png\" class=\"attachment-large size-large wp-image-53606\" alt=\"\" \/>\t\t\t\t\t\t\t\t\t\t\t\t\t\t\t<\/div>\n\t\t\t\t<\/div>\n\t\t\t\t<div class=\"elementor-element elementor-element-8c6a78b elementor-widget elementor-widget-text-editor\" data-id=\"8c6a78b\" data-element_type=\"widget\" data-e-type=\"widget\" data-widget_type=\"text-editor.default\">\n\t\t\t\t<div class=\"elementor-widget-container\">\n\t\t\t\t\t\t\t\t\t<p>Joaillier engag\u00e9<\/p>\n\t\t\t\t\t\t\t\t<\/div>\n\t\t\t\t<\/div>\n\t\t\t\t<div class=\"elementor-element elementor-element-db8ee86 elementor-widget elementor-widget-text-editor\" data-id=\"db8ee86\" data-element_type=\"widget\" data-e-type=\"widget\" data-widget_type=\"text-editor.default\">\n\t\t\t\t<div class=\"elementor-widget-container\">\n\t\t\t\t\t\t\t\t\t<p>Durable<\/p>\n\t\t\t\t\t\t\t\t<\/div>\n\t\t\t\t<\/div>\n\t\t\t\t<div class=\"elementor-element elementor-element-d20db70 elementor-widget elementor-widget-text-editor\" data-id=\"d20db70\" data-element_type=\"widget\" data-e-type=\"widget\" data-widget_type=\"text-editor.default\">\n\t\t\t\t<div class=\"elementor-widget-container\">\n\t\t\t\t\t\t\t\t\t<p>Or recycl\u00e9<\/p>\n\t\t\t\t\t\t\t\t<\/div>\n\t\t\t\t<\/div>\n\t\t\t\t\t<\/div>\n\t\t\t\t<\/div>\n\t\t\t\t<\/div>\n\t\t","protected":false},"excerpt":{"rendered":"<p>DESIGNS STELLAIRES L\u2019univers d\u2019Heavenly : infini, respectueux, audacieux et intemporel Inspir\u00e9es par l&#8217;infini cosmique, les collections Heavenly se caract\u00e9risent par leurs designs en apesanteur.Leur beaut\u00e9 graphique, leurs tailles et leurs coupes, leurs significations secr\u00e8tes, leur riche palette de couleurs appartiennent \u00e0 la signature stylistique de la maison.Seule la personne qui, en portant Heavenly, adapte le [&hellip;]<\/p>\n","protected":false},"author":1,"featured_media":0,"parent":0,"menu_order":0,"comment_status":"closed","ping_status":"closed","template":"page-templates\/homepage.php","meta":{"footnotes":""},"class_list":["post-53819","page","type-page","status-publish","hentry"],"_links":{"self":[{"href":"https:\/\/maisonheavenly.com\/fr\/wp-json\/wp\/v2\/pages\/53819","targetHints":{"allow":["GET"]}}],"collection":[{"href":"https:\/\/maisonheavenly.com\/fr\/wp-json\/wp\/v2\/pages"}],"about":[{"href":"https:\/\/maisonheavenly.com\/fr\/wp-json\/wp\/v2\/types\/page"}],"author":[{"embeddable":true,"href":"https:\/\/maisonheavenly.com\/fr\/wp-json\/wp\/v2\/users\/1"}],"replies":[{"embeddable":true,"href":"https:\/\/maisonheavenly.com\/fr\/wp-json\/wp\/v2\/comments?post=53819"}],"version-history":[{"count":3,"href":"https:\/\/maisonheavenly.com\/fr\/wp-json\/wp\/v2\/pages\/53819\/revisions"}],"predecessor-version":[{"id":54711,"href":"https:\/\/maisonheavenly.com\/fr\/wp-json\/wp\/v2\/pages\/53819\/revisions\/54711"}],"wp:attachment":[{"href":"https:\/\/maisonheavenly.com\/fr\/wp-json\/wp\/v2\/media?parent=53819"}],"curies":[{"name":"wp","href":"https:\/\/api.w.org\/{rel}","templated":true}]}}