{"id":53814,"date":"2024-06-24T13:08:55","date_gmt":"2024-06-24T13:08:55","guid":{"rendered":"https:\/\/prod.maisonheavenly.com\/bijoux-sur-mesure\/"},"modified":"2024-09-06T09:39:08","modified_gmt":"2024-09-06T09:39:08","slug":"bijoux-sur-mesure","status":"publish","type":"page","link":"https:\/\/maisonheavenly.com\/fr\/bijoux-sur-mesure\/","title":{"rendered":"BIJOUX SUR MESURE"},"content":{"rendered":"\t\t<div data-elementor-type=\"wp-page\" data-elementor-id=\"53814\" class=\"elementor elementor-53814 elementor-50767\">\n\t\t\t\t<div class=\"elementor-element elementor-element-4d7b4d1 e-con-full e-flex e-con e-parent\" data-id=\"4d7b4d1\" data-element_type=\"container\" data-e-type=\"container\" data-settings=\"{&quot;background_background&quot;:&quot;gradient&quot;}\">\n\t\t\t\t<div class=\"elementor-element elementor-element-5265a7a elementor-widget elementor-widget-heading\" data-id=\"5265a7a\" data-element_type=\"widget\" data-e-type=\"widget\" data-widget_type=\"heading.default\">\n\t\t\t\t<div class=\"elementor-widget-container\">\n\t\t\t\t\t<h1 class=\"elementor-heading-title elementor-size-default\">BIJOUX SUR MESURE<\/h1>\t\t\t\t<\/div>\n\t\t\t\t<\/div>\n\t\t\t\t<\/div>\n\t\t\t\t<section class=\"elementor-section elementor-top-section elementor-element elementor-element-e639efc elementor-section-full_width elementor-section-height-default elementor-section-height-default\" data-id=\"e639efc\" data-element_type=\"section\" data-e-type=\"section\">\n\t\t\t\t\t\t<div class=\"elementor-container elementor-column-gap-default\">\n\t\t\t\t\t<div class=\"elementor-column elementor-col-50 elementor-top-column elementor-element elementor-element-223290e\" data-id=\"223290e\" data-element_type=\"column\" data-e-type=\"column\" data-settings=\"{&quot;background_background&quot;:&quot;gradient&quot;}\">\n\t\t\t<div class=\"elementor-widget-wrap elementor-element-populated\">\n\t\t\t\t\t\t<div class=\"elementor-element elementor-element-c552ec7 elementor-widget__width-initial elementor-widget elementor-widget-text-editor\" data-id=\"c552ec7\" data-element_type=\"widget\" data-e-type=\"widget\" data-widget_type=\"text-editor.default\">\n\t\t\t\t<div class=\"elementor-widget-container\">\n\t\t\t\t\t\t\t\t\t<p>AVEC HEAVENLY, CR\u00c9EZ VOTRE \u00c9TOILE SUR MESURE !<\/p>\t\t\t\t\t\t\t\t<\/div>\n\t\t\t\t<\/div>\n\t\t\t\t<div class=\"elementor-element elementor-element-fdaafe5 elementor-widget__width-inherit elementor-widget elementor-widget-text-editor\" data-id=\"fdaafe5\" data-element_type=\"widget\" data-e-type=\"widget\" data-widget_type=\"text-editor.default\">\n\t\t\t\t<div class=\"elementor-widget-container\">\n\t\t\t\t\t\t\t\t\t<p>Dans le ciel, chaque \u00e9toile est unique. Heavenly est \u00e0 votre disposition pour cr\u00e9er le bijou id\u00e9al, enti\u00e8rement sur mesure.<\/p>\n\t\t\t\t\t\t\t\t<\/div>\n\t\t\t\t<\/div>\n\t\t\t\t\t<\/div>\n\t\t<\/div>\n\t\t\t\t<div class=\"elementor-column elementor-col-50 elementor-top-column elementor-element elementor-element-1663f0a\" data-id=\"1663f0a\" data-element_type=\"column\" data-e-type=\"column\">\n\t\t\t<div class=\"elementor-widget-wrap elementor-element-populated\">\n\t\t\t\t\t\t<div class=\"elementor-element elementor-element-2b7211b elementor-widget__width-initial elementor-widget elementor-widget-text-editor\" data-id=\"2b7211b\" data-element_type=\"widget\" data-e-type=\"widget\" data-widget_type=\"text-editor.default\">\n\t\t\t\t<div class=\"elementor-widget-container\">\n\t\t\t\t\t\t\t\t\t<p>DURABLE PAR EXCELLENCE<\/p>\n\t\t\t\t\t\t\t\t<\/div>\n\t\t\t\t<\/div>\n\t\t\t\t<div class=\"elementor-element elementor-element-3312a3e elementor-widget__width-inherit elementor-widget elementor-widget-text-editor\" data-id=\"3312a3e\" data-element_type=\"widget\" data-e-type=\"widget\" data-widget_type=\"text-editor.default\">\n\t\t\t\t<div class=\"elementor-widget-container\">\n\t\t\t\t\t\t\t\t\t<p>Le sur-mesure Heavenly garantit exclusivit\u00e9 et respect.<br \/>Design, choix des pierres, tout sera con\u00e7u selon vos d\u00e9sirs.<br \/>Votre cr\u00e9ation sera r\u00e9alis\u00e9e dans un atelier de joaillerie de haute qualit\u00e9 \u00e0 Gen\u00e8ve.<\/p>\n<p>Notre savoir-faire, la pr\u00e9cision de chaque geste, l\u2019attention port\u00e9e aux moindres d\u00e9tails, la d\u00e9licatesse des finitions se conjuguent \u00e0 une ex\u00e9cution savamment ma\u00eetris\u00e9e et vous offrent une cr\u00e9ation v\u00e9ritablement unique et parfaitement ajust\u00e9e.<\/p>\n\t\t\t\t\t\t\t\t<\/div>\n\t\t\t\t<\/div>\n\t\t\t\t\t<\/div>\n\t\t<\/div>\n\t\t\t\t\t<\/div>\n\t\t<\/section>\n\t\t\t\t<section class=\"elementor-section elementor-top-section elementor-element elementor-element-27fd773 elementor-section-boxed elementor-section-height-default elementor-section-height-default\" data-id=\"27fd773\" data-element_type=\"section\" data-e-type=\"section\">\n\t\t\t\t\t\t<div class=\"elementor-container elementor-column-gap-default\">\n\t\t\t\t\t<div class=\"elementor-column elementor-col-33 elementor-top-column elementor-element elementor-element-1dff9b1\" data-id=\"1dff9b1\" data-element_type=\"column\" data-e-type=\"column\">\n\t\t\t<div class=\"elementor-widget-wrap elementor-element-populated\">\n\t\t\t\t\t\t<div class=\"elementor-element elementor-element-ba5e410 elementor-position-top elementor-vertical-align-bottom elementor-view-default elementor-mobile-position-top elementor-widget elementor-widget-icon-box\" data-id=\"ba5e410\" data-element_type=\"widget\" data-e-type=\"widget\" data-widget_type=\"icon-box.default\">\n\t\t\t\t<div class=\"elementor-widget-container\">\n\t\t\t\t\t\t\t<div class=\"elementor-icon-box-wrapper bwp-icon-box-wrapper\">\n\t\t\t\t\t\t<div class=\"bwp-icon-box-icon\">\n\t\t\t\t<span class=\"elementor-icon elementor-animation-\" >\n\t\t\t\t<svg xmlns=\"http:\/\/www.w3.org\/2000\/svg\" width=\"38\" height=\"40\" viewBox=\"0 0 38 40\" fill=\"none\"><path d=\"M37.9167 7V16.4167C37.9167 17.8871 36.7204 19.0833 35.25 19.0833H29.7634C28.8345 20.8991 26.8946 21.9167 25.1666 21.9167C24.6716 21.9167 24.3492 21.3947 24.5702 20.9522C24.8664 20.3597 25.0852 19.7316 25.2212 19.0833H20.3333C18.8629 19.0833 17.6667 17.8871 17.6667 16.4167V7C17.6667 5.52958 18.8629 4.33333 20.3333 4.33333H21V3.33333C21 2.23058 20.1028 1.33333 19 1.33333H6.29967L6.93983 2.48567C7.02649 2.64152 7.15323 2.77137 7.30692 2.8618C7.46061 2.95223 7.63568 2.99994 7.814 3H14.5193C14.6961 3 14.8657 3.07024 14.9907 3.19526C15.1158 3.32029 15.186 3.48986 15.186 3.66667C15.186 3.84348 15.1158 4.01305 14.9907 4.13807C14.8657 4.2631 14.6961 4.33333 14.5193 4.33333H7.814C7.39792 4.3332 6.98943 4.22186 6.63082 4.01085C6.27221 3.79984 5.97652 3.49682 5.77433 3.13317L4.77442 1.33333H3.33333C2.23058 1.33333 1.33333 2.23058 1.33333 3.33333V36.6667C1.33333 37.7694 2.23058 38.6667 3.33333 38.6667H19C20.1028 38.6667 21 37.7694 21 36.6667V22.8333C21 22.6565 21.0702 22.487 21.1953 22.3619C21.3203 22.2369 21.4899 22.1667 21.6667 22.1667C21.8435 22.1667 22.013 22.2369 22.1381 22.3619C22.2631 22.487 22.3333 22.6565 22.3333 22.8333V36.6667C22.3333 38.5047 20.838 40 19 40H3.33333C1.49533 40 0 38.5047 0 36.6667V3.33333C0 1.49533 1.49533 0 3.33333 0H19C20.838 0 22.3333 1.49533 22.3333 3.33333V5C22.3333 5.17681 22.2631 5.34638 22.1381 5.4714C22.013 5.59643 21.8435 5.66667 21.6667 5.66667H20.3333C19.5982 5.66667 19 6.26483 19 7V16.4167C19 17.1518 19.5982 17.75 20.3333 17.75H26.0008C26.3978 17.75 26.7064 18.0952 26.6635 18.4891C26.593 19.1394 26.4516 19.78 26.2416 20.3994C27.3682 20.0578 28.2677 19.272 28.7188 18.1651C28.7688 18.0424 28.8542 17.9373 28.9642 17.8634C29.0742 17.7895 29.2037 17.75 29.3362 17.75H35.25C35.9852 17.75 36.5833 17.1518 36.5833 16.4167V7C36.5833 6.26483 35.9852 5.66667 35.25 5.66667H25.6111C25.4343 5.66667 25.2647 5.59643 25.1397 5.4714C25.0147 5.34638 24.9444 5.17681 24.9444 5C24.9444 4.82319 25.0147 4.65362 25.1397 4.5286C25.2647 4.40357 25.4343 4.33333 25.6111 4.33333H35.25C36.7204 4.33333 37.9167 5.52958 37.9167 7ZM4.41667 29.737C4.41667 29.9138 4.4869 30.0834 4.61193 30.2084C4.73695 30.3334 4.90652 30.4037 5.08333 30.4037C5.26014 30.4037 5.42971 30.3334 5.55474 30.2084C5.67976 30.0834 5.75 29.9138 5.75 29.737C5.75 27.0306 7.95175 24.8288 10.6582 24.8288H11.6752C14.3816 24.8288 16.5833 27.0306 16.5833 29.737C16.5833 29.9138 16.6536 30.0834 16.7786 30.2084C16.9036 30.3334 17.0732 30.4037 17.25 30.4037C17.4268 30.4037 17.5964 30.3334 17.7214 30.2084C17.8464 30.0834 17.9167 29.9138 17.9167 29.737C17.9167 26.2954 15.1168 23.4955 11.6752 23.4955H10.6582C7.21658 23.4955 4.41667 26.2954 4.41667 29.737ZM6.91067 18.1173C6.91067 15.9433 8.60175 13.9297 11.245 13.9297C13.5541 13.9297 15.4326 15.8082 15.4326 18.1173C15.4326 20.4263 13.5541 22.3048 11.245 22.3048C8.58942 22.3049 6.91067 20.2779 6.91067 18.1173ZM11.245 20.9716C12.8188 20.9716 14.0992 19.6912 14.0992 18.1173C14.0992 16.6647 12.9894 15.2631 11.0983 15.2631C9.52442 15.2631 8.244 16.5435 8.244 18.1173C8.244 19.57 9.35383 20.9716 11.245 20.9716ZM31.9167 12C32.0935 12 32.2631 11.9298 32.3881 11.8047C32.5131 11.6797 32.5833 11.5101 32.5833 11.3333C32.5833 11.1565 32.5131 10.987 32.3881 10.8619C32.2631 10.7369 32.0935 10.6667 31.9167 10.6667H26.8611C26.6843 10.6667 26.5147 10.7369 26.3897 10.8619C26.2647 10.987 26.1944 11.1565 26.1944 11.3333C26.1944 11.5101 26.2647 11.6797 26.3897 11.8047C26.5147 11.9298 26.6843 12 26.8611 12H31.9167ZM23.3333 12H23.6667C23.8435 12 24.013 11.9298 24.1381 11.8047C24.2631 11.6797 24.3333 11.5101 24.3333 11.3333C24.3333 11.1565 24.2631 10.987 24.1381 10.8619C24.013 10.7369 23.8435 10.6667 23.6667 10.6667H23.3333C23.1565 10.6667 22.987 10.7369 22.8619 10.8619C22.7369 10.987 22.6667 11.1565 22.6667 11.3333C22.6667 11.5101 22.7369 11.6797 22.8619 11.8047C22.987 11.9298 23.1565 12 23.3333 12Z\" fill=\"black\"><\/path><\/svg>\t\t\t\t<\/span>\n\t\t\t<\/div>\n\t\t\t\t\t\t<div class=\"elementor-icon-box-content\">\n\t\t\t\t<h3 class=\"elementor-icon-box-title\">\n\t\t\t\t\t<span  >\n\t\t\t\t\t\tLa premi\u00e8re r\u00e9union\t\t\t\t\t<\/span>\n\t\t\t\t<\/h3>\n\t\t\t\t\t\t\t\t\t<p class=\"elementor-icon-box-description\">\n\t\t\t\t\t\tLors de notre premi\u00e8re rencontre, vous nous ferez part de vos attentes concernant votre projet. Cet \u00e9change permet de d\u00e9finir les intentions et les diff\u00e9rentes \u00e9tapes de votre cr\u00e9ation. La maison c\u00e9leste devient en quelque sorte \"vos mains\".\t\t\t\t\t<\/p>\n\t\t\t\t\t\t\t<\/div>\n\t\t<\/div>\n\t\t\t\t\t\t<\/div>\n\t\t\t\t<\/div>\n\t\t\t\t\t<\/div>\n\t\t<\/div>\n\t\t\t\t<div class=\"elementor-column elementor-col-33 elementor-top-column elementor-element elementor-element-f9bddeb\" data-id=\"f9bddeb\" data-element_type=\"column\" data-e-type=\"column\">\n\t\t\t<div class=\"elementor-widget-wrap elementor-element-populated\">\n\t\t\t\t\t\t<div class=\"elementor-element elementor-element-48b97e1 elementor-position-top elementor-vertical-align-bottom elementor-view-default elementor-mobile-position-top elementor-widget elementor-widget-icon-box\" data-id=\"48b97e1\" data-element_type=\"widget\" data-e-type=\"widget\" data-widget_type=\"icon-box.default\">\n\t\t\t\t<div class=\"elementor-widget-container\">\n\t\t\t\t\t\t\t<div class=\"elementor-icon-box-wrapper bwp-icon-box-wrapper\">\n\t\t\t\t\t\t<div class=\"bwp-icon-box-icon\">\n\t\t\t\t<span class=\"elementor-icon elementor-animation-\" >\n\t\t\t\t<svg xmlns=\"http:\/\/www.w3.org\/2000\/svg\" width=\"40\" height=\"40\" viewBox=\"0 0 40 40\" fill=\"none\"><path d=\"M39.6146 9.72691L20.3062 0.0727278C20.2105 0.0248993 20.105 0 19.998 0C19.891 0 19.7854 0.0248993 19.6897 0.0727278L0.381351 9.72691C0.266719 9.78419 0.170316 9.87228 0.102958 9.9813C0.0355996 10.0903 -4.94377e-05 10.2159 1.02772e-05 10.3441V29.6525C-0.000692428 29.7812 0.0346536 29.9076 0.102048 30.0172C0.169442 30.1269 0.266193 30.2155 0.381351 30.2731L19.6897 39.9273C19.7854 39.9751 19.891 40 19.998 40C20.105 40 20.2105 39.9751 20.3062 39.9273L39.6146 30.2731C39.7297 30.2155 39.8265 30.1269 39.8939 30.0172C39.9613 29.9076 39.9966 29.7812 39.9959 29.6525V10.3441C39.996 10.2159 39.9603 10.0903 39.893 9.9813C39.8256 9.87228 39.7292 9.78419 39.6146 9.72691ZM19.998 19.2273L14.6075 16.5317L31.8374 7.37888L37.7679 10.3441L19.998 19.2273ZM9.09081 13.7734L26.3208 4.62054L30.3204 6.62033L13.0925 15.7746L9.09081 13.7734ZM8.27503 14.9078L12.4125 16.9765V22.4711L10.8313 20.8899C10.702 20.7606 10.5267 20.6879 10.3438 20.6879H8.27503V14.9078ZM19.998 1.46086L24.8057 3.862L7.57579 13.0162L2.23151 10.3441L19.998 1.46086ZM1.37918 11.4598L6.89586 14.2182V21.3774C6.89586 21.5603 6.96851 21.7357 7.09783 21.8651C7.22715 21.9944 7.40255 22.067 7.58544 22.067H10.0583L12.6146 24.6233C12.711 24.7197 12.8339 24.7854 12.9676 24.812C13.1014 24.8386 13.24 24.8249 13.366 24.7727C13.492 24.7206 13.5997 24.6322 13.6754 24.5188C13.7512 24.4054 13.7917 24.2722 13.7917 24.1358V17.6661L19.3084 20.4244V38.1909L1.37918 29.2263V11.4598ZM20.6875 38.1909V20.4244L38.6167 11.4598V29.2263L20.6875 38.1909Z\" fill=\"black\"><\/path><\/svg>\t\t\t\t<\/span>\n\t\t\t<\/div>\n\t\t\t\t\t\t<div class=\"elementor-icon-box-content\">\n\t\t\t\t<h3 class=\"elementor-icon-box-title\">\n\t\t\t\t\t<span  >\n\t\t\t\t\t\tLa d\u00e9couverte du design\t\t\t\t\t<\/span>\n\t\t\t\t<\/h3>\n\t\t\t\t\t\t\t\t\t<p class=\"elementor-icon-box-description\">\n\t\t\t\t\t\tQuelques semaines plus tard, nous vous pr\u00e9senterons des propositions de conception conformes \u00e0 vos exigences. Ce nouvel \u00e9change validera tous les aspects de votre cr\u00e9ation sur mesure. Ensuite, une simulation en 3D vous sera propos\u00e9e pour obtenir votre accord.\t\t\t\t\t<\/p>\n\t\t\t\t\t\t\t<\/div>\n\t\t<\/div>\n\t\t\t\t\t\t<\/div>\n\t\t\t\t<\/div>\n\t\t\t\t\t<\/div>\n\t\t<\/div>\n\t\t\t\t<div class=\"elementor-column elementor-col-33 elementor-top-column elementor-element elementor-element-8f5f8e7\" data-id=\"8f5f8e7\" data-element_type=\"column\" data-e-type=\"column\">\n\t\t\t<div class=\"elementor-widget-wrap elementor-element-populated\">\n\t\t\t\t\t\t<div class=\"elementor-element elementor-element-bf3ffaf elementor-position-top elementor-vertical-align-bottom elementor-view-default elementor-mobile-position-top elementor-widget elementor-widget-icon-box\" data-id=\"bf3ffaf\" data-element_type=\"widget\" data-e-type=\"widget\" data-widget_type=\"icon-box.default\">\n\t\t\t\t<div class=\"elementor-widget-container\">\n\t\t\t\t\t\t\t<div class=\"elementor-icon-box-wrapper bwp-icon-box-wrapper\">\n\t\t\t\t\t\t<div class=\"bwp-icon-box-icon\">\n\t\t\t\t<span class=\"elementor-icon elementor-animation-wobble-horizontal\" >\n\t\t\t\t<svg xmlns=\"http:\/\/www.w3.org\/2000\/svg\" width=\"41\" height=\"40\" viewBox=\"0 0 41 40\" fill=\"none\"><path d=\"M40.7018 4.21053H9.76842C9.42456 1.83158 7.38246 0 4.91228 0C2.20351 0 0 2.20351 0 4.91228V30.8772H0.0561403C0.4 33.2561 2.44211 35.0877 4.91228 35.0877H14.7368V40H34.386V35.0877H40.7018V4.21053ZM1.40351 4.91228C1.40351 2.97544 2.97544 1.40351 4.91228 1.40351C6.84912 1.40351 8.42105 2.97544 8.42105 4.91228V26.7439C7.52982 25.8316 6.28772 25.2632 4.91228 25.2632C3.53684 25.2632 2.29474 25.8316 1.40351 26.7439V4.91228ZM1.40351 30.1754C1.40351 28.2386 2.97544 26.6667 4.91228 26.6667C6.84912 26.6667 8.42105 28.2386 8.42105 30.1754C8.42105 32.1123 6.84912 33.6842 4.91228 33.6842C2.97544 33.6842 1.40351 32.1123 1.40351 30.1754ZM27.3684 25.2632H34.386V28.7719H27.3684V25.2632ZM30.7719 22.4772C30.4491 22.7439 30.0632 22.9263 29.6561 22.9965L25.6211 23.6702L26.9825 19.8175C27.1484 19.355 27.4532 18.955 27.8552 18.6724C28.2572 18.3897 28.7367 18.2382 29.2281 18.2386C29.2982 18.2386 29.3684 18.2386 29.4386 18.2456C30.0772 18.3018 30.6526 18.6035 31.0667 19.0947C31.4744 19.5831 31.6722 20.213 31.617 20.8468C31.5618 21.4805 31.258 22.0667 30.7719 22.4772ZM19.4737 23.0035C19.06 22.9331 18.6724 22.7539 18.3509 22.4842C17.9889 22.1787 17.7254 21.773 17.5936 21.3181C17.4617 20.8631 17.4675 20.3794 17.61 19.9277C17.7526 19.476 18.0256 19.0766 18.3947 18.7798C18.7638 18.483 19.2125 18.302 19.6842 18.2596C20.3228 18.2035 20.9404 18.4 21.4316 18.814C21.7544 19.0807 22 19.4316 22.1404 19.8246L23.5018 23.6772L19.4737 23.0035ZM21.7544 25.2632V28.7719H14.7368V25.2632H21.7544ZM21.7544 38.5965H16.1404V30.1754H21.7544V38.5965ZM25.9649 38.5965H23.1579V25.2632H25.9649V38.5965ZM32.9825 38.5965H27.3684V30.1754H32.9825V38.5965ZM39.2982 33.6842H34.386V30.1754H35.7895V23.8596H31.2491C31.3965 23.7684 31.5368 23.6632 31.6702 23.5509C32.4419 22.9028 32.9249 21.9749 33.013 20.971C33.1012 19.967 32.7873 18.9692 32.1404 18.1965C31.4877 17.4175 30.5684 16.9404 29.5579 16.8561C28.5474 16.7719 27.5649 17.0807 26.786 17.7333C26.2737 18.1614 25.8877 18.7158 25.6561 19.3544L24.5614 22.4561L23.4597 19.3474C23.2342 18.7198 22.8468 18.163 22.3368 17.7333C21.5651 17.0854 20.5678 16.7702 19.5638 16.857C18.5599 16.9439 17.6315 17.4256 16.9825 18.1965C16.6336 18.6128 16.378 19.099 16.2327 19.6224C16.0875 20.1457 16.056 20.6942 16.1405 21.2307C16.2249 21.7673 16.4233 22.2795 16.7222 22.733C17.0212 23.1864 17.4138 23.5706 17.8737 23.8596H13.3333V30.1754H14.7368V33.6842H8.34386C9.11513 32.9311 9.61595 31.9443 9.76842 30.8772H9.82456V5.61404H39.2982V33.6842Z\" fill=\"black\"><\/path><\/svg>\t\t\t\t<\/span>\n\t\t\t<\/div>\n\t\t\t\t\t\t<div class=\"elementor-icon-box-content\">\n\t\t\t\t<h3 class=\"elementor-icon-box-title\">\n\t\t\t\t\t<span  >\n\t\t\t\t\t\tFaire de votre r\u00eave une r\u00e9alit\u00e9\t\t\t\t\t<\/span>\n\t\t\t\t<\/h3>\n\t\t\t\t\t\t\t\t\t<p class=\"elementor-icon-box-description\">\n\t\t\t\t\t\tAu c\u0153ur de notre atelier genevois de haute joaillerie, nos artisans fa\u00e7onneront votre cr\u00e9ation, en respectant le savoir-faire traditionnel et la modernit\u00e9 des diff\u00e9rents savoir-faire.\t\t\t\t\t<\/p>\n\t\t\t\t\t\t\t<\/div>\n\t\t<\/div>\n\t\t\t\t\t\t<\/div>\n\t\t\t\t<\/div>\n\t\t\t\t\t<\/div>\n\t\t<\/div>\n\t\t\t\t\t<\/div>\n\t\t<\/section>\n\t\t\t\t<section class=\"elementor-section elementor-top-section elementor-element elementor-element-bba9741 elementor-section-boxed elementor-section-height-default elementor-section-height-default\" data-id=\"bba9741\" data-element_type=\"section\" data-e-type=\"section\" data-settings=\"{&quot;background_background&quot;:&quot;classic&quot;}\">\n\t\t\t\t\t\t<div class=\"elementor-container elementor-column-gap-default\">\n\t\t\t\t\t<div class=\"elementor-column elementor-col-100 elementor-top-column elementor-element elementor-element-c0ae94e\" data-id=\"c0ae94e\" data-element_type=\"column\" data-e-type=\"column\" data-settings=\"{&quot;background_background&quot;:&quot;gradient&quot;}\">\n\t\t\t<div class=\"elementor-widget-wrap elementor-element-populated\">\n\t\t\t\t\t\t<div class=\"elementor-element elementor-element-30f0f09 elementor-widget elementor-widget-heading\" data-id=\"30f0f09\" data-element_type=\"widget\" data-e-type=\"widget\" data-widget_type=\"heading.default\">\n\t\t\t\t<div class=\"elementor-widget-container\">\n\t\t\t\t\t<h2 class=\"elementor-heading-title elementor-size-default\">Prenons rendez-vous !<\/h2>\t\t\t\t<\/div>\n\t\t\t\t<\/div>\n\t\t\t\t<div class=\"elementor-element elementor-element-dd65aa5 elementor-widget elementor-widget-text-editor\" data-id=\"dd65aa5\" data-element_type=\"widget\" data-e-type=\"widget\" data-widget_type=\"text-editor.default\">\n\t\t\t\t<div class=\"elementor-widget-container\">\n\t\t\t\t\t\t\t\t\t<p>Cette premi\u00e8re r\u00e9union peut avoir lieu en personne, par t\u00e9l\u00e9phone ou par visioconf\u00e9rence.<\/p>\n<p>Le choix vous appartient.<\/p>\n\t\t\t\t\t\t\t\t<\/div>\n\t\t\t\t<\/div>\n\t\t\t\t<div class=\"elementor-element elementor-element-b4108eb elementor-align-center elementor-widget elementor-widget-bwp_button\" data-id=\"b4108eb\" data-element_type=\"widget\" data-e-type=\"widget\" data-widget_type=\"bwp_button.default\">\n\t\t\t\t<div class=\"elementor-widget-container\">\n\t\t\t\t\t\t\t<div class=\"bwp-button-widget\">\n\t\t\t<a href=\"mailto:hello@maisonheavenly.com\" class=\"bwp-button-link style_11 bwp-button\" role=\"button\">\n\t\t\t\t\t\t<span class=\"bwp-button-content-wrapper\">\n\t\t\t\t\t\t<span class=\"bwp-button-text\">NOUS CONTACTER<\/span>\n\t\t<\/span>\n\t\t\t\t\t<\/a>\n\t\t<\/div>\n\t\t\t\t\t\t<\/div>\n\t\t\t\t<\/div>\n\t\t\t\t\t<\/div>\n\t\t<\/div>\n\t\t\t\t\t<\/div>\n\t\t<\/section>\n\t\t<div class=\"elementor-element elementor-element-1aa80fc e-grid e-con-boxed e-con e-parent\" data-id=\"1aa80fc\" data-element_type=\"container\" data-e-type=\"container\">\n\t\t\t\t\t<div class=\"e-con-inner\">\n\t\t\t\t<div class=\"elementor-element elementor-element-3b7f8ef elementor-widget elementor-widget-image\" data-id=\"3b7f8ef\" data-element_type=\"widget\" data-e-type=\"widget\" data-widget_type=\"image.default\">\n\t\t\t\t<div class=\"elementor-widget-container\">\n\t\t\t\t\t\t\t\t\t\t\t\t\t\t\t<img fetchpriority=\"high\" decoding=\"async\" width=\"512\" height=\"512\" src=\"https:\/\/maisonheavenly.com\/wp-content\/uploads\/2024\/07\/diamond-1.png\" class=\"attachment-large size-large wp-image-53583\" alt=\"\" \/>\t\t\t\t\t\t\t\t\t\t\t\t\t\t\t<\/div>\n\t\t\t\t<\/div>\n\t\t\t\t<div class=\"elementor-element elementor-element-ede7a59 elementor-widget elementor-widget-image\" data-id=\"ede7a59\" data-element_type=\"widget\" data-e-type=\"widget\" data-widget_type=\"image.default\">\n\t\t\t\t<div class=\"elementor-widget-container\">\n\t\t\t\t\t\t\t\t\t\t\t\t\t\t\t<img decoding=\"async\" width=\"512\" height=\"512\" src=\"https:\/\/maisonheavenly.com\/wp-content\/uploads\/2024\/07\/save.png\" class=\"attachment-large size-large wp-image-53582\" alt=\"\" \/>\t\t\t\t\t\t\t\t\t\t\t\t\t\t\t<\/div>\n\t\t\t\t<\/div>\n\t\t\t\t<div class=\"elementor-element elementor-element-33cd13c elementor-widget elementor-widget-image\" data-id=\"33cd13c\" data-element_type=\"widget\" data-e-type=\"widget\" data-widget_type=\"image.default\">\n\t\t\t\t<div class=\"elementor-widget-container\">\n\t\t\t\t\t\t\t\t\t\t\t\t\t\t\t<img decoding=\"async\" width=\"512\" height=\"512\" src=\"https:\/\/maisonheavenly.com\/wp-content\/uploads\/2024\/07\/recycle-b.png\" class=\"attachment-large size-large wp-image-53606\" alt=\"\" \/>\t\t\t\t\t\t\t\t\t\t\t\t\t\t\t<\/div>\n\t\t\t\t<\/div>\n\t\t\t\t<div class=\"elementor-element elementor-element-e6860e7 elementor-widget elementor-widget-text-editor\" data-id=\"e6860e7\" data-element_type=\"widget\" data-e-type=\"widget\" data-widget_type=\"text-editor.default\">\n\t\t\t\t<div class=\"elementor-widget-container\">\n\t\t\t\t\t\t\t\t\t<p>Joaillier engag\u00e9<\/p>\n\t\t\t\t\t\t\t\t<\/div>\n\t\t\t\t<\/div>\n\t\t\t\t<div class=\"elementor-element elementor-element-2e383bf elementor-widget elementor-widget-text-editor\" data-id=\"2e383bf\" data-element_type=\"widget\" data-e-type=\"widget\" data-widget_type=\"text-editor.default\">\n\t\t\t\t<div class=\"elementor-widget-container\">\n\t\t\t\t\t\t\t\t\t<p>Durable<\/p>\n\t\t\t\t\t\t\t\t<\/div>\n\t\t\t\t<\/div>\n\t\t\t\t<div class=\"elementor-element elementor-element-08e7798 elementor-widget elementor-widget-text-editor\" data-id=\"08e7798\" data-element_type=\"widget\" data-e-type=\"widget\" data-widget_type=\"text-editor.default\">\n\t\t\t\t<div class=\"elementor-widget-container\">\n\t\t\t\t\t\t\t\t\t<p>Or recycl\u00e9<\/p>\n\t\t\t\t\t\t\t\t<\/div>\n\t\t\t\t<\/div>\n\t\t\t\t\t<\/div>\n\t\t\t\t<\/div>\n\t\t\t\t<\/div>\n\t\t","protected":false},"excerpt":{"rendered":"<p>BIJOUX SUR MESURE AVEC HEAVENLY, CR\u00c9EZ VOTRE \u00c9TOILE SUR MESURE ! Dans le ciel, chaque \u00e9toile est unique. Heavenly est \u00e0 votre disposition pour cr\u00e9er le bijou id\u00e9al, enti\u00e8rement sur mesure. DURABLE PAR EXCELLENCE Le sur-mesure Heavenly garantit exclusivit\u00e9 et respect.Design, choix des pierres, tout sera con\u00e7u selon vos d\u00e9sirs.Votre cr\u00e9ation sera r\u00e9alis\u00e9e dans un [&hellip;]<\/p>\n","protected":false},"author":1,"featured_media":0,"parent":0,"menu_order":0,"comment_status":"closed","ping_status":"closed","template":"page-templates\/homepage.php","meta":{"footnotes":""},"class_list":["post-53814","page","type-page","status-publish","hentry"],"_links":{"self":[{"href":"https:\/\/maisonheavenly.com\/fr\/wp-json\/wp\/v2\/pages\/53814","targetHints":{"allow":["GET"]}}],"collection":[{"href":"https:\/\/maisonheavenly.com\/fr\/wp-json\/wp\/v2\/pages"}],"about":[{"href":"https:\/\/maisonheavenly.com\/fr\/wp-json\/wp\/v2\/types\/page"}],"author":[{"embeddable":true,"href":"https:\/\/maisonheavenly.com\/fr\/wp-json\/wp\/v2\/users\/1"}],"replies":[{"embeddable":true,"href":"https:\/\/maisonheavenly.com\/fr\/wp-json\/wp\/v2\/comments?post=53814"}],"version-history":[{"count":12,"href":"https:\/\/maisonheavenly.com\/fr\/wp-json\/wp\/v2\/pages\/53814\/revisions"}],"predecessor-version":[{"id":54733,"href":"https:\/\/maisonheavenly.com\/fr\/wp-json\/wp\/v2\/pages\/53814\/revisions\/54733"}],"wp:attachment":[{"href":"https:\/\/maisonheavenly.com\/fr\/wp-json\/wp\/v2\/media?parent=53814"}],"curies":[{"name":"wp","href":"https:\/\/api.w.org\/{rel}","templated":true}]}}