{"id":53812,"date":"2024-06-24T17:42:09","date_gmt":"2024-06-24T17:42:09","guid":{"rendered":"https:\/\/prod.maisonheavenly.com\/beaute-sens-et-emotions\/"},"modified":"2024-09-06T09:20:41","modified_gmt":"2024-09-06T09:20:41","slug":"beaute-sens-et-emotions","status":"publish","type":"page","link":"https:\/\/maisonheavenly.com\/fr\/beaute-sens-et-emotions\/","title":{"rendered":"BEAUT\u00c9, SENS ET \u00c9MOTIONS"},"content":{"rendered":"\t\t<div data-elementor-type=\"wp-page\" data-elementor-id=\"53812\" class=\"elementor elementor-53812 elementor-50915\">\n\t\t\t\t<div class=\"elementor-element elementor-element-4802950 e-con-full e-flex e-con e-parent\" data-id=\"4802950\" data-element_type=\"container\" data-e-type=\"container\" data-settings=\"{&quot;background_background&quot;:&quot;gradient&quot;}\">\n\t\t\t\t<div class=\"elementor-element elementor-element-b6c154b elementor-widget elementor-widget-heading\" data-id=\"b6c154b\" data-element_type=\"widget\" data-e-type=\"widget\" data-widget_type=\"heading.default\">\n\t\t\t\t<div class=\"elementor-widget-container\">\n\t\t\t\t\t<h1 class=\"elementor-heading-title elementor-size-default\">BEAUT\u00c9, SENS ET \u00c9MOTIONS<\/h1>\t\t\t\t<\/div>\n\t\t\t\t<\/div>\n\t\t\t\t<\/div>\n\t\t\t\t<section class=\"elementor-section elementor-top-section elementor-element elementor-element-6cbec72 elementor-section-content-middle elementor-section-boxed elementor-section-height-default elementor-section-height-default\" data-id=\"6cbec72\" data-element_type=\"section\" data-e-type=\"section\">\n\t\t\t\t\t\t<div class=\"elementor-container elementor-column-gap-default\">\n\t\t\t\t\t<div class=\"elementor-column elementor-col-50 elementor-top-column elementor-element elementor-element-abd3dc0\" data-id=\"abd3dc0\" data-element_type=\"column\" data-e-type=\"column\">\n\t\t\t<div class=\"elementor-widget-wrap elementor-element-populated\">\n\t\t\t\t\t\t<div class=\"elementor-element elementor-element-89a1849 elementor-widget elementor-widget-heading\" data-id=\"89a1849\" data-element_type=\"widget\" data-e-type=\"widget\" data-widget_type=\"heading.default\">\n\t\t\t\t<div class=\"elementor-widget-container\">\n\t\t\t\t\t<h2 class=\"elementor-heading-title elementor-size-default\">Le savoir-faire traditionnel exigeant de Heavenly, <br>toujours tourn\u00e9 vers l'innovation<\/h2>\t\t\t\t<\/div>\n\t\t\t\t<\/div>\n\t\t\t\t<div class=\"elementor-element elementor-element-40e738c elementor-widget elementor-widget-text-editor\" data-id=\"40e738c\" data-element_type=\"widget\" data-e-type=\"widget\" data-widget_type=\"text-editor.default\">\n\t\t\t\t<div class=\"elementor-widget-container\">\n\t\t\t\t\t\t\t\t\t<p>La force d\u2019attraction po\u00e9tique de Heavenly associe la virtuosit\u00e9 c\u00e9leste de ses dessins au savoir-faire traditionnel. Ces v\u00e9ritables cr\u00e9ations joailli\u00e8res liant beaut\u00e9, sens et \u00e9motions sont ergonomiques, confortables \u00e0 porter, douces sur la peau et respectueuses de la plan\u00e8te.<\/p>\n<p>Par la caresse du m\u00e9tal pr\u00e9cieux sur la peau, l\u2019\u00e9clat du sertissage stellaire, l\u2019accumulation des bracelets ou des colliers, Heavenly offre une exp\u00e9rience poly-sensorielle alliant les sens, les sensations et les all\u00e9gories, soulign\u00e9e d\u2019une touche contemporaine.<\/p>\n\t\t\t\t\t\t\t\t<\/div>\n\t\t\t\t<\/div>\n\t\t\t\t<div class=\"elementor-element elementor-element-9347c74 elementor-widget elementor-widget-heading\" data-id=\"9347c74\" data-element_type=\"widget\" data-e-type=\"widget\" data-widget_type=\"heading.default\">\n\t\t\t\t<div class=\"elementor-widget-container\">\n\t\t\t\t\t<h2 class=\"elementor-heading-title elementor-size-default\">Heavenly a imagin\u00e9 une galaxie de cr\u00e9ations joailli\u00e8res \u00e9l\u00e9gantes et minimalistes<br>Celest, Meteor  Saturn<\/h2>\t\t\t\t<\/div>\n\t\t\t\t<\/div>\n\t\t\t\t<div class=\"elementor-element elementor-element-599f10b elementor-align-center elementor-widget elementor-widget-bwp_button\" data-id=\"599f10b\" data-element_type=\"widget\" data-e-type=\"widget\" data-widget_type=\"bwp_button.default\">\n\t\t\t\t<div class=\"elementor-widget-container\">\n\t\t\t\t\t\t\t<div class=\"bwp-button-widget\">\n\t\t\t<a href=\"\/fr\/toutes-les-collections\" class=\"bwp-button-link style_11 bwp-button\" role=\"button\">\n\t\t\t\t\t\t<span class=\"bwp-button-content-wrapper\">\n\t\t\t\t\t\t<span class=\"bwp-button-text\">D\u00e9couvrir<\/span>\n\t\t<\/span>\n\t\t\t\t\t<\/a>\n\t\t<\/div>\n\t\t\t\t\t\t<\/div>\n\t\t\t\t<\/div>\n\t\t\t\t\t<\/div>\n\t\t<\/div>\n\t\t\t\t<div class=\"elementor-column elementor-col-50 elementor-top-column elementor-element elementor-element-039da97\" data-id=\"039da97\" data-element_type=\"column\" data-e-type=\"column\">\n\t\t\t<div class=\"elementor-widget-wrap elementor-element-populated\">\n\t\t\t\t\t\t<div class=\"elementor-element elementor-element-11157dd elementor-widget__width-initial elementor-widget elementor-widget-image\" data-id=\"11157dd\" data-element_type=\"widget\" data-e-type=\"widget\" data-widget_type=\"image.default\">\n\t\t\t\t<div class=\"elementor-widget-container\">\n\t\t\t\t\t\t\t\t\t\t\t\t\t\t\t<img fetchpriority=\"high\" decoding=\"async\" width=\"703\" height=\"800\" src=\"https:\/\/maisonheavenly.com\/wp-content\/uploads\/2024\/06\/collection-saturn-2.png\" class=\"attachment-medium_large size-medium_large wp-image-53551\" alt=\"\" \/>\t\t\t\t\t\t\t\t\t\t\t\t\t\t\t<\/div>\n\t\t\t\t<\/div>\n\t\t\t\t\t<\/div>\n\t\t<\/div>\n\t\t\t\t\t<\/div>\n\t\t<\/section>\n\t\t<div class=\"elementor-element elementor-element-fb3e256 e-grid e-con-boxed e-con e-parent\" data-id=\"fb3e256\" data-element_type=\"container\" data-e-type=\"container\">\n\t\t\t\t\t<div class=\"e-con-inner\">\n\t\t\t\t<div class=\"elementor-element elementor-element-9e330f1 elementor-widget elementor-widget-image\" data-id=\"9e330f1\" data-element_type=\"widget\" data-e-type=\"widget\" data-widget_type=\"image.default\">\n\t\t\t\t<div class=\"elementor-widget-container\">\n\t\t\t\t\t\t\t\t\t\t\t\t\t\t\t<img decoding=\"async\" width=\"512\" height=\"512\" src=\"https:\/\/maisonheavenly.com\/wp-content\/uploads\/2024\/07\/diamond-1.png\" class=\"attachment-large size-large wp-image-53583\" alt=\"\" \/>\t\t\t\t\t\t\t\t\t\t\t\t\t\t\t<\/div>\n\t\t\t\t<\/div>\n\t\t\t\t<div class=\"elementor-element elementor-element-9b0dd9f elementor-widget elementor-widget-image\" data-id=\"9b0dd9f\" data-element_type=\"widget\" data-e-type=\"widget\" data-widget_type=\"image.default\">\n\t\t\t\t<div class=\"elementor-widget-container\">\n\t\t\t\t\t\t\t\t\t\t\t\t\t\t\t<img decoding=\"async\" width=\"512\" height=\"512\" src=\"https:\/\/maisonheavenly.com\/wp-content\/uploads\/2024\/07\/save.png\" class=\"attachment-large size-large wp-image-53582\" alt=\"\" \/>\t\t\t\t\t\t\t\t\t\t\t\t\t\t\t<\/div>\n\t\t\t\t<\/div>\n\t\t\t\t<div class=\"elementor-element elementor-element-efb7cbd elementor-widget elementor-widget-image\" data-id=\"efb7cbd\" data-element_type=\"widget\" data-e-type=\"widget\" data-widget_type=\"image.default\">\n\t\t\t\t<div class=\"elementor-widget-container\">\n\t\t\t\t\t\t\t\t\t\t\t\t\t\t\t<img loading=\"lazy\" decoding=\"async\" width=\"512\" height=\"512\" src=\"https:\/\/maisonheavenly.com\/wp-content\/uploads\/2024\/07\/recycle-b.png\" class=\"attachment-large size-large wp-image-53606\" alt=\"\" \/>\t\t\t\t\t\t\t\t\t\t\t\t\t\t\t<\/div>\n\t\t\t\t<\/div>\n\t\t\t\t<div class=\"elementor-element elementor-element-4111dc6 elementor-widget elementor-widget-text-editor\" data-id=\"4111dc6\" data-element_type=\"widget\" data-e-type=\"widget\" data-widget_type=\"text-editor.default\">\n\t\t\t\t<div class=\"elementor-widget-container\">\n\t\t\t\t\t\t\t\t\t<p>Joaillier engag\u00e9<\/p>\n\t\t\t\t\t\t\t\t<\/div>\n\t\t\t\t<\/div>\n\t\t\t\t<div class=\"elementor-element elementor-element-66f4af9 elementor-widget elementor-widget-text-editor\" data-id=\"66f4af9\" data-element_type=\"widget\" data-e-type=\"widget\" data-widget_type=\"text-editor.default\">\n\t\t\t\t<div class=\"elementor-widget-container\">\n\t\t\t\t\t\t\t\t\t<p>Durable<\/p>\n\t\t\t\t\t\t\t\t<\/div>\n\t\t\t\t<\/div>\n\t\t\t\t<div class=\"elementor-element elementor-element-6deeea9 elementor-widget elementor-widget-text-editor\" data-id=\"6deeea9\" data-element_type=\"widget\" data-e-type=\"widget\" data-widget_type=\"text-editor.default\">\n\t\t\t\t<div class=\"elementor-widget-container\">\n\t\t\t\t\t\t\t\t\t<p>Or recycl\u00e9<\/p>\n\t\t\t\t\t\t\t\t<\/div>\n\t\t\t\t<\/div>\n\t\t\t\t\t<\/div>\n\t\t\t\t<\/div>\n\t\t\t\t<\/div>\n\t\t","protected":false},"excerpt":{"rendered":"<p>BEAUT\u00c9, SENS ET \u00c9MOTIONS Le savoir-faire traditionnel exigeant de Heavenly, toujours tourn\u00e9 vers l&#8217;innovation La force d\u2019attraction po\u00e9tique de Heavenly associe la virtuosit\u00e9 c\u00e9leste de ses dessins au savoir-faire traditionnel. Ces v\u00e9ritables cr\u00e9ations joailli\u00e8res liant beaut\u00e9, sens et \u00e9motions sont ergonomiques, confortables \u00e0 porter, douces sur la peau et respectueuses de la plan\u00e8te. Par la [&hellip;]<\/p>\n","protected":false},"author":1,"featured_media":0,"parent":0,"menu_order":0,"comment_status":"closed","ping_status":"closed","template":"page-templates\/homepage.php","meta":{"footnotes":""},"class_list":["post-53812","page","type-page","status-publish","hentry"],"_links":{"self":[{"href":"https:\/\/maisonheavenly.com\/fr\/wp-json\/wp\/v2\/pages\/53812","targetHints":{"allow":["GET"]}}],"collection":[{"href":"https:\/\/maisonheavenly.com\/fr\/wp-json\/wp\/v2\/pages"}],"about":[{"href":"https:\/\/maisonheavenly.com\/fr\/wp-json\/wp\/v2\/types\/page"}],"author":[{"embeddable":true,"href":"https:\/\/maisonheavenly.com\/fr\/wp-json\/wp\/v2\/users\/1"}],"replies":[{"embeddable":true,"href":"https:\/\/maisonheavenly.com\/fr\/wp-json\/wp\/v2\/comments?post=53812"}],"version-history":[{"count":3,"href":"https:\/\/maisonheavenly.com\/fr\/wp-json\/wp\/v2\/pages\/53812\/revisions"}],"predecessor-version":[{"id":54714,"href":"https:\/\/maisonheavenly.com\/fr\/wp-json\/wp\/v2\/pages\/53812\/revisions\/54714"}],"wp:attachment":[{"href":"https:\/\/maisonheavenly.com\/fr\/wp-json\/wp\/v2\/media?parent=53812"}],"curies":[{"name":"wp","href":"https:\/\/api.w.org\/{rel}","templated":true}]}}